{"id":1014,"date":"2024-08-14T02:28:56","date_gmt":"2024-08-14T00:28:56","guid":{"rendered":"https:\/\/www.bintoufaitout.com\/index.php\/produit\/lot-2-plateaux-rectangulaires-2\/"},"modified":"2025-08-19T17:07:43","modified_gmt":"2025-08-19T15:07:43","slug":"lot-2-plateaux-rectangulaires-2","status":"publish","type":"product","link":"https:\/\/www.bintoufaitout.com\/index.php\/produit\/lot-2-plateaux-rectangulaires-2\/","title":{"rendered":"Lot 2 plateaux rectangulaires"},"content":{"rendered":"<p>Lot 2 plateaux plastique r\u00e9sistant transparent  dor\u00e9e avec un bon maintient au niveau des poign\u00e9es<\/p>\n<p>Id\u00e9al pour servir vos fruits,th\u00e9,boissons,caf\u00e9&#8230;<\/p>\n","protected":false},"excerpt":{"rendered":"<p>Lot 2 plateaux plastique r\u00e9sistant transparent dor\u00e9e avec un bon maintient au niveau des poign\u00e9es Id\u00e9al pour servir vos fruits,th\u00e9,boissons,caf\u00e9&#8230;<\/p>\n","protected":false},"featured_media":1023,"comment_status":"open","ping_status":"closed","template":"","meta":[],"product_brand":[],"product_cat":[58],"product_tag":[],"class_list":{"0":"post-1014","1":"product","2":"type-product","3":"status-publish","4":"has-post-thumbnail","6":"product_cat-linges-de-lit","8":"first","9":"outofstock","10":"shipping-taxable","11":"purchasable","12":"product-type-simple"},"jetpack_sharing_enabled":true,"_links":{"self":[{"href":"https:\/\/www.bintoufaitout.com\/index.php\/wp-json\/wp\/v2\/product\/1014","targetHints":{"allow":["GET"]}}],"collection":[{"href":"https:\/\/www.bintoufaitout.com\/index.php\/wp-json\/wp\/v2\/product"}],"about":[{"href":"https:\/\/www.bintoufaitout.com\/index.php\/wp-json\/wp\/v2\/types\/product"}],"replies":[{"embeddable":true,"href":"https:\/\/www.bintoufaitout.com\/index.php\/wp-json\/wp\/v2\/comments?post=1014"}],"wp:featuredmedia":[{"embeddable":true,"href":"https:\/\/www.bintoufaitout.com\/index.php\/wp-json\/wp\/v2\/media\/1023"}],"wp:attachment":[{"href":"https:\/\/www.bintoufaitout.com\/index.php\/wp-json\/wp\/v2\/media?parent=1014"}],"wp:term":[{"taxonomy":"product_brand","embeddable":true,"href":"https:\/\/www.bintoufaitout.com\/index.php\/wp-json\/wp\/v2\/product_brand?post=1014"},{"taxonomy":"product_cat","embeddable":true,"href":"https:\/\/www.bintoufaitout.com\/index.php\/wp-json\/wp\/v2\/product_cat?post=1014"},{"taxonomy":"product_tag","embeddable":true,"href":"https:\/\/www.bintoufaitout.com\/index.php\/wp-json\/wp\/v2\/product_tag?post=1014"}],"curies":[{"name":"wp","href":"https:\/\/api.w.org\/{rel}","templated":true}]}}