{"id":1019,"date":"2024-08-14T22:40:02","date_gmt":"2024-08-14T20:40:02","guid":{"rendered":"https:\/\/www.bintoufaitout.com\/index.php\/produit\/lot-3-faitouts-20-24-28cm\/"},"modified":"2026-01-08T14:14:43","modified_gmt":"2026-01-08T13:14:43","slug":"lot-3-faitouts-20-24-28cm","status":"publish","type":"product","link":"https:\/\/www.bintoufaitout.com\/index.php\/produit\/lot-3-faitouts-20-24-28cm\/","title":{"rendered":"Lot 3 faitouts 20\/24\/28cm"},"content":{"rendered":"<p>Lot 3 faitouts pierres 20\/24\/28cm tous feux dont induction vont \u00e9galement au four<\/p>\n<p>Greblon C2 sans pfoa<\/p>\n<p>Anti adh\u00e9rent facile \u00e0 nettoyer<\/p>\n<p>Passe \u00e9galement au lave vaisselle<\/p>\n<p>2,5 litres<\/p>\n<p>4,7 litres<\/p>\n<p>7 litres<\/p>\n","protected":false},"excerpt":{"rendered":"<p>Lot 3 faitouts pierres 20\/24\/28cm tous feux dont induction vont \u00e9galement au four Greblon C2 sans pfoa Anti adh\u00e9rent facile \u00e0 nettoyer Passe \u00e9galement au lave vaisselle 2,5 litres 4,7 litres 7 litres<\/p>\n","protected":false},"featured_media":2115,"comment_status":"open","ping_status":"closed","template":"","meta":[],"product_brand":[],"product_cat":[58],"product_tag":[],"class_list":{"0":"post-1019","1":"product","2":"type-product","3":"status-publish","4":"has-post-thumbnail","6":"product_cat-linges-de-lit","8":"first","9":"instock","10":"sale","11":"shipping-taxable","12":"purchasable","13":"product-type-simple"},"jetpack_sharing_enabled":true,"_links":{"self":[{"href":"https:\/\/www.bintoufaitout.com\/index.php\/wp-json\/wp\/v2\/product\/1019","targetHints":{"allow":["GET"]}}],"collection":[{"href":"https:\/\/www.bintoufaitout.com\/index.php\/wp-json\/wp\/v2\/product"}],"about":[{"href":"https:\/\/www.bintoufaitout.com\/index.php\/wp-json\/wp\/v2\/types\/product"}],"replies":[{"embeddable":true,"href":"https:\/\/www.bintoufaitout.com\/index.php\/wp-json\/wp\/v2\/comments?post=1019"}],"wp:featuredmedia":[{"embeddable":true,"href":"https:\/\/www.bintoufaitout.com\/index.php\/wp-json\/wp\/v2\/media\/2115"}],"wp:attachment":[{"href":"https:\/\/www.bintoufaitout.com\/index.php\/wp-json\/wp\/v2\/media?parent=1019"}],"wp:term":[{"taxonomy":"product_brand","embeddable":true,"href":"https:\/\/www.bintoufaitout.com\/index.php\/wp-json\/wp\/v2\/product_brand?post=1019"},{"taxonomy":"product_cat","embeddable":true,"href":"https:\/\/www.bintoufaitout.com\/index.php\/wp-json\/wp\/v2\/product_cat?post=1019"},{"taxonomy":"product_tag","embeddable":true,"href":"https:\/\/www.bintoufaitout.com\/index.php\/wp-json\/wp\/v2\/product_tag?post=1019"}],"curies":[{"name":"wp","href":"https:\/\/api.w.org\/{rel}","templated":true}]}}