{"id":1045,"date":"2024-08-31T14:49:08","date_gmt":"2024-08-31T12:49:08","guid":{"rendered":"https:\/\/www.bintoufaitout.com\/index.php\/produit\/cocote-minute-pierre-11l\/"},"modified":"2025-09-10T15:15:55","modified_gmt":"2025-09-10T13:15:55","slug":"cocote-minute-pierre-11l","status":"publish","type":"product","link":"https:\/\/www.bintoufaitout.com\/index.php\/produit\/cocote-minute-pierre-11l\/","title":{"rendered":"Cocote minute pierre 10l"},"content":{"rendered":"<p>Le bon choix pour des repas sains et d\u00e9licieux, rapide et facile. Cuit de 3 \u00e0 10 fois plus rapidement que les m\u00e9thodes de cuisson ordinaires \u2013 encore plus rapide qu\u2019un micro-ondes pour de nombreux aliments. Le poulet, le poisson, la viande et les l\u00e9gumes cuisent rapidement \u00e0 la perfection. Aide \u00e0 tendre des coupes de viande \u00e9conomiques. Aluminium et pierre lisse &nbsp;pour un chauffage rapide et uniforme. Fonctionne sur des gammes r\u00e9guli\u00e8res et lisses. Le r\u00e9gulateur de pression maintient automatiquement la pression de cuisson correcte. L\u2019indicateur de verrouillage du couvercle indique qu\u2019il y a une pression dans la plage et emp\u00eache le couvercle de s\u2019ouvrir jusqu\u2019\u00e0 ce que la pression soit r\u00e9duite de mani\u00e8re s\u00fbre.Tous feux dont induction<br \/>\nCapacit\u00e9 10 litres<\/p>\n","protected":false},"excerpt":{"rendered":"<p>Le bon choix pour des repas sains et d\u00e9licieux, rapide et facile. Cuit de 3 \u00e0 10 fois plus rapidement que les m\u00e9thodes de cuisson ordinaires \u2013 encore plus rapide qu\u2019un micro-ondes pour de nombreux aliments. Le poulet, le poisson, la viande et les l\u00e9gumes cuisent rapidement \u00e0 la perfection. Aide \u00e0 tendre des coupes [&hellip;]<\/p>\n","protected":false},"featured_media":1041,"comment_status":"open","ping_status":"closed","template":"","meta":[],"product_brand":[],"product_cat":[58],"product_tag":[],"class_list":{"0":"post-1045","1":"product","2":"type-product","3":"status-publish","4":"has-post-thumbnail","6":"product_cat-linges-de-lit","8":"first","9":"outofstock","10":"shipping-taxable","11":"purchasable","12":"product-type-simple"},"jetpack_sharing_enabled":true,"_links":{"self":[{"href":"https:\/\/www.bintoufaitout.com\/index.php\/wp-json\/wp\/v2\/product\/1045","targetHints":{"allow":["GET"]}}],"collection":[{"href":"https:\/\/www.bintoufaitout.com\/index.php\/wp-json\/wp\/v2\/product"}],"about":[{"href":"https:\/\/www.bintoufaitout.com\/index.php\/wp-json\/wp\/v2\/types\/product"}],"replies":[{"embeddable":true,"href":"https:\/\/www.bintoufaitout.com\/index.php\/wp-json\/wp\/v2\/comments?post=1045"}],"wp:featuredmedia":[{"embeddable":true,"href":"https:\/\/www.bintoufaitout.com\/index.php\/wp-json\/wp\/v2\/media\/1041"}],"wp:attachment":[{"href":"https:\/\/www.bintoufaitout.com\/index.php\/wp-json\/wp\/v2\/media?parent=1045"}],"wp:term":[{"taxonomy":"product_brand","embeddable":true,"href":"https:\/\/www.bintoufaitout.com\/index.php\/wp-json\/wp\/v2\/product_brand?post=1045"},{"taxonomy":"product_cat","embeddable":true,"href":"https:\/\/www.bintoufaitout.com\/index.php\/wp-json\/wp\/v2\/product_cat?post=1045"},{"taxonomy":"product_tag","embeddable":true,"href":"https:\/\/www.bintoufaitout.com\/index.php\/wp-json\/wp\/v2\/product_tag?post=1045"}],"curies":[{"name":"wp","href":"https:\/\/api.w.org\/{rel}","templated":true}]}}