{"id":1063,"date":"2024-09-01T01:28:29","date_gmt":"2024-08-31T23:28:29","guid":{"rendered":"https:\/\/www.bintoufaitout.com\/index.php\/produit\/couscoussier-inox-8-litres\/"},"modified":"2026-03-09T00:45:01","modified_gmt":"2026-03-08T23:45:01","slug":"couscoussier-inox-8-litres","status":"publish","type":"product","link":"https:\/\/www.bintoufaitout.com\/index.php\/produit\/couscoussier-inox-8-litres\/","title":{"rendered":"Couscoussier inox 8 litres"},"content":{"rendered":"<p>Certifi\u00e9 tout types de feux: induction, gaz, plaques \u00e9lectriques et vitroc\u00e9ramique<br \/>\nTrois en 1 : Couscoussier \/ Marmite \/ Cuit Vapeur<br \/>\nEntretien: passe au lave-vaisselle<br \/>\nCouvercle en verre avec cerclage et poign\u00e9e inox<br \/>\nPoign\u00e9es anti chaleur rivet\u00e9es<br \/>\ninox 18\/10<br \/>\nLe couscoussier rosemberg pour tous. Du c\u00e9libataire \u00e0 la famille nombreuse, rosemberg vous propose sa collection de couscoussiers du 4 litres au 16 litres<\/p>\n<p>Ce couscoussier Rosemberg sera votre meilleur atout lors de vos pr\u00e9parations culinaires, pr\u00e9parez vous \u00e0 faire des jaloux !<\/p>\n<p>Adoptez des habitudes culinaires saines \u00e0 la maison avec le couscoussier rosemberg \u00e9quip\u00e9 du rev\u00eatement anti adh\u00e9sif<\/p>\n","protected":false},"excerpt":{"rendered":"<p>Certifi\u00e9 tout types de feux: induction, gaz, plaques \u00e9lectriques et vitroc\u00e9ramique Trois en 1 : Couscoussier \/ Marmite \/ Cuit Vapeur Entretien: passe au lave-vaisselle Couvercle en verre avec cerclage et poign\u00e9e inox Poign\u00e9es anti chaleur rivet\u00e9es inox 18\/10 Le couscoussier rosemberg pour tous. Du c\u00e9libataire \u00e0 la famille nombreuse, rosemberg vous propose sa collection [&hellip;]<\/p>\n","protected":false},"featured_media":1059,"comment_status":"open","ping_status":"closed","template":"","meta":[],"product_brand":[],"product_cat":[58],"product_tag":[],"class_list":{"0":"post-1063","1":"product","2":"type-product","3":"status-publish","4":"has-post-thumbnail","6":"product_cat-linges-de-lit","8":"first","9":"instock","10":"shipping-taxable","11":"purchasable","12":"product-type-simple"},"jetpack_sharing_enabled":true,"_links":{"self":[{"href":"https:\/\/www.bintoufaitout.com\/index.php\/wp-json\/wp\/v2\/product\/1063","targetHints":{"allow":["GET"]}}],"collection":[{"href":"https:\/\/www.bintoufaitout.com\/index.php\/wp-json\/wp\/v2\/product"}],"about":[{"href":"https:\/\/www.bintoufaitout.com\/index.php\/wp-json\/wp\/v2\/types\/product"}],"replies":[{"embeddable":true,"href":"https:\/\/www.bintoufaitout.com\/index.php\/wp-json\/wp\/v2\/comments?post=1063"}],"wp:featuredmedia":[{"embeddable":true,"href":"https:\/\/www.bintoufaitout.com\/index.php\/wp-json\/wp\/v2\/media\/1059"}],"wp:attachment":[{"href":"https:\/\/www.bintoufaitout.com\/index.php\/wp-json\/wp\/v2\/media?parent=1063"}],"wp:term":[{"taxonomy":"product_brand","embeddable":true,"href":"https:\/\/www.bintoufaitout.com\/index.php\/wp-json\/wp\/v2\/product_brand?post=1063"},{"taxonomy":"product_cat","embeddable":true,"href":"https:\/\/www.bintoufaitout.com\/index.php\/wp-json\/wp\/v2\/product_cat?post=1063"},{"taxonomy":"product_tag","embeddable":true,"href":"https:\/\/www.bintoufaitout.com\/index.php\/wp-json\/wp\/v2\/product_tag?post=1063"}],"curies":[{"name":"wp","href":"https:\/\/api.w.org\/{rel}","templated":true}]}}