{"id":1104,"date":"2024-09-07T11:10:30","date_gmt":"2024-09-07T09:10:30","guid":{"rendered":"https:\/\/www.bintoufaitout.com\/index.php\/produit\/tajine-pierre-profond-2\/"},"modified":"2025-02-15T21:11:07","modified_gmt":"2025-02-15T20:11:07","slug":"tajine-pierre-profond-2","status":"publish","type":"product","link":"https:\/\/www.bintoufaitout.com\/index.php\/produit\/tajine-pierre-profond-2\/","title":{"rendered":"Tajine pierre turbo"},"content":{"rendered":"<p><span style=\"font-family: CerebriSans;font-size: 15px;font-style: normal;font-weight: 400;letter-spacing: normal;text-align: left;text-indent: 0px;text-transform: none;text-decoration: none;float: none\">Le<\/span><span style=\"font-family: CerebriSans;font-size: 15px;font-style: normal;font-weight: 400;letter-spacing: normal;text-align: left;text-indent: 0px;text-transform: none;text-decoration: none;float: none\"><span class=\"Apple-converted-space\">&nbsp;<\/span><\/span><strong style=\"font-weight: bolder;font-family: CerebriSans;font-size: 15px;font-style: normal;letter-spacing: normal;text-align: left;text-indent: 0px;text-transform: none;text-decoration: none\">Tajine en marbre induction<\/strong><span style=\"font-family: CerebriSans;font-size: 15px;font-style: normal;font-weight: 400;letter-spacing: normal;text-align: left;text-indent: 0px;text-transform: none;text-decoration: none;float: none\"><span class=\"Apple-converted-space\">&nbsp;<\/span><\/span><span style=\"font-family: CerebriSans;font-size: 15px;font-style: normal;font-weight: 400;letter-spacing: normal;text-align: left;text-indent: 0px;text-transform: none;text-decoration: none;float: none\">de Swiss Line est un incontournable pour les amateurs de cuisine marocaine. Fabriqu\u00e9 en marbre de haute qualit\u00e9, ce tajine est parfait pour mijoter des plats savoureux et authentiques. Compatible tous feux dont l&rsquo;induction, il est facile \u00e0 utiliser et \u00e0 entretenir. Sa forme traditionnelle avec son couvercle en forme de c\u00f4ne assure une circulation uniforme de la chaleur pour des plats parfaitement cuits. Avec son design \u00e9l\u00e9gant et sa finition lisse, le tajine en marbre induction de Swiss Line ajoutera une touche de sophistication \u00e0 votre cuisine. Commandez d\u00e8s maintenant pour une exp\u00e9rience culinaire inoubliable<\/span><\/p>\n<p>diam\u00e8tre 30 cm<\/p>\n","protected":false},"excerpt":{"rendered":"<p>Le&nbsp;Tajine en marbre induction&nbsp;de Swiss Line est un incontournable pour les amateurs de cuisine marocaine. Fabriqu\u00e9 en marbre de haute qualit\u00e9, ce tajine est parfait pour mijoter des plats savoureux et authentiques. Compatible tous feux dont l&rsquo;induction, il est facile \u00e0 utiliser et \u00e0 entretenir. Sa forme traditionnelle avec son couvercle en forme de c\u00f4ne [&hellip;]<\/p>\n","protected":false},"featured_media":1102,"comment_status":"open","ping_status":"closed","template":"","meta":[],"product_brand":[],"product_cat":[58],"product_tag":[],"class_list":{"0":"post-1104","1":"product","2":"type-product","3":"status-publish","4":"has-post-thumbnail","6":"product_cat-linges-de-lit","8":"first","9":"outofstock","10":"sale","11":"shipping-taxable","12":"purchasable","13":"product-type-simple"},"jetpack_sharing_enabled":true,"_links":{"self":[{"href":"https:\/\/www.bintoufaitout.com\/index.php\/wp-json\/wp\/v2\/product\/1104","targetHints":{"allow":["GET"]}}],"collection":[{"href":"https:\/\/www.bintoufaitout.com\/index.php\/wp-json\/wp\/v2\/product"}],"about":[{"href":"https:\/\/www.bintoufaitout.com\/index.php\/wp-json\/wp\/v2\/types\/product"}],"replies":[{"embeddable":true,"href":"https:\/\/www.bintoufaitout.com\/index.php\/wp-json\/wp\/v2\/comments?post=1104"}],"wp:featuredmedia":[{"embeddable":true,"href":"https:\/\/www.bintoufaitout.com\/index.php\/wp-json\/wp\/v2\/media\/1102"}],"wp:attachment":[{"href":"https:\/\/www.bintoufaitout.com\/index.php\/wp-json\/wp\/v2\/media?parent=1104"}],"wp:term":[{"taxonomy":"product_brand","embeddable":true,"href":"https:\/\/www.bintoufaitout.com\/index.php\/wp-json\/wp\/v2\/product_brand?post=1104"},{"taxonomy":"product_cat","embeddable":true,"href":"https:\/\/www.bintoufaitout.com\/index.php\/wp-json\/wp\/v2\/product_cat?post=1104"},{"taxonomy":"product_tag","embeddable":true,"href":"https:\/\/www.bintoufaitout.com\/index.php\/wp-json\/wp\/v2\/product_tag?post=1104"}],"curies":[{"name":"wp","href":"https:\/\/api.w.org\/{rel}","templated":true}]}}