{"id":115,"date":"2023-03-02T18:20:33","date_gmt":"2023-03-02T17:20:33","guid":{"rendered":"http:\/\/www.bintoufaitout.com\/?post_type=product&#038;p=115"},"modified":"2024-05-12T08:09:16","modified_gmt":"2024-05-12T06:09:16","slug":"theiere-12l-2l","status":"publish","type":"product","link":"https:\/\/www.bintoufaitout.com\/index.php\/produit\/theiere-12l-2l\/","title":{"rendered":"Th\u00e9i\u00e8re 1,2L + 2L"},"content":{"rendered":"<p>Cette th\u00e9i\u00e8re en acier inoxydable 18\/10 durable avec une finition brillante et un design \u00e9l\u00e9gant.<\/p>\n<p>Vous pouvez pr\u00e9parer du th\u00e9 marocain, du th\u00e9 \u00e0 la menthe fra\u00eeche ou simplement votre th\u00e9 pr\u00e9f\u00e9r\u00e9 de mani\u00e8re authentique.<\/p>\n<ul>\n<li>Marque : Royal Swiss<\/li>\n<li>Couleur : Argent<\/li>\n<li>Contenu: lot de deux th\u00e9i\u00e8re ( 1.2L + 2L )<\/li>\n<li>Mat\u00e9riau : Acier inoxydable<\/li>\n<\/ul>\n","protected":false},"excerpt":{"rendered":"<p>Cette th\u00e9i\u00e8re en acier inoxydable 18\/10 durable avec une finition brillante et un design \u00e9l\u00e9gant. Vous pouvez pr\u00e9parer du th\u00e9 marocain, du th\u00e9 \u00e0 la menthe fra\u00eeche ou simplement votre th\u00e9 pr\u00e9f\u00e9r\u00e9 de mani\u00e8re authentique. Marque : Royal Swiss Couleur : Argent Contenu: lot de deux th\u00e9i\u00e8re ( 1.2L + 2L ) Mat\u00e9riau : Acier [&hellip;]<\/p>\n","protected":false},"featured_media":116,"comment_status":"open","ping_status":"closed","template":"","meta":[],"product_brand":[],"product_cat":[23],"product_tag":[],"class_list":{"0":"post-115","1":"product","2":"type-product","3":"status-publish","4":"has-post-thumbnail","6":"product_cat-ustensiles-cuisine","8":"first","9":"outofstock","10":"sale","11":"shipping-taxable","12":"purchasable","13":"product-type-simple"},"jetpack_sharing_enabled":true,"_links":{"self":[{"href":"https:\/\/www.bintoufaitout.com\/index.php\/wp-json\/wp\/v2\/product\/115","targetHints":{"allow":["GET"]}}],"collection":[{"href":"https:\/\/www.bintoufaitout.com\/index.php\/wp-json\/wp\/v2\/product"}],"about":[{"href":"https:\/\/www.bintoufaitout.com\/index.php\/wp-json\/wp\/v2\/types\/product"}],"replies":[{"embeddable":true,"href":"https:\/\/www.bintoufaitout.com\/index.php\/wp-json\/wp\/v2\/comments?post=115"}],"wp:featuredmedia":[{"embeddable":true,"href":"https:\/\/www.bintoufaitout.com\/index.php\/wp-json\/wp\/v2\/media\/116"}],"wp:attachment":[{"href":"https:\/\/www.bintoufaitout.com\/index.php\/wp-json\/wp\/v2\/media?parent=115"}],"wp:term":[{"taxonomy":"product_brand","embeddable":true,"href":"https:\/\/www.bintoufaitout.com\/index.php\/wp-json\/wp\/v2\/product_brand?post=115"},{"taxonomy":"product_cat","embeddable":true,"href":"https:\/\/www.bintoufaitout.com\/index.php\/wp-json\/wp\/v2\/product_cat?post=115"},{"taxonomy":"product_tag","embeddable":true,"href":"https:\/\/www.bintoufaitout.com\/index.php\/wp-json\/wp\/v2\/product_tag?post=115"}],"curies":[{"name":"wp","href":"https:\/\/api.w.org\/{rel}","templated":true}]}}