{"id":1170,"date":"2024-09-28T00:21:22","date_gmt":"2024-09-27T22:21:22","guid":{"rendered":"https:\/\/www.bintoufaitout.com\/index.php\/produit\/mixeur-plongeant\/"},"modified":"2025-08-19T17:11:23","modified_gmt":"2025-08-19T15:11:23","slug":"mixeur-plongeant","status":"publish","type":"product","link":"https:\/\/www.bintoufaitout.com\/index.php\/produit\/mixeur-plongeant\/","title":{"rendered":"Mixeur plongeant"},"content":{"rendered":"<p><span>Dot\u00e9 d&rsquo;une puissance de 300W pour des r\u00e9sultats parfaits sans effort, le mixeur plongeant a \u00e9t\u00e9 con\u00e7u pour r\u00e9pondre \u00e0 tous vos besoins de mixage. Ce mixeur plongeant facile \u00e0 utiliser dispose d&rsquo;un bouton unique pour contr\u00f4ler la vitesse et assurer un mixage optimal pour tous les types d&rsquo;ingr\u00e9dients. Le pied mixeur dispose de deux lames inox de haute qualit\u00e9 <\/span><\/p>\n<p><span>Vendu avec son <\/span>r\u00e9cipient<span> en <\/span>plastique<span> <\/span><\/p>\n","protected":false},"excerpt":{"rendered":"<p>Dot\u00e9 d&rsquo;une puissance de 300W pour des r\u00e9sultats parfaits sans effort, le mixeur plongeant a \u00e9t\u00e9 con\u00e7u pour r\u00e9pondre \u00e0 tous vos besoins de mixage. Ce mixeur plongeant facile \u00e0 utiliser dispose d&rsquo;un bouton unique pour contr\u00f4ler la vitesse et assurer un mixage optimal pour tous les types d&rsquo;ingr\u00e9dients. Le pied mixeur dispose de deux [&hellip;]<\/p>\n","protected":false},"featured_media":1168,"comment_status":"open","ping_status":"closed","template":"","meta":[],"product_brand":[],"product_cat":[58],"product_tag":[],"class_list":{"0":"post-1170","1":"product","2":"type-product","3":"status-publish","4":"has-post-thumbnail","6":"product_cat-linges-de-lit","8":"first","9":"instock","10":"shipping-taxable","11":"purchasable","12":"product-type-simple"},"jetpack_sharing_enabled":true,"_links":{"self":[{"href":"https:\/\/www.bintoufaitout.com\/index.php\/wp-json\/wp\/v2\/product\/1170","targetHints":{"allow":["GET"]}}],"collection":[{"href":"https:\/\/www.bintoufaitout.com\/index.php\/wp-json\/wp\/v2\/product"}],"about":[{"href":"https:\/\/www.bintoufaitout.com\/index.php\/wp-json\/wp\/v2\/types\/product"}],"replies":[{"embeddable":true,"href":"https:\/\/www.bintoufaitout.com\/index.php\/wp-json\/wp\/v2\/comments?post=1170"}],"wp:featuredmedia":[{"embeddable":true,"href":"https:\/\/www.bintoufaitout.com\/index.php\/wp-json\/wp\/v2\/media\/1168"}],"wp:attachment":[{"href":"https:\/\/www.bintoufaitout.com\/index.php\/wp-json\/wp\/v2\/media?parent=1170"}],"wp:term":[{"taxonomy":"product_brand","embeddable":true,"href":"https:\/\/www.bintoufaitout.com\/index.php\/wp-json\/wp\/v2\/product_brand?post=1170"},{"taxonomy":"product_cat","embeddable":true,"href":"https:\/\/www.bintoufaitout.com\/index.php\/wp-json\/wp\/v2\/product_cat?post=1170"},{"taxonomy":"product_tag","embeddable":true,"href":"https:\/\/www.bintoufaitout.com\/index.php\/wp-json\/wp\/v2\/product_tag?post=1170"}],"curies":[{"name":"wp","href":"https:\/\/api.w.org\/{rel}","templated":true}]}}