{"id":119,"date":"2023-03-02T18:34:26","date_gmt":"2023-03-02T17:34:26","guid":{"rendered":"http:\/\/www.bintoufaitout.com\/?post_type=product&#038;p=119"},"modified":"2025-09-03T17:56:12","modified_gmt":"2025-09-03T15:56:12","slug":"double-grill-en-pierre","status":"publish","type":"product","link":"https:\/\/www.bintoufaitout.com\/index.php\/produit\/double-grill-en-pierre\/","title":{"rendered":"Double grill en pierre"},"content":{"rendered":"<p>Double grille en pierre ROYAL SWISS de 32cm. Parfait pour griller rapidement tout type d\u2019aliment. Passe sur tout type de feu: induction, vitro-c\u00e9ramique, halog\u00e8ne, gaz, \u00e9lectrique.<\/p>\n","protected":false},"excerpt":{"rendered":"<p>Double grille en pierre ROYAL SWISS de 32cm. Parfait pour griller rapidement tout type d\u2019aliment. Passe sur tout type de feu: induction, vitro-c\u00e9ramique, halog\u00e8ne, gaz, \u00e9lectrique.<\/p>\n","protected":false},"featured_media":795,"comment_status":"open","ping_status":"closed","template":"","meta":[],"product_brand":[],"product_cat":[23],"product_tag":[],"class_list":{"0":"post-119","1":"product","2":"type-product","3":"status-publish","4":"has-post-thumbnail","6":"product_cat-ustensiles-cuisine","8":"first","9":"instock","10":"sale","11":"shipping-taxable","12":"purchasable","13":"product-type-simple"},"jetpack_sharing_enabled":true,"_links":{"self":[{"href":"https:\/\/www.bintoufaitout.com\/index.php\/wp-json\/wp\/v2\/product\/119","targetHints":{"allow":["GET"]}}],"collection":[{"href":"https:\/\/www.bintoufaitout.com\/index.php\/wp-json\/wp\/v2\/product"}],"about":[{"href":"https:\/\/www.bintoufaitout.com\/index.php\/wp-json\/wp\/v2\/types\/product"}],"replies":[{"embeddable":true,"href":"https:\/\/www.bintoufaitout.com\/index.php\/wp-json\/wp\/v2\/comments?post=119"}],"wp:featuredmedia":[{"embeddable":true,"href":"https:\/\/www.bintoufaitout.com\/index.php\/wp-json\/wp\/v2\/media\/795"}],"wp:attachment":[{"href":"https:\/\/www.bintoufaitout.com\/index.php\/wp-json\/wp\/v2\/media?parent=119"}],"wp:term":[{"taxonomy":"product_brand","embeddable":true,"href":"https:\/\/www.bintoufaitout.com\/index.php\/wp-json\/wp\/v2\/product_brand?post=119"},{"taxonomy":"product_cat","embeddable":true,"href":"https:\/\/www.bintoufaitout.com\/index.php\/wp-json\/wp\/v2\/product_cat?post=119"},{"taxonomy":"product_tag","embeddable":true,"href":"https:\/\/www.bintoufaitout.com\/index.php\/wp-json\/wp\/v2\/product_tag?post=119"}],"curies":[{"name":"wp","href":"https:\/\/api.w.org\/{rel}","templated":true}]}}