{"id":1211,"date":"2024-11-17T10:56:30","date_gmt":"2024-11-17T09:56:30","guid":{"rendered":"https:\/\/www.bintoufaitout.com\/index.php\/produit\/hachoir-inox-2-litres\/"},"modified":"2025-05-12T08:39:33","modified_gmt":"2025-05-12T06:39:33","slug":"hachoir-inox-2-litres","status":"publish","type":"product","link":"https:\/\/www.bintoufaitout.com\/index.php\/produit\/hachoir-inox-2-litres\/","title":{"rendered":"Hachoir inox 2 litres"},"content":{"rendered":"<p>Pr\u00e9parer des plats maison devient un jeu d\u2019enfant Des oignons, herbes, noix, et autres parfaitement hach\u00e9s Un assistant culinaire non n\u00e9gligeable. Il peut hacher tout ce que vous voulez : l\u00e9gumes, herbes, noix, etc. en quelques secondes<br \/>\ncouteaux sp\u00e9cial viande en plus<br \/>\n500w<\/p>\n","protected":false},"excerpt":{"rendered":"<p>Pr\u00e9parer des plats maison devient un jeu d\u2019enfant Des oignons, herbes, noix, et autres parfaitement hach\u00e9s Un assistant culinaire non n\u00e9gligeable. Il peut hacher tout ce que vous voulez : l\u00e9gumes, herbes, noix, etc. en quelques secondes couteaux sp\u00e9cial viande en plus 500w<\/p>\n","protected":false},"featured_media":1210,"comment_status":"open","ping_status":"closed","template":"","meta":[],"product_brand":[],"product_cat":[58],"product_tag":[],"class_list":{"0":"post-1211","1":"product","2":"type-product","3":"status-publish","4":"has-post-thumbnail","6":"product_cat-linges-de-lit","8":"first","9":"outofstock","10":"sale","11":"shipping-taxable","12":"purchasable","13":"product-type-simple"},"jetpack_sharing_enabled":true,"_links":{"self":[{"href":"https:\/\/www.bintoufaitout.com\/index.php\/wp-json\/wp\/v2\/product\/1211","targetHints":{"allow":["GET"]}}],"collection":[{"href":"https:\/\/www.bintoufaitout.com\/index.php\/wp-json\/wp\/v2\/product"}],"about":[{"href":"https:\/\/www.bintoufaitout.com\/index.php\/wp-json\/wp\/v2\/types\/product"}],"replies":[{"embeddable":true,"href":"https:\/\/www.bintoufaitout.com\/index.php\/wp-json\/wp\/v2\/comments?post=1211"}],"wp:featuredmedia":[{"embeddable":true,"href":"https:\/\/www.bintoufaitout.com\/index.php\/wp-json\/wp\/v2\/media\/1210"}],"wp:attachment":[{"href":"https:\/\/www.bintoufaitout.com\/index.php\/wp-json\/wp\/v2\/media?parent=1211"}],"wp:term":[{"taxonomy":"product_brand","embeddable":true,"href":"https:\/\/www.bintoufaitout.com\/index.php\/wp-json\/wp\/v2\/product_brand?post=1211"},{"taxonomy":"product_cat","embeddable":true,"href":"https:\/\/www.bintoufaitout.com\/index.php\/wp-json\/wp\/v2\/product_cat?post=1211"},{"taxonomy":"product_tag","embeddable":true,"href":"https:\/\/www.bintoufaitout.com\/index.php\/wp-json\/wp\/v2\/product_tag?post=1211"}],"curies":[{"name":"wp","href":"https:\/\/api.w.org\/{rel}","templated":true}]}}