{"id":122,"date":"2023-03-02T18:40:24","date_gmt":"2023-03-02T17:40:24","guid":{"rendered":"http:\/\/www.bintoufaitout.com\/?post_type=product&#038;p=122"},"modified":"2023-03-02T18:40:24","modified_gmt":"2023-03-02T17:40:24","slug":"appareil-a-muffins","status":"publish","type":"product","link":"https:\/\/www.bintoufaitout.com\/index.php\/produit\/appareil-a-muffins\/","title":{"rendered":"Appareil \u00e0 muffins"},"content":{"rendered":"<p>Cette appareil \u00e0 muffin de marque TRISTAR, sera votre alli\u00e9 id\u00e9al pour r\u00e9aliser des tourte, beignet, muffins ou g\u00e2teaux. Son rev\u00eatement anti-adh\u00e9sif fait de lui un appareil facile \u00e0 nettoyer et ces pied antid\u00e9rapant renforceront votre s\u00e9curit\u00e9<\/p>\n","protected":false},"excerpt":{"rendered":"<p>Cette appareil \u00e0 muffin de marque TRISTAR, sera votre alli\u00e9 id\u00e9al pour r\u00e9aliser des tourte, beignet, muffins ou g\u00e2teaux. Son rev\u00eatement anti-adh\u00e9sif fait de lui un appareil facile \u00e0 nettoyer et ces pied antid\u00e9rapant renforceront votre s\u00e9curit\u00e9<\/p>\n","protected":false},"featured_media":123,"comment_status":"open","ping_status":"closed","template":"","meta":[],"product_brand":[],"product_cat":[23],"product_tag":[],"class_list":{"0":"post-122","1":"product","2":"type-product","3":"status-publish","4":"has-post-thumbnail","6":"product_cat-ustensiles-cuisine","8":"first","9":"instock","10":"shipping-taxable","11":"purchasable","12":"product-type-simple"},"jetpack_sharing_enabled":true,"_links":{"self":[{"href":"https:\/\/www.bintoufaitout.com\/index.php\/wp-json\/wp\/v2\/product\/122","targetHints":{"allow":["GET"]}}],"collection":[{"href":"https:\/\/www.bintoufaitout.com\/index.php\/wp-json\/wp\/v2\/product"}],"about":[{"href":"https:\/\/www.bintoufaitout.com\/index.php\/wp-json\/wp\/v2\/types\/product"}],"replies":[{"embeddable":true,"href":"https:\/\/www.bintoufaitout.com\/index.php\/wp-json\/wp\/v2\/comments?post=122"}],"wp:featuredmedia":[{"embeddable":true,"href":"https:\/\/www.bintoufaitout.com\/index.php\/wp-json\/wp\/v2\/media\/123"}],"wp:attachment":[{"href":"https:\/\/www.bintoufaitout.com\/index.php\/wp-json\/wp\/v2\/media?parent=122"}],"wp:term":[{"taxonomy":"product_brand","embeddable":true,"href":"https:\/\/www.bintoufaitout.com\/index.php\/wp-json\/wp\/v2\/product_brand?post=122"},{"taxonomy":"product_cat","embeddable":true,"href":"https:\/\/www.bintoufaitout.com\/index.php\/wp-json\/wp\/v2\/product_cat?post=122"},{"taxonomy":"product_tag","embeddable":true,"href":"https:\/\/www.bintoufaitout.com\/index.php\/wp-json\/wp\/v2\/product_tag?post=122"}],"curies":[{"name":"wp","href":"https:\/\/api.w.org\/{rel}","templated":true}]}}