{"id":1227,"date":"2024-11-20T18:11:49","date_gmt":"2024-11-20T17:11:49","guid":{"rendered":"https:\/\/www.bintoufaitout.com\/index.php\/produit\/broyeur-156-litre\/"},"modified":"2025-03-06T23:55:11","modified_gmt":"2025-03-06T22:55:11","slug":"broyeur-156-litre","status":"publish","type":"product","link":"https:\/\/www.bintoufaitout.com\/index.php\/produit\/broyeur-156-litre\/","title":{"rendered":"Broyeur 2,8 litres"},"content":{"rendered":"<p><span>Nous vous proposons un moulin \u00e0 grains \u00e9lectrique de haute qualit\u00e9. Petit, l\u00e9ger, hautement efficace, facile \u00e0 utiliser. Fabriqu\u00e9 en acier inoxydable de qualit\u00e9 alimentaire, s\u00fbr et durable. Avec le puissant moteur de 1500 W, il peut broyer 350 g de nourriture en m\u00eame temps. Il dispose \u00e9galement d&rsquo;une protection s\u00fbre contre les surcharges pour emp\u00eacher votre moteur de br\u00fbler. Peut briser rapidement toutes sortes d&rsquo;aliments d\u00e9shydrat\u00e9s, riz, ma\u00efs, s\u00e9same, soja, aliments pour poissons, poivre, m\u00e9dicaments, etc., adapt\u00e9s \u00e0 toutes sortes de mat\u00e9riaux.<\/span><br \/>\n<span>Acier inoxydable de qualit\u00e9 alimentaire<\/span><br \/>\n<span>Protection de surcharge<\/span><br \/>\n<span>Moteur puissant<\/span><br \/>\n<span>Large application<\/span><\/p>\n","protected":false},"excerpt":{"rendered":"<p>Nous vous proposons un moulin \u00e0 grains \u00e9lectrique de haute qualit\u00e9. Petit, l\u00e9ger, hautement efficace, facile \u00e0 utiliser. Fabriqu\u00e9 en acier inoxydable de qualit\u00e9 alimentaire, s\u00fbr et durable. Avec le puissant moteur de 1500 W, il peut broyer 350 g de nourriture en m\u00eame temps. Il dispose \u00e9galement d&rsquo;une protection s\u00fbre contre les surcharges pour [&hellip;]<\/p>\n","protected":false},"featured_media":1226,"comment_status":"open","ping_status":"closed","template":"","meta":[],"product_brand":[],"product_cat":[58],"product_tag":[],"class_list":{"0":"post-1227","1":"product","2":"type-product","3":"status-publish","4":"has-post-thumbnail","6":"product_cat-linges-de-lit","8":"first","9":"outofstock","10":"sale","11":"shipping-taxable","12":"purchasable","13":"product-type-simple"},"jetpack_sharing_enabled":true,"_links":{"self":[{"href":"https:\/\/www.bintoufaitout.com\/index.php\/wp-json\/wp\/v2\/product\/1227","targetHints":{"allow":["GET"]}}],"collection":[{"href":"https:\/\/www.bintoufaitout.com\/index.php\/wp-json\/wp\/v2\/product"}],"about":[{"href":"https:\/\/www.bintoufaitout.com\/index.php\/wp-json\/wp\/v2\/types\/product"}],"replies":[{"embeddable":true,"href":"https:\/\/www.bintoufaitout.com\/index.php\/wp-json\/wp\/v2\/comments?post=1227"}],"wp:featuredmedia":[{"embeddable":true,"href":"https:\/\/www.bintoufaitout.com\/index.php\/wp-json\/wp\/v2\/media\/1226"}],"wp:attachment":[{"href":"https:\/\/www.bintoufaitout.com\/index.php\/wp-json\/wp\/v2\/media?parent=1227"}],"wp:term":[{"taxonomy":"product_brand","embeddable":true,"href":"https:\/\/www.bintoufaitout.com\/index.php\/wp-json\/wp\/v2\/product_brand?post=1227"},{"taxonomy":"product_cat","embeddable":true,"href":"https:\/\/www.bintoufaitout.com\/index.php\/wp-json\/wp\/v2\/product_cat?post=1227"},{"taxonomy":"product_tag","embeddable":true,"href":"https:\/\/www.bintoufaitout.com\/index.php\/wp-json\/wp\/v2\/product_tag?post=1227"}],"curies":[{"name":"wp","href":"https:\/\/api.w.org\/{rel}","templated":true}]}}