{"id":124,"date":"2023-03-02T18:47:23","date_gmt":"2023-03-02T17:47:23","guid":{"rendered":"http:\/\/www.bintoufaitout.com\/?post_type=product&#038;p=124"},"modified":"2023-03-02T18:47:23","modified_gmt":"2023-03-02T17:47:23","slug":"bloc-de-couteaux-argent","status":"publish","type":"product","link":"https:\/\/www.bintoufaitout.com\/index.php\/produit\/bloc-de-couteaux-argent\/","title":{"rendered":"Bloc de couteaux argent"},"content":{"rendered":"<div>&#8211; Hachoir couperet 29 cm.<\/div>\n<div>&#8211; Couteau du chef 33 cm.<\/div>\n<div>&#8211; Couteau \u00e0 pain 29 cm.<\/div>\n<div>&#8211; Couteau universel 24 cm.<\/div>\n<div>&#8211; Couteau d&rsquo;office 21,5 cm.<\/div>\n<div>&#8211; Ciseaux 18,5 cm.<\/div>\n<div>&#8211; Fusil 29,5 cm.<\/div>\n<div>&#8211; Les couteaux ont un tranchant exceptionnel et sont facile d&rsquo;entretien \u00e0 la main.<\/div>\n<div>&#8211; Aff\u00fbtage aiguisage facile.<\/div>\n<div>&#8211; Tous \u00e0 port\u00e9 de mains gr\u00e2ce au support pivotant.<\/div>\n","protected":false},"excerpt":{"rendered":"<p>&#8211; Hachoir couperet 29 cm. &#8211; Couteau du chef 33 cm. &#8211; Couteau \u00e0 pain 29 cm. &#8211; Couteau universel 24 cm. &#8211; Couteau d&rsquo;office 21,5 cm. &#8211; Ciseaux 18,5 cm. &#8211; Fusil 29,5 cm. &#8211; Les couteaux ont un tranchant exceptionnel et sont facile d&rsquo;entretien \u00e0 la main. &#8211; Aff\u00fbtage aiguisage facile. &#8211; Tous [&hellip;]<\/p>\n","protected":false},"featured_media":125,"comment_status":"open","ping_status":"closed","template":"","meta":[],"product_brand":[],"product_cat":[23],"product_tag":[],"class_list":{"0":"post-124","1":"product","2":"type-product","3":"status-publish","4":"has-post-thumbnail","6":"product_cat-ustensiles-cuisine","8":"first","9":"instock","10":"shipping-taxable","11":"purchasable","12":"product-type-simple"},"jetpack_sharing_enabled":true,"_links":{"self":[{"href":"https:\/\/www.bintoufaitout.com\/index.php\/wp-json\/wp\/v2\/product\/124","targetHints":{"allow":["GET"]}}],"collection":[{"href":"https:\/\/www.bintoufaitout.com\/index.php\/wp-json\/wp\/v2\/product"}],"about":[{"href":"https:\/\/www.bintoufaitout.com\/index.php\/wp-json\/wp\/v2\/types\/product"}],"replies":[{"embeddable":true,"href":"https:\/\/www.bintoufaitout.com\/index.php\/wp-json\/wp\/v2\/comments?post=124"}],"wp:featuredmedia":[{"embeddable":true,"href":"https:\/\/www.bintoufaitout.com\/index.php\/wp-json\/wp\/v2\/media\/125"}],"wp:attachment":[{"href":"https:\/\/www.bintoufaitout.com\/index.php\/wp-json\/wp\/v2\/media?parent=124"}],"wp:term":[{"taxonomy":"product_brand","embeddable":true,"href":"https:\/\/www.bintoufaitout.com\/index.php\/wp-json\/wp\/v2\/product_brand?post=124"},{"taxonomy":"product_cat","embeddable":true,"href":"https:\/\/www.bintoufaitout.com\/index.php\/wp-json\/wp\/v2\/product_cat?post=124"},{"taxonomy":"product_tag","embeddable":true,"href":"https:\/\/www.bintoufaitout.com\/index.php\/wp-json\/wp\/v2\/product_tag?post=124"}],"curies":[{"name":"wp","href":"https:\/\/api.w.org\/{rel}","templated":true}]}}