{"id":1257,"date":"2024-11-22T12:44:57","date_gmt":"2024-11-22T11:44:57","guid":{"rendered":"https:\/\/www.bintoufaitout.com\/index.php\/produit\/grand-tajine-32cm\/"},"modified":"2024-11-22T12:45:05","modified_gmt":"2024-11-22T11:45:05","slug":"grand-tajine-32cm","status":"publish","type":"product","link":"https:\/\/www.bintoufaitout.com\/index.php\/produit\/grand-tajine-32cm\/","title":{"rendered":"Grand tajine 32cm"},"content":{"rendered":"<ul class=\"a-unordered-list a-vertical a-spacing-none\" style=\"margin: 0px 0px 0px 1.8rem;padding: 0px;font-family\">\n<li class=\"a-spacing-mini\" style=\"margin: 0px\"><span class=\"a-list-item\" style=\"color: var(--__N4QdCheV6mGo,#0f1111)\">Marmite tajine royal swiss : la marmite traditionnelle marocaine est un excellent pot pour cuire d\u00e9licatement les aliments, qui met en valeur les ar\u00f4mes naturels gr\u00e2ce \u00e0 sa structure particuli\u00e8re. Ce tajine est id\u00e9al pour les plats marocains, les rago\u00fbts et les soupes \u00e0 cuisson lente, les souffl\u00e9s et les viandes r\u00f4ties, ainsi que de nombreux autres rago\u00fbts.<\/span><\/li>\n<li class=\"a-spacing-mini\" style=\"margin: 0px\"><span class=\"a-list-item\" style=\"color: var(--__N4QdCheV6mGo,#0f1111)\">Mat\u00e9riau : le fond composite en acier inoxydable et le couvercle en fonte d&rsquo;aluminium rendent le produit beaucoup plus l\u00e9ger que les tajines en fonte ou en c\u00e9ramique et conserve la chaleur plus longtemps.<\/span><\/li>\n<li class=\"a-spacing-mini\" style=\"margin: 0px\"><span class=\"a-list-item\" style=\"color: var(--__N4QdCheV6mGo,#0f1111)\">Design unique : gr\u00e2ce \u00e0 son couvercle en fonte d&rsquo;aluminium de forme de c\u00f4ne, il aide \u00e0 conserver l&rsquo;humidit\u00e9 qui circule pendant la cuisson et enrichit les aliments avec de fortes saveurs. Cela assure des repas plus d\u00e9licieux.<\/span><\/li>\n<li class=\"a-spacing-mini\" style=\"margin: 0px\"><span class=\"a-list-item\" style=\"color: var(--__N4QdCheV6mGo,#0f1111)\">Compatible avec l&rsquo;induction : notre tajine est adapt\u00e9 pour : le gaz, l&rsquo;induction, l&rsquo;\u00e9lectricit\u00e9, le verre et la c\u00e9ramique. \u00c9tant donn\u00e9 qu&rsquo;il est fabriqu\u00e9 en aluminium de qualit\u00e9 sup\u00e9rieure, les casseroles r\u00e9sistent longtemps \u00e0 des temp\u00e9ratures \u00e9lev\u00e9es et sont r\u00e9sistantes \u00e0 l&rsquo;abrasion, passent au lave-vaisselle.<\/span><\/li>\n<li class=\"a-spacing-mini\" style=\"margin: 0px\"><span class=\"a-list-item\" style=\"color: var(--__N4QdCheV6mGo,#0f1111)\">Design sp\u00e9cial : la poign\u00e9e du couvercle et les poign\u00e9es de casserole sont fabriqu\u00e9es en mat\u00e9riau sp\u00e9cial pour \u00e9viter les br\u00fblures. Vous pouvez tenir la casserole facilement et en toute s\u00e9curit\u00e9 et ouvrir le couvercle pendant ou apr\u00e8s la cuisson sans vous br\u00fbler. Ce produit ne passe pas au four.<\/span><\/li>\n<\/ul>\n","protected":false},"excerpt":{"rendered":"<p>Marmite tajine royal swiss : la marmite traditionnelle marocaine est un excellent pot pour cuire d\u00e9licatement les aliments, qui met en valeur les ar\u00f4mes naturels gr\u00e2ce \u00e0 sa structure particuli\u00e8re. Ce tajine est id\u00e9al pour les plats marocains, les rago\u00fbts et les soupes \u00e0 cuisson lente, les souffl\u00e9s et les viandes r\u00f4ties, ainsi que de [&hellip;]<\/p>\n","protected":false},"featured_media":1255,"comment_status":"open","ping_status":"closed","template":"","meta":[],"product_brand":[],"product_cat":[58],"product_tag":[],"class_list":{"0":"post-1257","1":"product","2":"type-product","3":"status-publish","4":"has-post-thumbnail","6":"product_cat-linges-de-lit","8":"first","9":"instock","10":"sale","11":"shipping-taxable","12":"purchasable","13":"product-type-simple"},"jetpack_sharing_enabled":true,"_links":{"self":[{"href":"https:\/\/www.bintoufaitout.com\/index.php\/wp-json\/wp\/v2\/product\/1257","targetHints":{"allow":["GET"]}}],"collection":[{"href":"https:\/\/www.bintoufaitout.com\/index.php\/wp-json\/wp\/v2\/product"}],"about":[{"href":"https:\/\/www.bintoufaitout.com\/index.php\/wp-json\/wp\/v2\/types\/product"}],"replies":[{"embeddable":true,"href":"https:\/\/www.bintoufaitout.com\/index.php\/wp-json\/wp\/v2\/comments?post=1257"}],"wp:featuredmedia":[{"embeddable":true,"href":"https:\/\/www.bintoufaitout.com\/index.php\/wp-json\/wp\/v2\/media\/1255"}],"wp:attachment":[{"href":"https:\/\/www.bintoufaitout.com\/index.php\/wp-json\/wp\/v2\/media?parent=1257"}],"wp:term":[{"taxonomy":"product_brand","embeddable":true,"href":"https:\/\/www.bintoufaitout.com\/index.php\/wp-json\/wp\/v2\/product_brand?post=1257"},{"taxonomy":"product_cat","embeddable":true,"href":"https:\/\/www.bintoufaitout.com\/index.php\/wp-json\/wp\/v2\/product_cat?post=1257"},{"taxonomy":"product_tag","embeddable":true,"href":"https:\/\/www.bintoufaitout.com\/index.php\/wp-json\/wp\/v2\/product_tag?post=1257"}],"curies":[{"name":"wp","href":"https:\/\/api.w.org\/{rel}","templated":true}]}}