{"id":126,"date":"2023-03-02T23:00:08","date_gmt":"2023-03-02T22:00:08","guid":{"rendered":"http:\/\/www.bintoufaitout.com\/?post_type=product&#038;p=126"},"modified":"2023-03-02T23:00:08","modified_gmt":"2023-03-02T22:00:08","slug":"set-3-faitouts-inox","status":"publish","type":"product","link":"https:\/\/www.bintoufaitout.com\/index.php\/produit\/set-3-faitouts-inox\/","title":{"rendered":"Set 3 faitouts inox"},"content":{"rendered":"<p>Cette batterie de cuisine en inox vous permettras de concocter tout type de plat sans difficult\u00e9. Allant sur tout type de feux, gaz, \u00e9lectrique, induction, vitro-c\u00e9ramique, elle n\u2019aura aucun mal \u00e0 int\u00e9gr\u00e9 votre cuisine. Une fois la cuisine termin\u00e9 laisser votre lave-vaisselle s\u2019occuper de ces ustensiles\u00a0afin qu\u2019ils soient pr\u00eat pour la prochaine fois.<\/p>\n<p>Cette batterie est compos\u00e9 de 3faitouts avec leur 3 couvercles<\/p>\n<p>contenances: 1,9 litres \/ 3,6 litres et 6 litres<\/p>\n","protected":false},"excerpt":{"rendered":"<p>Cette batterie de cuisine en inox vous permettras de concocter tout type de plat sans difficult\u00e9. Allant sur tout type de feux, gaz, \u00e9lectrique, induction, vitro-c\u00e9ramique, elle n\u2019aura aucun mal \u00e0 int\u00e9gr\u00e9 votre cuisine. Une fois la cuisine termin\u00e9 laisser votre lave-vaisselle s\u2019occuper de ces ustensiles\u00a0afin qu\u2019ils soient pr\u00eat pour la prochaine fois. Cette batterie [&hellip;]<\/p>\n","protected":false},"featured_media":128,"comment_status":"open","ping_status":"closed","template":"","meta":[],"product_brand":[],"product_cat":[23],"product_tag":[],"class_list":{"0":"post-126","1":"product","2":"type-product","3":"status-publish","4":"has-post-thumbnail","6":"product_cat-ustensiles-cuisine","8":"first","9":"instock","10":"shipping-taxable","11":"purchasable","12":"product-type-simple"},"jetpack_sharing_enabled":true,"_links":{"self":[{"href":"https:\/\/www.bintoufaitout.com\/index.php\/wp-json\/wp\/v2\/product\/126","targetHints":{"allow":["GET"]}}],"collection":[{"href":"https:\/\/www.bintoufaitout.com\/index.php\/wp-json\/wp\/v2\/product"}],"about":[{"href":"https:\/\/www.bintoufaitout.com\/index.php\/wp-json\/wp\/v2\/types\/product"}],"replies":[{"embeddable":true,"href":"https:\/\/www.bintoufaitout.com\/index.php\/wp-json\/wp\/v2\/comments?post=126"}],"wp:featuredmedia":[{"embeddable":true,"href":"https:\/\/www.bintoufaitout.com\/index.php\/wp-json\/wp\/v2\/media\/128"}],"wp:attachment":[{"href":"https:\/\/www.bintoufaitout.com\/index.php\/wp-json\/wp\/v2\/media?parent=126"}],"wp:term":[{"taxonomy":"product_brand","embeddable":true,"href":"https:\/\/www.bintoufaitout.com\/index.php\/wp-json\/wp\/v2\/product_brand?post=126"},{"taxonomy":"product_cat","embeddable":true,"href":"https:\/\/www.bintoufaitout.com\/index.php\/wp-json\/wp\/v2\/product_cat?post=126"},{"taxonomy":"product_tag","embeddable":true,"href":"https:\/\/www.bintoufaitout.com\/index.php\/wp-json\/wp\/v2\/product_tag?post=126"}],"curies":[{"name":"wp","href":"https:\/\/api.w.org\/{rel}","templated":true}]}}