{"id":1270,"date":"2024-11-22T23:05:36","date_gmt":"2024-11-22T22:05:36","guid":{"rendered":"https:\/\/www.bintoufaitout.com\/index.php\/produit\/grande-poele-en-pierre-32cm\/"},"modified":"2025-05-12T08:39:13","modified_gmt":"2025-05-12T06:39:13","slug":"grande-poele-en-pierre-32cm","status":"publish","type":"product","link":"https:\/\/www.bintoufaitout.com\/index.php\/produit\/grande-poele-en-pierre-32cm\/","title":{"rendered":"Grande po\u00eale en pierre 32cm"},"content":{"rendered":"<p>Po\u00eale pierre 32 cm<br \/>\n&#8211; Compatible tous feux + Induction va \u00e9galement au four poign\u00e9e amovible<br \/>\n&#8211; Cuisinez sainement avec TRES PEU ou SANS mati\u00e8re grasse.<br \/>\n&#8211; SANS PFOA*(plus sain qu\u2019un rev\u00eatement ordinaire).<\/p>\n","protected":false},"excerpt":{"rendered":"<p>Po\u00eale pierre 32 cm &#8211; Compatible tous feux + Induction va \u00e9galement au four poign\u00e9e amovible &#8211; Cuisinez sainement avec TRES PEU ou SANS mati\u00e8re grasse. &#8211; SANS PFOA*(plus sain qu\u2019un rev\u00eatement ordinaire).<\/p>\n","protected":false},"featured_media":1268,"comment_status":"open","ping_status":"closed","template":"","meta":[],"product_brand":[],"product_cat":[58],"product_tag":[],"class_list":{"0":"post-1270","1":"product","2":"type-product","3":"status-publish","4":"has-post-thumbnail","6":"product_cat-linges-de-lit","8":"first","9":"outofstock","10":"shipping-taxable","11":"purchasable","12":"product-type-simple"},"jetpack_sharing_enabled":true,"_links":{"self":[{"href":"https:\/\/www.bintoufaitout.com\/index.php\/wp-json\/wp\/v2\/product\/1270","targetHints":{"allow":["GET"]}}],"collection":[{"href":"https:\/\/www.bintoufaitout.com\/index.php\/wp-json\/wp\/v2\/product"}],"about":[{"href":"https:\/\/www.bintoufaitout.com\/index.php\/wp-json\/wp\/v2\/types\/product"}],"replies":[{"embeddable":true,"href":"https:\/\/www.bintoufaitout.com\/index.php\/wp-json\/wp\/v2\/comments?post=1270"}],"wp:featuredmedia":[{"embeddable":true,"href":"https:\/\/www.bintoufaitout.com\/index.php\/wp-json\/wp\/v2\/media\/1268"}],"wp:attachment":[{"href":"https:\/\/www.bintoufaitout.com\/index.php\/wp-json\/wp\/v2\/media?parent=1270"}],"wp:term":[{"taxonomy":"product_brand","embeddable":true,"href":"https:\/\/www.bintoufaitout.com\/index.php\/wp-json\/wp\/v2\/product_brand?post=1270"},{"taxonomy":"product_cat","embeddable":true,"href":"https:\/\/www.bintoufaitout.com\/index.php\/wp-json\/wp\/v2\/product_cat?post=1270"},{"taxonomy":"product_tag","embeddable":true,"href":"https:\/\/www.bintoufaitout.com\/index.php\/wp-json\/wp\/v2\/product_tag?post=1270"}],"curies":[{"name":"wp","href":"https:\/\/api.w.org\/{rel}","templated":true}]}}