{"id":1293,"date":"2024-11-29T00:15:03","date_gmt":"2024-11-28T23:15:03","guid":{"rendered":"https:\/\/www.bintoufaitout.com\/index.php\/produit\/lot-12-verres-a-pied-180ml\/"},"modified":"2025-08-19T17:07:01","modified_gmt":"2025-08-19T15:07:01","slug":"lot-12-verres-a-pied-180ml","status":"publish","type":"product","link":"https:\/\/www.bintoufaitout.com\/index.php\/produit\/lot-12-verres-a-pied-180ml\/","title":{"rendered":"Lot 12 Verres \u00e0 pied 180ml"},"content":{"rendered":"<div class=\"description-left\" style=\"flex: 1 1 0%\">\n<div class=\"description\" style=\"flex: 1 1 0%;font-size: 0.8125rem;letter-spacing: 0rem;line-height: 1.125rem;font-family: Roboto, sans-serif;font-weight: 400\">\n<div class=\"Markdown__Wrapper-sc-1390pmb-0 LuOhS Markdown\">\n<p style=\"font-size: 0.8125rem;letter-spacing: 0rem;line-height: 1.125rem;font-family: Roboto, sans-serif;font-weight: 400\">Tr\u00e8s beau verre \u00e0 pied avec motif ext\u00e9rieur cisel\u00e9, id\u00e9al pour le service des cocktails. Passe au lave-vaisselle.<\/p>\n<\/div>\n<\/div>\n<\/div>\n<div class=\"additional-info\"><span class=\"B2cSwitch__B2bCss-sc-22yeuk-0 ceoDLo\"><\/span><\/div>\n","protected":false},"excerpt":{"rendered":"<p>Tr\u00e8s beau verre \u00e0 pied avec motif ext\u00e9rieur cisel\u00e9, id\u00e9al pour le service des cocktails. Passe au lave-vaisselle.<\/p>\n","protected":false},"featured_media":1289,"comment_status":"open","ping_status":"closed","template":"","meta":[],"product_brand":[],"product_cat":[58],"product_tag":[],"class_list":{"0":"post-1293","1":"product","2":"type-product","3":"status-publish","4":"has-post-thumbnail","6":"product_cat-linges-de-lit","8":"first","9":"outofstock","10":"shipping-taxable","11":"purchasable","12":"product-type-simple"},"jetpack_sharing_enabled":true,"_links":{"self":[{"href":"https:\/\/www.bintoufaitout.com\/index.php\/wp-json\/wp\/v2\/product\/1293","targetHints":{"allow":["GET"]}}],"collection":[{"href":"https:\/\/www.bintoufaitout.com\/index.php\/wp-json\/wp\/v2\/product"}],"about":[{"href":"https:\/\/www.bintoufaitout.com\/index.php\/wp-json\/wp\/v2\/types\/product"}],"replies":[{"embeddable":true,"href":"https:\/\/www.bintoufaitout.com\/index.php\/wp-json\/wp\/v2\/comments?post=1293"}],"wp:featuredmedia":[{"embeddable":true,"href":"https:\/\/www.bintoufaitout.com\/index.php\/wp-json\/wp\/v2\/media\/1289"}],"wp:attachment":[{"href":"https:\/\/www.bintoufaitout.com\/index.php\/wp-json\/wp\/v2\/media?parent=1293"}],"wp:term":[{"taxonomy":"product_brand","embeddable":true,"href":"https:\/\/www.bintoufaitout.com\/index.php\/wp-json\/wp\/v2\/product_brand?post=1293"},{"taxonomy":"product_cat","embeddable":true,"href":"https:\/\/www.bintoufaitout.com\/index.php\/wp-json\/wp\/v2\/product_cat?post=1293"},{"taxonomy":"product_tag","embeddable":true,"href":"https:\/\/www.bintoufaitout.com\/index.php\/wp-json\/wp\/v2\/product_tag?post=1293"}],"curies":[{"name":"wp","href":"https:\/\/api.w.org\/{rel}","templated":true}]}}