{"id":1319,"date":"2024-12-05T15:02:30","date_gmt":"2024-12-05T14:02:30","guid":{"rendered":"https:\/\/www.bintoufaitout.com\/index.php\/produit\/tres-grande-assiette-filet-or\/"},"modified":"2025-02-15T21:11:34","modified_gmt":"2025-02-15T20:11:34","slug":"tres-grande-assiette-filet-or","status":"publish","type":"product","link":"https:\/\/www.bintoufaitout.com\/index.php\/produit\/tres-grande-assiette-filet-or\/","title":{"rendered":"Tr\u00e8s grande assiette filet or"},"content":{"rendered":"<p>Cette assiette creuse de la collection rosemberg avec son blanc lumineux et sa forme d&rsquo;une \u00e9l\u00e9gance extr\u00e8me, apportera chic et raffinement \u00e0 n&rsquo;importe quelle table<br \/>\n44 environ 10-12 personnes<br \/>\nMati\u00e8re : Porcelaine<br \/>\nCouleur : Blanc et filet or<\/p>\n","protected":false},"excerpt":{"rendered":"<p>Cette assiette creuse de la collection rosemberg avec son blanc lumineux et sa forme d&rsquo;une \u00e9l\u00e9gance extr\u00e8me, apportera chic et raffinement \u00e0 n&rsquo;importe quelle table 44 environ 10-12 personnes Mati\u00e8re : Porcelaine Couleur : Blanc et filet or<\/p>\n","protected":false},"featured_media":1318,"comment_status":"open","ping_status":"closed","template":"","meta":[],"product_brand":[],"product_cat":[58],"product_tag":[],"class_list":{"0":"post-1319","1":"product","2":"type-product","3":"status-publish","4":"has-post-thumbnail","6":"product_cat-linges-de-lit","8":"first","9":"instock","10":"shipping-taxable","11":"purchasable","12":"product-type-simple"},"jetpack_sharing_enabled":true,"_links":{"self":[{"href":"https:\/\/www.bintoufaitout.com\/index.php\/wp-json\/wp\/v2\/product\/1319","targetHints":{"allow":["GET"]}}],"collection":[{"href":"https:\/\/www.bintoufaitout.com\/index.php\/wp-json\/wp\/v2\/product"}],"about":[{"href":"https:\/\/www.bintoufaitout.com\/index.php\/wp-json\/wp\/v2\/types\/product"}],"replies":[{"embeddable":true,"href":"https:\/\/www.bintoufaitout.com\/index.php\/wp-json\/wp\/v2\/comments?post=1319"}],"wp:featuredmedia":[{"embeddable":true,"href":"https:\/\/www.bintoufaitout.com\/index.php\/wp-json\/wp\/v2\/media\/1318"}],"wp:attachment":[{"href":"https:\/\/www.bintoufaitout.com\/index.php\/wp-json\/wp\/v2\/media?parent=1319"}],"wp:term":[{"taxonomy":"product_brand","embeddable":true,"href":"https:\/\/www.bintoufaitout.com\/index.php\/wp-json\/wp\/v2\/product_brand?post=1319"},{"taxonomy":"product_cat","embeddable":true,"href":"https:\/\/www.bintoufaitout.com\/index.php\/wp-json\/wp\/v2\/product_cat?post=1319"},{"taxonomy":"product_tag","embeddable":true,"href":"https:\/\/www.bintoufaitout.com\/index.php\/wp-json\/wp\/v2\/product_tag?post=1319"}],"curies":[{"name":"wp","href":"https:\/\/api.w.org\/{rel}","templated":true}]}}