{"id":1331,"date":"2024-12-05T15:29:08","date_gmt":"2024-12-05T14:29:08","guid":{"rendered":"https:\/\/www.bintoufaitout.com\/index.php\/produit\/lot-2-thermos-blanc-doree-3\/"},"modified":"2025-01-08T22:01:46","modified_gmt":"2025-01-08T21:01:46","slug":"lot-2-thermos-blanc-doree-3","status":"publish","type":"product","link":"https:\/\/www.bintoufaitout.com\/index.php\/produit\/lot-2-thermos-blanc-doree-3\/","title":{"rendered":"Lot 2 Thermos blanc dor\u00e9e"},"content":{"rendered":"<p>Lot 2 thermos blanc dor\u00e9e isotherme 0,6L et 1 litre peut \u00eatre rempli d&rsquo;eau chaude, de th\u00e9, de caf\u00e9, de lait,de boissons, d&rsquo;eau glac\u00e9e, etc<\/p>\n","protected":false},"excerpt":{"rendered":"<p>Lot 2 thermos blanc dor\u00e9e isotherme 0,6L et 1 litre peut \u00eatre rempli d&rsquo;eau chaude, de th\u00e9, de caf\u00e9, de lait,de boissons, d&rsquo;eau glac\u00e9e, etc<\/p>\n","protected":false},"featured_media":1329,"comment_status":"open","ping_status":"closed","template":"","meta":[],"product_brand":[],"product_cat":[58],"product_tag":[],"class_list":{"0":"post-1331","1":"product","2":"type-product","3":"status-publish","4":"has-post-thumbnail","6":"product_cat-linges-de-lit","8":"first","9":"outofstock","10":"shipping-taxable","11":"purchasable","12":"product-type-simple"},"jetpack_sharing_enabled":true,"_links":{"self":[{"href":"https:\/\/www.bintoufaitout.com\/index.php\/wp-json\/wp\/v2\/product\/1331","targetHints":{"allow":["GET"]}}],"collection":[{"href":"https:\/\/www.bintoufaitout.com\/index.php\/wp-json\/wp\/v2\/product"}],"about":[{"href":"https:\/\/www.bintoufaitout.com\/index.php\/wp-json\/wp\/v2\/types\/product"}],"replies":[{"embeddable":true,"href":"https:\/\/www.bintoufaitout.com\/index.php\/wp-json\/wp\/v2\/comments?post=1331"}],"wp:featuredmedia":[{"embeddable":true,"href":"https:\/\/www.bintoufaitout.com\/index.php\/wp-json\/wp\/v2\/media\/1329"}],"wp:attachment":[{"href":"https:\/\/www.bintoufaitout.com\/index.php\/wp-json\/wp\/v2\/media?parent=1331"}],"wp:term":[{"taxonomy":"product_brand","embeddable":true,"href":"https:\/\/www.bintoufaitout.com\/index.php\/wp-json\/wp\/v2\/product_brand?post=1331"},{"taxonomy":"product_cat","embeddable":true,"href":"https:\/\/www.bintoufaitout.com\/index.php\/wp-json\/wp\/v2\/product_cat?post=1331"},{"taxonomy":"product_tag","embeddable":true,"href":"https:\/\/www.bintoufaitout.com\/index.php\/wp-json\/wp\/v2\/product_tag?post=1331"}],"curies":[{"name":"wp","href":"https:\/\/api.w.org\/{rel}","templated":true}]}}