{"id":1335,"date":"2024-12-05T15:30:39","date_gmt":"2024-12-05T14:30:39","guid":{"rendered":"https:\/\/www.bintoufaitout.com\/index.php\/produit\/lot-2-thermos-noir-doree-3\/"},"modified":"2025-05-12T08:40:56","modified_gmt":"2025-05-12T06:40:56","slug":"lot-2-thermos-noir-doree-3","status":"publish","type":"product","link":"https:\/\/www.bintoufaitout.com\/index.php\/produit\/lot-2-thermos-noir-doree-3\/","title":{"rendered":"Lot 2 Thermos noir dor\u00e9e"},"content":{"rendered":"<p>Lot 2 thermos noir dor\u00e9e isotherme de 0,6l et 1 litre peut \u00eatre rempli d&rsquo;eau chaude, de th\u00e9, de caf\u00e9, de lait,de boissons, d&rsquo;eau glac\u00e9e, etc<\/p>\n","protected":false},"excerpt":{"rendered":"<p>Lot 2 thermos noir dor\u00e9e isotherme de 0,6l et 1 litre peut \u00eatre rempli d&rsquo;eau chaude, de th\u00e9, de caf\u00e9, de lait,de boissons, d&rsquo;eau glac\u00e9e, etc<\/p>\n","protected":false},"featured_media":1660,"comment_status":"open","ping_status":"closed","template":"","meta":[],"product_brand":[],"product_cat":[23,58],"product_tag":[],"class_list":{"0":"post-1335","1":"product","2":"type-product","3":"status-publish","4":"has-post-thumbnail","6":"product_cat-ustensiles-cuisine","7":"product_cat-linges-de-lit","9":"first","10":"outofstock","11":"sale","12":"shipping-taxable","13":"purchasable","14":"product-type-simple"},"jetpack_sharing_enabled":true,"_links":{"self":[{"href":"https:\/\/www.bintoufaitout.com\/index.php\/wp-json\/wp\/v2\/product\/1335","targetHints":{"allow":["GET"]}}],"collection":[{"href":"https:\/\/www.bintoufaitout.com\/index.php\/wp-json\/wp\/v2\/product"}],"about":[{"href":"https:\/\/www.bintoufaitout.com\/index.php\/wp-json\/wp\/v2\/types\/product"}],"replies":[{"embeddable":true,"href":"https:\/\/www.bintoufaitout.com\/index.php\/wp-json\/wp\/v2\/comments?post=1335"}],"wp:featuredmedia":[{"embeddable":true,"href":"https:\/\/www.bintoufaitout.com\/index.php\/wp-json\/wp\/v2\/media\/1660"}],"wp:attachment":[{"href":"https:\/\/www.bintoufaitout.com\/index.php\/wp-json\/wp\/v2\/media?parent=1335"}],"wp:term":[{"taxonomy":"product_brand","embeddable":true,"href":"https:\/\/www.bintoufaitout.com\/index.php\/wp-json\/wp\/v2\/product_brand?post=1335"},{"taxonomy":"product_cat","embeddable":true,"href":"https:\/\/www.bintoufaitout.com\/index.php\/wp-json\/wp\/v2\/product_cat?post=1335"},{"taxonomy":"product_tag","embeddable":true,"href":"https:\/\/www.bintoufaitout.com\/index.php\/wp-json\/wp\/v2\/product_tag?post=1335"}],"curies":[{"name":"wp","href":"https:\/\/api.w.org\/{rel}","templated":true}]}}