{"id":1338,"date":"2024-12-05T15:32:57","date_gmt":"2024-12-05T14:32:57","guid":{"rendered":"https:\/\/www.bintoufaitout.com\/index.php\/produit\/lot-2-thermos-blanc-doree-5\/"},"modified":"2025-09-10T15:19:32","modified_gmt":"2025-09-10T13:19:32","slug":"lot-2-thermos-blanc-doree-5","status":"publish","type":"product","link":"https:\/\/www.bintoufaitout.com\/index.php\/produit\/lot-2-thermos-blanc-doree-5\/","title":{"rendered":"Lot 2 Thermos blanc dor\u00e9e"},"content":{"rendered":"<p>Lot 2 thermos blanc dor\u00e9e isotherme de 0,6 et 1 litre peut \u00eatre rempli d&rsquo;eau chaude, de th\u00e9, de caf\u00e9, de lait,de boissons, d&rsquo;eau glac\u00e9e, etc<\/p>\n","protected":false},"excerpt":{"rendered":"<p>Lot 2 thermos blanc dor\u00e9e isotherme de 0,6 et 1 litre peut \u00eatre rempli d&rsquo;eau chaude, de th\u00e9, de caf\u00e9, de lait,de boissons, d&rsquo;eau glac\u00e9e, etc<\/p>\n","protected":false},"featured_media":2021,"comment_status":"open","ping_status":"closed","template":"","meta":[],"product_brand":[],"product_cat":[23,58],"product_tag":[],"class_list":{"0":"post-1338","1":"product","2":"type-product","3":"status-publish","4":"has-post-thumbnail","6":"product_cat-ustensiles-cuisine","7":"product_cat-linges-de-lit","9":"first","10":"outofstock","11":"sale","12":"shipping-taxable","13":"purchasable","14":"product-type-simple"},"jetpack_sharing_enabled":true,"_links":{"self":[{"href":"https:\/\/www.bintoufaitout.com\/index.php\/wp-json\/wp\/v2\/product\/1338","targetHints":{"allow":["GET"]}}],"collection":[{"href":"https:\/\/www.bintoufaitout.com\/index.php\/wp-json\/wp\/v2\/product"}],"about":[{"href":"https:\/\/www.bintoufaitout.com\/index.php\/wp-json\/wp\/v2\/types\/product"}],"replies":[{"embeddable":true,"href":"https:\/\/www.bintoufaitout.com\/index.php\/wp-json\/wp\/v2\/comments?post=1338"}],"wp:featuredmedia":[{"embeddable":true,"href":"https:\/\/www.bintoufaitout.com\/index.php\/wp-json\/wp\/v2\/media\/2021"}],"wp:attachment":[{"href":"https:\/\/www.bintoufaitout.com\/index.php\/wp-json\/wp\/v2\/media?parent=1338"}],"wp:term":[{"taxonomy":"product_brand","embeddable":true,"href":"https:\/\/www.bintoufaitout.com\/index.php\/wp-json\/wp\/v2\/product_brand?post=1338"},{"taxonomy":"product_cat","embeddable":true,"href":"https:\/\/www.bintoufaitout.com\/index.php\/wp-json\/wp\/v2\/product_cat?post=1338"},{"taxonomy":"product_tag","embeddable":true,"href":"https:\/\/www.bintoufaitout.com\/index.php\/wp-json\/wp\/v2\/product_tag?post=1338"}],"curies":[{"name":"wp","href":"https:\/\/api.w.org\/{rel}","templated":true}]}}