{"id":134,"date":"2023-03-03T13:55:49","date_gmt":"2023-03-03T12:55:49","guid":{"rendered":"http:\/\/www.bintoufaitout.com\/?post_type=product&#038;p=134"},"modified":"2023-03-03T13:55:49","modified_gmt":"2023-03-03T12:55:49","slug":"poeles-a-pancakes-revetement-pierre","status":"publish","type":"product","link":"https:\/\/www.bintoufaitout.com\/index.php\/produit\/poeles-a-pancakes-revetement-pierre\/","title":{"rendered":"Po\u00eales \u00e0 pancakes rev\u00eatement pierre"},"content":{"rendered":"<p>Po\u00eale pour 4 cr\u00eapes ,4 pancakes ou omelettes<\/p>\n<p>Grace \u00e0 son rev\u00eatement Greblon cette po\u00eale vous aidera \u00e0 r\u00e9ussir les plus jolies Pancakes.<\/p>\n<p>Fini les cr\u00eapes qui se collent au fond de la po\u00eale, place \u00e0 la d\u00e9gustation<\/p>\n<p>A vos po\u00eales<\/p>\n<p>Recouvrement pierre c\u00e9ramique antiadh\u00e9sif de technologie Allemande Greblon C2<\/p>\n<p>Sans PFOA<\/p>\n<p>Tr\u00e8s facile d&rsquo;entretien<\/p>\n<p>Cuisson saine avec ou sans mati\u00e8res grasses<\/p>\n<p>Compatible tous feux dont induction.<br \/>\nEn famille ou avec des amis, pour les enfants, ou en amoureux, pour un brunch le dimanche ou en semaine, pr\u00e9parez vous des pancakes moelleux \u00e0 souhait.<\/p>\n<p>Les recettes ne manquent pas, la po\u00eale \u00e0 Pancake vous accompagnera dans vos exigences culinaires.<\/p>\n","protected":false},"excerpt":{"rendered":"<p>Po\u00eale pour 4 cr\u00eapes ,4 pancakes ou omelettes Grace \u00e0 son rev\u00eatement Greblon cette po\u00eale vous aidera \u00e0 r\u00e9ussir les plus jolies Pancakes. Fini les cr\u00eapes qui se collent au fond de la po\u00eale, place \u00e0 la d\u00e9gustation A vos po\u00eales Recouvrement pierre c\u00e9ramique antiadh\u00e9sif de technologie Allemande Greblon C2 Sans PFOA Tr\u00e8s facile d&rsquo;entretien [&hellip;]<\/p>\n","protected":false},"featured_media":135,"comment_status":"open","ping_status":"closed","template":"","meta":[],"product_brand":[],"product_cat":[23],"product_tag":[],"class_list":{"0":"post-134","1":"product","2":"type-product","3":"status-publish","4":"has-post-thumbnail","6":"product_cat-ustensiles-cuisine","8":"first","9":"instock","10":"shipping-taxable","11":"purchasable","12":"product-type-simple"},"jetpack_sharing_enabled":true,"_links":{"self":[{"href":"https:\/\/www.bintoufaitout.com\/index.php\/wp-json\/wp\/v2\/product\/134","targetHints":{"allow":["GET"]}}],"collection":[{"href":"https:\/\/www.bintoufaitout.com\/index.php\/wp-json\/wp\/v2\/product"}],"about":[{"href":"https:\/\/www.bintoufaitout.com\/index.php\/wp-json\/wp\/v2\/types\/product"}],"replies":[{"embeddable":true,"href":"https:\/\/www.bintoufaitout.com\/index.php\/wp-json\/wp\/v2\/comments?post=134"}],"wp:featuredmedia":[{"embeddable":true,"href":"https:\/\/www.bintoufaitout.com\/index.php\/wp-json\/wp\/v2\/media\/135"}],"wp:attachment":[{"href":"https:\/\/www.bintoufaitout.com\/index.php\/wp-json\/wp\/v2\/media?parent=134"}],"wp:term":[{"taxonomy":"product_brand","embeddable":true,"href":"https:\/\/www.bintoufaitout.com\/index.php\/wp-json\/wp\/v2\/product_brand?post=134"},{"taxonomy":"product_cat","embeddable":true,"href":"https:\/\/www.bintoufaitout.com\/index.php\/wp-json\/wp\/v2\/product_cat?post=134"},{"taxonomy":"product_tag","embeddable":true,"href":"https:\/\/www.bintoufaitout.com\/index.php\/wp-json\/wp\/v2\/product_tag?post=134"}],"curies":[{"name":"wp","href":"https:\/\/api.w.org\/{rel}","templated":true}]}}