{"id":1355,"date":"2024-12-05T15:46:09","date_gmt":"2024-12-05T14:46:09","guid":{"rendered":"https:\/\/www.bintoufaitout.com\/index.php\/produit\/ensemble-couverts-argent-24pcs\/"},"modified":"2025-02-21T19:07:07","modified_gmt":"2025-02-21T18:07:07","slug":"ensemble-couverts-argent-24pcs","status":"publish","type":"product","link":"https:\/\/www.bintoufaitout.com\/index.php\/produit\/ensemble-couverts-argent-24pcs\/","title":{"rendered":"Ensemble couverts argent 24pcs"},"content":{"rendered":"<p><span>Comprenant 6 fourchettes de table, 6 couteaux de table, 6 cuill\u00e8res de table, et 6 cuill\u00e8res \u00e0 caf\u00e9. Cet m\u00e9nag\u00e8re abordable et de haute qualit\u00e9 est parfait comme votre premi\u00e8re m\u00e9nag\u00e8re de cuisine pour les familles.Set de couverts aussi comme un cadeau fantastique pour <\/span>les f\u00eates<span> , anniversaire, inauguration de la maison.<\/span><\/p>\n<p><span>Inox 18\/10<\/span><\/p>\n","protected":false},"excerpt":{"rendered":"<p>Comprenant 6 fourchettes de table, 6 couteaux de table, 6 cuill\u00e8res de table, et 6 cuill\u00e8res \u00e0 caf\u00e9. Cet m\u00e9nag\u00e8re abordable et de haute qualit\u00e9 est parfait comme votre premi\u00e8re m\u00e9nag\u00e8re de cuisine pour les familles.Set de couverts aussi comme un cadeau fantastique pour les f\u00eates , anniversaire, inauguration de la maison. Inox 18\/10<\/p>\n","protected":false},"featured_media":1351,"comment_status":"open","ping_status":"closed","template":"","meta":[],"product_brand":[],"product_cat":[58],"product_tag":[],"class_list":{"0":"post-1355","1":"product","2":"type-product","3":"status-publish","4":"has-post-thumbnail","6":"product_cat-linges-de-lit","8":"first","9":"outofstock","10":"sale","11":"shipping-taxable","12":"purchasable","13":"product-type-simple"},"jetpack_sharing_enabled":true,"_links":{"self":[{"href":"https:\/\/www.bintoufaitout.com\/index.php\/wp-json\/wp\/v2\/product\/1355","targetHints":{"allow":["GET"]}}],"collection":[{"href":"https:\/\/www.bintoufaitout.com\/index.php\/wp-json\/wp\/v2\/product"}],"about":[{"href":"https:\/\/www.bintoufaitout.com\/index.php\/wp-json\/wp\/v2\/types\/product"}],"replies":[{"embeddable":true,"href":"https:\/\/www.bintoufaitout.com\/index.php\/wp-json\/wp\/v2\/comments?post=1355"}],"wp:featuredmedia":[{"embeddable":true,"href":"https:\/\/www.bintoufaitout.com\/index.php\/wp-json\/wp\/v2\/media\/1351"}],"wp:attachment":[{"href":"https:\/\/www.bintoufaitout.com\/index.php\/wp-json\/wp\/v2\/media?parent=1355"}],"wp:term":[{"taxonomy":"product_brand","embeddable":true,"href":"https:\/\/www.bintoufaitout.com\/index.php\/wp-json\/wp\/v2\/product_brand?post=1355"},{"taxonomy":"product_cat","embeddable":true,"href":"https:\/\/www.bintoufaitout.com\/index.php\/wp-json\/wp\/v2\/product_cat?post=1355"},{"taxonomy":"product_tag","embeddable":true,"href":"https:\/\/www.bintoufaitout.com\/index.php\/wp-json\/wp\/v2\/product_tag?post=1355"}],"curies":[{"name":"wp","href":"https:\/\/api.w.org\/{rel}","templated":true}]}}