{"id":1368,"date":"2024-12-05T15:54:12","date_gmt":"2024-12-05T14:54:12","guid":{"rendered":"https:\/\/www.bintoufaitout.com\/index.php\/produit\/cocote-minute-9-litres\/"},"modified":"2025-05-12T08:27:00","modified_gmt":"2025-05-12T06:27:00","slug":"cocote-minute-9-litres","status":"publish","type":"product","link":"https:\/\/www.bintoufaitout.com\/index.php\/produit\/cocote-minute-9-litres\/","title":{"rendered":"Cocote minute 9 litres"},"content":{"rendered":"<ul class=\"a-unordered-list a-vertical a-spacing-none\">\n<li class=\"a-spacing-mini\" style=\"margin: 0px\"><span class=\"a-list-item\" style=\"color: var(--__N4QdCheV6mGo,#0f1111)\">3 syst\u00e8mes de s\u00e9curit\u00e9<\/span><\/li>\n<li class=\"a-spacing-mini\" style=\"margin: 0px\"><span class=\"a-list-item\" style=\"color: var(--__N4QdCheV6mGo,#0f1111)\">Syst\u00e8me de fermeture progressive par poign\u00e9e rotative<\/span><\/li>\n<li class=\"a-spacing-mini\" style=\"margin: 0px\"><span class=\"a-list-item\" style=\"color: var(--__N4QdCheV6mGo,#0f1111)\">Acier inoxydable <\/span>int\u00e9rieur<span class=\"a-list-item\" style=\"color: var(--__N4QdCheV6mGo,#0f1111)\"> pierre<\/span><\/li>\n<li class=\"a-spacing-mini\" style=\"margin: 0px\"><span class=\"a-list-item\" style=\"color: var(--__N4QdCheV6mGo,#0f1111)\">\u00c9paisseur du corps 1 mm.<\/span><\/li>\n<li class=\"a-spacing-mini\" style=\"margin: 0px\"><span class=\"a-list-item\" style=\"color: var(--__N4QdCheV6mGo,#0f1111)\">Base sandwich 5 mm.<\/span><\/li>\n<li class=\"a-spacing-mini\" style=\"margin: 0px\"><span class=\"a-list-item\" style=\"color: var(--__N4QdCheV6mGo,#0f1111)\">Poign\u00e9es lat\u00e9rales<\/span><\/li>\n<li class=\"a-spacing-mini\" style=\"margin: 0px\"><span class=\"a-list-item\" style=\"color: var(--__N4QdCheV6mGo,#0f1111)\">Apte \u00e0 toutes les cuisines incluse induction<\/span><\/li>\n<li class=\"a-spacing-mini\" style=\"margin: 0px\"><span class=\"a-list-item\" style=\"color: var(--__N4QdCheV6mGo,#0f1111)\">Utilisation: Cocotte-minute<\/span><\/li>\n<li class=\"a-spacing-mini\" style=\"margin: 0px\"><span class=\"a-list-item\" style=\"color: var(--__N4QdCheV6mGo,#0f1111)\">Capacit\u00e9: 9 litres<\/span><\/li>\n<\/ul>\n","protected":false},"excerpt":{"rendered":"<p>3 syst\u00e8mes de s\u00e9curit\u00e9 Syst\u00e8me de fermeture progressive par poign\u00e9e rotative Acier inoxydable int\u00e9rieur pierre \u00c9paisseur du corps 1 mm. Base sandwich 5 mm. Poign\u00e9es lat\u00e9rales Apte \u00e0 toutes les cuisines incluse induction Utilisation: Cocotte-minute Capacit\u00e9: 9 litres<\/p>\n","protected":false},"featured_media":1365,"comment_status":"open","ping_status":"closed","template":"","meta":[],"product_brand":[],"product_cat":[58],"product_tag":[],"class_list":{"0":"post-1368","1":"product","2":"type-product","3":"status-publish","4":"has-post-thumbnail","6":"product_cat-linges-de-lit","8":"first","9":"outofstock","10":"shipping-taxable","11":"purchasable","12":"product-type-simple"},"jetpack_sharing_enabled":true,"_links":{"self":[{"href":"https:\/\/www.bintoufaitout.com\/index.php\/wp-json\/wp\/v2\/product\/1368","targetHints":{"allow":["GET"]}}],"collection":[{"href":"https:\/\/www.bintoufaitout.com\/index.php\/wp-json\/wp\/v2\/product"}],"about":[{"href":"https:\/\/www.bintoufaitout.com\/index.php\/wp-json\/wp\/v2\/types\/product"}],"replies":[{"embeddable":true,"href":"https:\/\/www.bintoufaitout.com\/index.php\/wp-json\/wp\/v2\/comments?post=1368"}],"wp:featuredmedia":[{"embeddable":true,"href":"https:\/\/www.bintoufaitout.com\/index.php\/wp-json\/wp\/v2\/media\/1365"}],"wp:attachment":[{"href":"https:\/\/www.bintoufaitout.com\/index.php\/wp-json\/wp\/v2\/media?parent=1368"}],"wp:term":[{"taxonomy":"product_brand","embeddable":true,"href":"https:\/\/www.bintoufaitout.com\/index.php\/wp-json\/wp\/v2\/product_brand?post=1368"},{"taxonomy":"product_cat","embeddable":true,"href":"https:\/\/www.bintoufaitout.com\/index.php\/wp-json\/wp\/v2\/product_cat?post=1368"},{"taxonomy":"product_tag","embeddable":true,"href":"https:\/\/www.bintoufaitout.com\/index.php\/wp-json\/wp\/v2\/product_tag?post=1368"}],"curies":[{"name":"wp","href":"https:\/\/api.w.org\/{rel}","templated":true}]}}