{"id":1372,"date":"2024-12-05T15:58:22","date_gmt":"2024-12-05T14:58:22","guid":{"rendered":"https:\/\/www.bintoufaitout.com\/index.php\/produit\/bloc-couteaux-rs\/"},"modified":"2025-09-26T17:26:26","modified_gmt":"2025-09-26T15:26:26","slug":"bloc-couteaux-rs","status":"publish","type":"product","link":"https:\/\/www.bintoufaitout.com\/index.php\/produit\/bloc-couteaux-rs\/","title":{"rendered":"Bloc couteaux RS"},"content":{"rendered":"<ul role=\"list\" style=\"margin: 0px;padding: 0px;border: 0px;font-style: normal;font-weight: 400;font-size: 14px;line-height: inherit;font-family: Poppins, Poppins-fallback, Verdana, sans-serif;letter-spacing: normal;text-align: start;text-indent: 0px;text-transform: none;text-decoration: none\">\n<li class=\"product-features__item\" role=\"listitem\" style=\"margin: 0px;padding: 0px;border: 0px;font-style: inherit;font-weight: inherit;font-size: inherit;line-height: inherit;font-family: inherit\">\n<ul role=\"list\" style=\"margin: 0px;padding: 0px;border: 0px;font-style: inherit;font-weight: inherit;font-size: inherit;line-height: inherit;font-family: inherit\">\n<li class=\"product-features__item-list__item\" role=\"listitem\" style=\"margin: 0.5rem 0px 0px;padding: 0px;border: 0px;font-style: inherit;font-weight: inherit;font-size: inherit;line-height: inherit;font-family: inherit\"><span class=\"is--medium\" style=\"margin: 0px;padding: 0px;border: 0px;font-style: inherit;font-weight: 500;font-size: inherit;line-height: inherit;font-family: inherit\">Nombre de couteaux :<\/span><span class=\"Apple-converted-space\">&nbsp;<\/span>6 couteaux<\/li>\n<li class=\"product-features__item-list__item\" role=\"listitem\" style=\"margin: 0.5rem 0px 0px;padding: 0px;border: 0px;font-style: inherit;font-weight: inherit;font-size: inherit;line-height: inherit;font-family: inherit\"><span class=\"is--medium\" style=\"margin: 0px;padding: 0px;border: 0px;font-style: inherit;font-weight: 500;font-size: inherit;line-height: inherit;font-family: inherit\">Type de produit :<\/span><span class=\"Apple-converted-space\">&nbsp;<\/span>Bloc couteaux<\/li>\n<li class=\"product-features__item-list__item\" role=\"listitem\" style=\"margin: 0.5rem 0px 0px;padding: 0px;border: 0px;font-style: inherit;font-weight: inherit;font-size: inherit;line-height: inherit;font-family: inherit\"><span class=\"is--medium\" style=\"margin: 0px;padding: 0px;border: 0px;font-style: inherit;font-weight: 500;font-size: inherit;line-height: inherit;font-family: inherit\">Mati\u00e8re du manche :<\/span><span class=\"Apple-converted-space\">&nbsp;<\/span>Acier<\/li>\n<li class=\"product-features__item-list__item\" role=\"listitem\" style=\"margin: 0.5rem 0px 0px;padding: 0px;border: 0px;font-style: inherit;font-weight: inherit;font-size: inherit;line-height: inherit;font-family: inherit\"><span class=\"is--medium\" style=\"margin: 0px;padding: 0px;border: 0px;font-style: inherit;font-weight: 500;font-size: inherit;line-height: inherit;font-family: inherit\">Coloris :<\/span><span class=\"Apple-converted-space\">&nbsp;<\/span>Beige<\/li>\n<li class=\"product-features__item-list__item\" role=\"listitem\" style=\"margin: 0.5rem 0px 0px;padding: 0px;border: 0px;font-style: inherit;font-weight: inherit;font-size: inherit;line-height: inherit;font-family: inherit\"><span class=\"is--medium\" style=\"margin: 0px;padding: 0px;border: 0px;font-style: inherit;font-weight: 500;font-size: inherit;line-height: inherit;font-family: inherit\">Compatible lave-vaiselle :<\/span><span class=\"Apple-converted-space\">&nbsp;<\/span>Oui<\/li>\n<li class=\"product-features__item-list__item\" role=\"listitem\" style=\"margin: 0.5rem 0px 0px;padding: 0px;border: 0px;font-style: inherit;font-weight: inherit;font-size: inherit;line-height: inherit;font-family: inherit\"><span class=\"is--medium\" style=\"margin: 0px;padding: 0px;border: 0px;font-style: inherit;font-weight: 500;font-size: inherit;line-height: inherit;font-family: inherit\">Particularit\u00e9 :<\/span><span class=\"Apple-converted-space\">&nbsp;<\/span>Couteaux avec lames en acier inox allemand poli et manche en acier inox bross\u00e9<\/li>\n<\/ul>\n<\/li>\n<li class=\"product-features__item\" role=\"listitem\" style=\"margin: 1.5rem 0px 0px;padding: 0px;border: 0px;font-style: inherit;font-weight: inherit;font-size: inherit;line-height: inherit;font-family: inherit\">\n<h3 class=\"product-features__label\" style=\"margin: 0px;padding: 0px;border: 0px;font-style: inherit;font-weight: 700;font-size: 1.125rem;line-height: 1.375rem;font-family: inherit\"><strong>Conception de la lame<\/strong><\/h3>\n<ul role=\"list\" style=\"margin: 0px;padding: 0px;border: 0px;font-style: inherit;font-weight: inherit;font-size: inherit;line-height: inherit;font-family: inherit\">\n<li class=\"product-features__item-list__item\" role=\"listitem\" style=\"margin: 0.5rem 0px 0px;padding: 0px;border: 0px;font-style: inherit;font-weight: inherit;font-size: inherit;line-height: inherit;font-family: inherit\"><span class=\"is--medium\" style=\"margin: 0px;padding: 0px;border: 0px;font-style: inherit;font-weight: 500;font-size: inherit;line-height: inherit;font-family: inherit\">Mati\u00e8re de la lame :<\/span><span class=\"Apple-converted-space\">&nbsp;<\/span>Acier<\/li>\n<li class=\"product-features__item-list__item\" role=\"listitem\" style=\"margin: 0.5rem 0px 0px;padding: 0px;border: 0px;font-style: inherit;font-weight: inherit;font-size: inherit;line-height: inherit;font-family: inherit\"><span class=\"is--medium\" style=\"margin: 0px;padding: 0px;border: 0px;font-style: inherit;font-weight: 500;font-size: inherit;line-height: inherit;font-family: inherit\">Taille de la lame (en cm) :<\/span><span class=\"Apple-converted-space\">&nbsp;<\/span>19<\/li>\n<li class=\"product-features__item-list__item\" role=\"listitem\" style=\"margin: 0.5rem 0px 0px;padding: 0px;border: 0px;font-style: inherit;font-weight: inherit;font-size: inherit;line-height: inherit;font-family: inherit\"><span class=\"is--medium\" style=\"margin: 0px;padding: 0px;border: 0px;font-style: inherit;font-weight: 500;font-size: inherit;line-height: inherit;font-family: inherit\">Soie de la lame :<\/span><span class=\"Apple-converted-space\">&nbsp;<\/span>Lame pleine soie : Prolongement de la lame dans le manche pour un meilleur \u00e9quilibre et un couteau plus robuste<\/li>\n<li class=\"product-features__item-list__item\" role=\"listitem\" style=\"margin: 0.5rem 0px 0px;padding: 0px;border: 0px;font-style: inherit;font-weight: inherit;font-size: inherit;line-height: inherit;font-family: inherit\"><span class=\"is--medium\" style=\"margin: 0px;padding: 0px;border: 0px;font-style: inherit;font-weight: 500;font-size: inherit;line-height: inherit;font-family: inherit\">Couteau avec garde :<\/span><span class=\"Apple-converted-space\">&nbsp;<\/span>Oui, elle s\u00e9curise les manipulations en emp\u00eachant votre main de glisser sur la lame.<\/li>\n<\/ul>\n<\/li>\n<li class=\"product-features__item\" role=\"listitem\" style=\"margin: 1.5rem 0px 0px;padding: 0px;border: 0px;font-style: inherit;font-weight: inherit;font-size: inherit;line-height: inherit;font-family: inherit\">\n<h3 class=\"product-features__label\" style=\"margin: 0px;padding: 0px;border: 0px;font-style: inherit;font-weight: 700;font-size: 1.125rem;line-height: 1.375rem;font-family: inherit\"><strong>Id\u00e9al pour<\/strong><\/h3>\n<ul role=\"list\" style=\"margin: 0px;padding: 0px;border: 0px;font-style: inherit;font-weight: inherit;font-size: inherit;line-height: inherit;font-family: inherit\">\n<li class=\"product-features__item-list__item\" role=\"listitem\" style=\"margin: 0.5rem 0px 0px;padding: 0px;border: 0px;font-style: inherit;font-weight: inherit;font-size: inherit;line-height: inherit;font-family: inherit\"><span class=\"is--medium\" style=\"margin: 0px;padding: 0px;border: 0px;font-style: inherit;font-weight: 500;font-size: inherit;line-height: inherit;font-family: inherit\">Couper :<\/span><span class=\"Apple-converted-space\">&nbsp;<\/span>L\u00e9gumes, Fruits, Pain et Brioche, Viande, Poisson<\/li>\n<\/ul>\n<\/li>\n<\/ul>\n","protected":false},"excerpt":{"rendered":"<p>Nombre de couteaux :&nbsp;6 couteaux Type de produit :&nbsp;Bloc couteaux Mati\u00e8re du manche :&nbsp;Acier Coloris :&nbsp;Beige Compatible lave-vaiselle :&nbsp;Oui Particularit\u00e9 :&nbsp;Couteaux avec lames en acier inox allemand poli et manche en acier inox bross\u00e9 Conception de la lame Mati\u00e8re de la lame :&nbsp;Acier Taille de la lame (en cm) :&nbsp;19 Soie de la lame :&nbsp;Lame [&hellip;]<\/p>\n","protected":false},"featured_media":1370,"comment_status":"open","ping_status":"closed","template":"","meta":[],"product_brand":[],"product_cat":[58],"product_tag":[],"class_list":{"0":"post-1372","1":"product","2":"type-product","3":"status-publish","4":"has-post-thumbnail","6":"product_cat-linges-de-lit","8":"first","9":"instock","10":"sale","11":"shipping-taxable","12":"purchasable","13":"product-type-simple"},"jetpack_sharing_enabled":true,"_links":{"self":[{"href":"https:\/\/www.bintoufaitout.com\/index.php\/wp-json\/wp\/v2\/product\/1372","targetHints":{"allow":["GET"]}}],"collection":[{"href":"https:\/\/www.bintoufaitout.com\/index.php\/wp-json\/wp\/v2\/product"}],"about":[{"href":"https:\/\/www.bintoufaitout.com\/index.php\/wp-json\/wp\/v2\/types\/product"}],"replies":[{"embeddable":true,"href":"https:\/\/www.bintoufaitout.com\/index.php\/wp-json\/wp\/v2\/comments?post=1372"}],"wp:featuredmedia":[{"embeddable":true,"href":"https:\/\/www.bintoufaitout.com\/index.php\/wp-json\/wp\/v2\/media\/1370"}],"wp:attachment":[{"href":"https:\/\/www.bintoufaitout.com\/index.php\/wp-json\/wp\/v2\/media?parent=1372"}],"wp:term":[{"taxonomy":"product_brand","embeddable":true,"href":"https:\/\/www.bintoufaitout.com\/index.php\/wp-json\/wp\/v2\/product_brand?post=1372"},{"taxonomy":"product_cat","embeddable":true,"href":"https:\/\/www.bintoufaitout.com\/index.php\/wp-json\/wp\/v2\/product_cat?post=1372"},{"taxonomy":"product_tag","embeddable":true,"href":"https:\/\/www.bintoufaitout.com\/index.php\/wp-json\/wp\/v2\/product_tag?post=1372"}],"curies":[{"name":"wp","href":"https:\/\/api.w.org\/{rel}","templated":true}]}}