{"id":1381,"date":"2024-12-05T16:02:10","date_gmt":"2024-12-05T15:02:10","guid":{"rendered":"https:\/\/www.bintoufaitout.com\/index.php\/produit\/lot-5-casseroles-inox\/"},"modified":"2024-12-05T16:02:16","modified_gmt":"2024-12-05T15:02:16","slug":"lot-5-casseroles-inox","status":"publish","type":"product","link":"https:\/\/www.bintoufaitout.com\/index.php\/produit\/lot-5-casseroles-inox\/","title":{"rendered":"Lot 5 casseroles Inox"},"content":{"rendered":"<p>Ce set de 5 casseroles en inox 18\/10 sera votre compagnon pour la cuisson de tout type d\u2019aliments. Peut aller sur tout type de feux que se soit de l\u2019induction, du gaz, de l\u2019\u00e9lectrique ou de la vitro-c\u00e9ramique. Passe \u00e9galement au lave-vaisselle<\/p>\n<p>Poign\u00e9es anti chauffe<\/p>\n<p>dimensions: 12\/14\/16\/18\/20cm<\/p>\n","protected":false},"excerpt":{"rendered":"<p>Ce set de 5 casseroles en inox 18\/10 sera votre compagnon pour la cuisson de tout type d\u2019aliments. Peut aller sur tout type de feux que se soit de l\u2019induction, du gaz, de l\u2019\u00e9lectrique ou de la vitro-c\u00e9ramique. Passe \u00e9galement au lave-vaisselle Poign\u00e9es anti chauffe dimensions: 12\/14\/16\/18\/20cm<\/p>\n","protected":false},"featured_media":1378,"comment_status":"open","ping_status":"closed","template":"","meta":[],"product_brand":[],"product_cat":[58],"product_tag":[],"class_list":{"0":"post-1381","1":"product","2":"type-product","3":"status-publish","4":"has-post-thumbnail","6":"product_cat-linges-de-lit","8":"first","9":"instock","10":"sale","11":"shipping-taxable","12":"purchasable","13":"product-type-simple"},"jetpack_sharing_enabled":true,"_links":{"self":[{"href":"https:\/\/www.bintoufaitout.com\/index.php\/wp-json\/wp\/v2\/product\/1381","targetHints":{"allow":["GET"]}}],"collection":[{"href":"https:\/\/www.bintoufaitout.com\/index.php\/wp-json\/wp\/v2\/product"}],"about":[{"href":"https:\/\/www.bintoufaitout.com\/index.php\/wp-json\/wp\/v2\/types\/product"}],"replies":[{"embeddable":true,"href":"https:\/\/www.bintoufaitout.com\/index.php\/wp-json\/wp\/v2\/comments?post=1381"}],"wp:featuredmedia":[{"embeddable":true,"href":"https:\/\/www.bintoufaitout.com\/index.php\/wp-json\/wp\/v2\/media\/1378"}],"wp:attachment":[{"href":"https:\/\/www.bintoufaitout.com\/index.php\/wp-json\/wp\/v2\/media?parent=1381"}],"wp:term":[{"taxonomy":"product_brand","embeddable":true,"href":"https:\/\/www.bintoufaitout.com\/index.php\/wp-json\/wp\/v2\/product_brand?post=1381"},{"taxonomy":"product_cat","embeddable":true,"href":"https:\/\/www.bintoufaitout.com\/index.php\/wp-json\/wp\/v2\/product_cat?post=1381"},{"taxonomy":"product_tag","embeddable":true,"href":"https:\/\/www.bintoufaitout.com\/index.php\/wp-json\/wp\/v2\/product_tag?post=1381"}],"curies":[{"name":"wp","href":"https:\/\/api.w.org\/{rel}","templated":true}]}}