{"id":139,"date":"2023-03-03T14:15:11","date_gmt":"2023-03-03T13:15:11","guid":{"rendered":"http:\/\/www.bintoufaitout.com\/?post_type=product&#038;p=139"},"modified":"2025-09-08T18:39:00","modified_gmt":"2025-09-08T16:39:00","slug":"couscoussier-inox-18-10","status":"publish","type":"product","link":"https:\/\/www.bintoufaitout.com\/index.php\/produit\/couscoussier-inox-18-10\/","title":{"rendered":"Couscoussier inox 14 litres"},"content":{"rendered":"<ul class=\"a-unordered-list a-vertical a-spacing-none\">\n<li><span class=\"a-list-item\">Certifi\u00e9 tout types de feux: induction, gaz, plaques \u00e9lectriques et vitroc\u00e9ramique<\/span><\/li>\n<li><span class=\"a-list-item\">Trois en 1 : Couscoussier \/ Marmite \/ Cuit Vapeur<\/span><\/li>\n<li><span class=\"a-list-item\">Entretien: passe au lave-vaisselle<\/span><\/li>\n<li><span class=\"a-list-item\">Couvercle en verre avec cerclage et poign\u00e9e inox<\/span><\/li>\n<li><span class=\"a-list-item\">Poign\u00e9es anti chaleur rivet\u00e9es\u00a0<\/span><\/li>\n<li>inox 18\/10<\/li>\n<\/ul>\n<p class=\"a-spacing-base\">Le couscoussier rosemberg\u00a0<span class=\"a-text-bold\">pour tous<\/span>. Du c\u00e9libataire \u00e0 la famille nombreuse, rosemberg vous propose sa collection de couscoussiers <span class=\"a-text-bold\">du 4 litres au 14 litres<\/span><\/p>\n<p class=\"a-spacing-base\">Ce couscoussier Rosemberg sera votre <span class=\"a-text-bold\">meilleur atout lors de vos pr\u00e9parations culinaires,<\/span> pr\u00e9parez vous <span class=\"a-text-bold\">\u00e0 faire des jaloux<\/span> !<\/p>\n<p class=\"a-spacing-base\">Adoptez des<span class=\"a-text-bold\"> habitudes culinaires saines \u00e0 la maison avec<\/span>\u00a0le couscoussier rosemberg \u00e9quip\u00e9 du rev\u00eatement anti adh\u00e9sif<\/p>\n","protected":false},"excerpt":{"rendered":"<p>Certifi\u00e9 tout types de feux: induction, gaz, plaques \u00e9lectriques et vitroc\u00e9ramique Trois en 1 : Couscoussier \/ Marmite \/ Cuit Vapeur Entretien: passe au lave-vaisselle Couvercle en verre avec cerclage et poign\u00e9e inox Poign\u00e9es anti chaleur rivet\u00e9es\u00a0 inox 18\/10 Le couscoussier rosemberg\u00a0pour tous. Du c\u00e9libataire \u00e0 la famille nombreuse, rosemberg vous propose sa collection de [&hellip;]<\/p>\n","protected":false},"featured_media":140,"comment_status":"open","ping_status":"closed","template":"","meta":[],"product_brand":[],"product_cat":[23],"product_tag":[],"class_list":{"0":"post-139","1":"product","2":"type-product","3":"status-publish","4":"has-post-thumbnail","6":"product_cat-ustensiles-cuisine","8":"first","9":"outofstock","10":"shipping-taxable","11":"purchasable","12":"product-type-simple"},"jetpack_sharing_enabled":true,"_links":{"self":[{"href":"https:\/\/www.bintoufaitout.com\/index.php\/wp-json\/wp\/v2\/product\/139","targetHints":{"allow":["GET"]}}],"collection":[{"href":"https:\/\/www.bintoufaitout.com\/index.php\/wp-json\/wp\/v2\/product"}],"about":[{"href":"https:\/\/www.bintoufaitout.com\/index.php\/wp-json\/wp\/v2\/types\/product"}],"replies":[{"embeddable":true,"href":"https:\/\/www.bintoufaitout.com\/index.php\/wp-json\/wp\/v2\/comments?post=139"}],"wp:featuredmedia":[{"embeddable":true,"href":"https:\/\/www.bintoufaitout.com\/index.php\/wp-json\/wp\/v2\/media\/140"}],"wp:attachment":[{"href":"https:\/\/www.bintoufaitout.com\/index.php\/wp-json\/wp\/v2\/media?parent=139"}],"wp:term":[{"taxonomy":"product_brand","embeddable":true,"href":"https:\/\/www.bintoufaitout.com\/index.php\/wp-json\/wp\/v2\/product_brand?post=139"},{"taxonomy":"product_cat","embeddable":true,"href":"https:\/\/www.bintoufaitout.com\/index.php\/wp-json\/wp\/v2\/product_cat?post=139"},{"taxonomy":"product_tag","embeddable":true,"href":"https:\/\/www.bintoufaitout.com\/index.php\/wp-json\/wp\/v2\/product_tag?post=139"}],"curies":[{"name":"wp","href":"https:\/\/api.w.org\/{rel}","templated":true}]}}