{"id":1392,"date":"2024-12-05T16:20:35","date_gmt":"2024-12-05T15:20:35","guid":{"rendered":"https:\/\/www.bintoufaitout.com\/index.php\/produit\/lot-12-verres-sur-pied-2\/"},"modified":"2024-12-05T16:20:40","modified_gmt":"2024-12-05T15:20:40","slug":"lot-12-verres-sur-pied-2","status":"publish","type":"product","link":"https:\/\/www.bintoufaitout.com\/index.php\/produit\/lot-12-verres-sur-pied-2\/","title":{"rendered":"Lot 12 verres sur pied"},"content":{"rendered":"<div id=\"productOverview_feature_div\" class=\"celwidget\" data-feature-name=\"productOverviewForNonBeauty_T1\" data-csa-c-type=\"widget\" data-csa-c-content-id=\"productOverviewForNonBeauty_T1\" data-csa-c-slot-id=\"productOverview_feature_div\" data-csa-c-asin=\"\" data-csa-c-is-in-initial-active-row=\"false\" data-csa-c-id=\"28ymvi-jalxn9-afuogd-l03huf\" data-cel-widget=\"productOverview_feature_div\">\n<div id=\"productOverview_hoc_view_div\" class=\"a-section a-spacing-small\" style=\"margin-bottom: 0px\">\n<div class=\"a-row po-brand\" style=\"width: 360px\">\n<div class=\"a-column a-span7 a-span-last\" style=\"margin-right: 0px;float: right;min-height: 0.1rem;overflow: visible;width: 202.5px\"><span class=\"a-size-base a-color-base a-text-bold\" style=\"font-weight: 700 !important;font-size: 1.5rem !important;line-height: 1.35 !important;color: var(--__N4QdCheV6mGo,#0f1111) !important\">Verres sur pied<\/span><\/div>\n<\/div>\n<div class=\"a-row a-spacing-top-base po-special_feature\" style=\"width: 360px;margin-top: 1.2rem !important\">\n<div class=\"a-column a-span7 a-span-last\" style=\"margin-right: 0px;float: right;min-height: 0.1rem;overflow: visible;width: 202.5px\"><span class=\"a-size-base a-color-base\" style=\"font-size: 1.5rem !important;line-height: 1.35 !important;color: var(--__N4QdCheV6mGo,#0f1111) !important\">Passe au lave-vaisselle, R\u00e9sistant au choc<\/span><\/div>\n<\/div>\n<\/div>\n<\/div>\n<div id=\"featureBulletsAndDescription_hoc_feature_div\" class=\"celwidget\" data-feature-name=\"featureBulletsAndDescription_hoc\" data-csa-c-type=\"widget\" data-csa-c-content-id=\"featureBulletsAndDescription_hoc\" data-csa-c-slot-id=\"featureBulletsAndDescription_hoc_feature_div\" data-csa-c-asin=\"\" data-csa-c-is-in-initial-active-row=\"false\" data-csa-c-id=\"6p0h9o-x7xkdq-ncv5z5-wki58i\" data-cel-widget=\"featureBulletsAndDescription_hoc_feature_div\">\n<div id=\"featurebullets_secondary_view_div\" class=\"a-section a-spacing-small a-spacing-top-medium\" style=\"margin-bottom: 0px;margin-top: 1.6rem !important\">\n<div id=\"feature-bullets\" class=\"a-section a-spacing-small\" style=\"margin-bottom: 0px\">\n<ul class=\"a-unordered-list a-vertical a-spacing-none\" style=\"margin: 0px 0px 0px 1.8rem;color: var(--__N4QdCheV6mGo,#0f1111);padding: 0px\">\n<li class=\"a-spacing-mini\" style=\"margin: 0px\"><span class=\"a-list-item\" style=\"color: var(--__N4QdCheV6mGo,#0f1111)\">Vendu en boite de 12 pi\u00e8ces.<\/span><\/li>\n<li class=\"a-spacing-mini\" style=\"margin: 0px\"><span class=\"a-list-item\" style=\"color: var(--__N4QdCheV6mGo,#0f1111)\">Emballage renforc\u00e9 d\u00e9di\u00e9 \u00e0 la vente en ligne.<\/span><\/li>\n<li class=\"a-spacing-mini\" style=\"margin: 0px\"><span class=\"a-list-item\" style=\"color: var(--__N4QdCheV6mGo,#0f1111)\">con\u00e7u pour passer au lave-vaisselle.<\/span><\/li>\n<li class=\"a-spacing-mini\" style=\"margin: 0px\"><span class=\"a-list-item\" style=\"color: var(--__N4QdCheV6mGo,#0f1111)\">Fabriqu\u00e9 en verre, un mat\u00e9riau sain et 100% recyclable.<\/span><\/li>\n<li class=\"a-spacing-mini\" style=\"margin: 0px\"><span class=\"a-list-item\" style=\"color: var(--__N4QdCheV6mGo,#0f1111)\">80cl<\/span><\/li>\n<\/ul>\n<\/div>\n<\/div>\n<\/div>\n","protected":false},"excerpt":{"rendered":"<p>Verres sur pied Passe au lave-vaisselle, R\u00e9sistant au choc Vendu en boite de 12 pi\u00e8ces. Emballage renforc\u00e9 d\u00e9di\u00e9 \u00e0 la vente en ligne. con\u00e7u pour passer au lave-vaisselle. Fabriqu\u00e9 en verre, un mat\u00e9riau sain et 100% recyclable. 80cl<\/p>\n","protected":false},"featured_media":1391,"comment_status":"open","ping_status":"closed","template":"","meta":[],"product_brand":[],"product_cat":[58],"product_tag":[],"class_list":{"0":"post-1392","1":"product","2":"type-product","3":"status-publish","4":"has-post-thumbnail","6":"product_cat-linges-de-lit","8":"first","9":"instock","10":"shipping-taxable","11":"purchasable","12":"product-type-simple"},"jetpack_sharing_enabled":true,"_links":{"self":[{"href":"https:\/\/www.bintoufaitout.com\/index.php\/wp-json\/wp\/v2\/product\/1392","targetHints":{"allow":["GET"]}}],"collection":[{"href":"https:\/\/www.bintoufaitout.com\/index.php\/wp-json\/wp\/v2\/product"}],"about":[{"href":"https:\/\/www.bintoufaitout.com\/index.php\/wp-json\/wp\/v2\/types\/product"}],"replies":[{"embeddable":true,"href":"https:\/\/www.bintoufaitout.com\/index.php\/wp-json\/wp\/v2\/comments?post=1392"}],"wp:featuredmedia":[{"embeddable":true,"href":"https:\/\/www.bintoufaitout.com\/index.php\/wp-json\/wp\/v2\/media\/1391"}],"wp:attachment":[{"href":"https:\/\/www.bintoufaitout.com\/index.php\/wp-json\/wp\/v2\/media?parent=1392"}],"wp:term":[{"taxonomy":"product_brand","embeddable":true,"href":"https:\/\/www.bintoufaitout.com\/index.php\/wp-json\/wp\/v2\/product_brand?post=1392"},{"taxonomy":"product_cat","embeddable":true,"href":"https:\/\/www.bintoufaitout.com\/index.php\/wp-json\/wp\/v2\/product_cat?post=1392"},{"taxonomy":"product_tag","embeddable":true,"href":"https:\/\/www.bintoufaitout.com\/index.php\/wp-json\/wp\/v2\/product_tag?post=1392"}],"curies":[{"name":"wp","href":"https:\/\/api.w.org\/{rel}","templated":true}]}}