{"id":1465,"date":"2024-12-21T23:40:13","date_gmt":"2024-12-21T22:40:13","guid":{"rendered":"https:\/\/www.bintoufaitout.com\/index.php\/produit\/pack-poeles-3casseroles\/"},"modified":"2025-09-08T18:37:31","modified_gmt":"2025-09-08T16:37:31","slug":"pack-poeles-3casseroles","status":"publish","type":"product","link":"https:\/\/www.bintoufaitout.com\/index.php\/produit\/pack-poeles-3casseroles\/","title":{"rendered":"Pack po\u00eales +3casseroles"},"content":{"rendered":"<ul class=\"a-unordered-list a-vertical a-spacing-none\">\n<li class=\"a-spacing-mini\" style=\"margin: 0px\"><span class=\"a-list-item\" style=\"color: var(--__N4QdCheV6mGo,#0f1111)\">Batterie 6 pi\u00e8ces amovible : 3 poele\u00d820\/24\/28cm et 3 casseroles 16\/18\/20cm en pierre 3 couches pour une diffusion rapide et optimale de la chaleur<\/span><\/li>\n<li class=\"a-spacing-mini\" style=\"margin: 0px\"><span class=\"a-list-item\" style=\"color: var(--__N4QdCheV6mGo,#0f1111)\">Le rev\u00eatement anti-adh\u00e9rent permet aux aliments de ne pas accrocher ainsi qu&rsquo;un nettoyage facile du fond<\/span><\/li>\n<li class=\"a-spacing-mini\" style=\"margin: 0px\"><span class=\"a-list-item\" style=\"color: var(--__N4QdCheV6mGo,#0f1111)\">La poign\u00e9e amovible est facile et intuitive d&rsquo;utilisation elle facilite \u00e9galement le rangement et le gain de place dans les placards<\/span><\/li>\n<li class=\"a-spacing-mini\" style=\"margin: 0px\"><span class=\"a-list-item\" style=\"color: var(--__N4QdCheV6mGo,#0f1111)\">Compatible tous feux y compris l&rsquo;induction compatible au four (180\u00b0maximum) compatible au lave-vaisselle compatible r\u00e9frig\u00e9rateur<\/span><\/li>\n<li class=\"a-spacing-mini\" style=\"margin: 0px\"><span class=\"a-list-item\" style=\"color: var(--__N4QdCheV6mGo,#0f1111)\">R\u00e9pond \u00e0 toutes les contraintes de normes d&rsquo;esth\u00e9tique et sans PFOA<\/span><\/li>\n<\/ul>\n","protected":false},"excerpt":{"rendered":"<p>Batterie 6 pi\u00e8ces amovible : 3 poele\u00d820\/24\/28cm et 3 casseroles 16\/18\/20cm en pierre 3 couches pour une diffusion rapide et optimale de la chaleur Le rev\u00eatement anti-adh\u00e9rent permet aux aliments de ne pas accrocher ainsi qu&rsquo;un nettoyage facile du fond La poign\u00e9e amovible est facile et intuitive d&rsquo;utilisation elle facilite \u00e9galement le rangement et le [&hellip;]<\/p>\n","protected":false},"featured_media":1462,"comment_status":"open","ping_status":"closed","template":"","meta":[],"product_brand":[],"product_cat":[58],"product_tag":[],"class_list":{"0":"post-1465","1":"product","2":"type-product","3":"status-publish","4":"has-post-thumbnail","6":"product_cat-linges-de-lit","8":"first","9":"outofstock","10":"sale","11":"shipping-taxable","12":"purchasable","13":"product-type-simple"},"jetpack_sharing_enabled":true,"_links":{"self":[{"href":"https:\/\/www.bintoufaitout.com\/index.php\/wp-json\/wp\/v2\/product\/1465","targetHints":{"allow":["GET"]}}],"collection":[{"href":"https:\/\/www.bintoufaitout.com\/index.php\/wp-json\/wp\/v2\/product"}],"about":[{"href":"https:\/\/www.bintoufaitout.com\/index.php\/wp-json\/wp\/v2\/types\/product"}],"replies":[{"embeddable":true,"href":"https:\/\/www.bintoufaitout.com\/index.php\/wp-json\/wp\/v2\/comments?post=1465"}],"wp:featuredmedia":[{"embeddable":true,"href":"https:\/\/www.bintoufaitout.com\/index.php\/wp-json\/wp\/v2\/media\/1462"}],"wp:attachment":[{"href":"https:\/\/www.bintoufaitout.com\/index.php\/wp-json\/wp\/v2\/media?parent=1465"}],"wp:term":[{"taxonomy":"product_brand","embeddable":true,"href":"https:\/\/www.bintoufaitout.com\/index.php\/wp-json\/wp\/v2\/product_brand?post=1465"},{"taxonomy":"product_cat","embeddable":true,"href":"https:\/\/www.bintoufaitout.com\/index.php\/wp-json\/wp\/v2\/product_cat?post=1465"},{"taxonomy":"product_tag","embeddable":true,"href":"https:\/\/www.bintoufaitout.com\/index.php\/wp-json\/wp\/v2\/product_tag?post=1465"}],"curies":[{"name":"wp","href":"https:\/\/api.w.org\/{rel}","templated":true}]}}