{"id":1474,"date":"2024-12-21T23:48:42","date_gmt":"2024-12-21T22:48:42","guid":{"rendered":"https:\/\/www.bintoufaitout.com\/index.php\/produit\/mijoteuse-diamant-32cm\/"},"modified":"2025-08-19T17:11:08","modified_gmt":"2025-08-19T15:11:08","slug":"mijoteuse-diamant-32cm","status":"publish","type":"product","link":"https:\/\/www.bintoufaitout.com\/index.php\/produit\/mijoteuse-diamant-32cm\/","title":{"rendered":"Mijoteuse diamant 32cm"},"content":{"rendered":"<ul class=\"a-unordered-list a-vertical a-spacing-none\">\n<li class=\"a-spacing-mini\" style=\"margin: 0px\"><span class=\"a-list-item\" style=\"color: var(--__N4QdCheV6mGo,#0f1111)\">\u2705<\/span><span class=\"a-list-item\" style=\"color: var(--__N4QdCheV6mGo,#0f1111)\"> REVETEMENT VRAIES PARTICULES DE PIERRE ANTIADHERENT &#8211; Vous cuisinez sainement, sans utiliser de mati\u00e8res grasses. Vous red\u00e9couvrez l\u2019authenticit\u00e9 des gouts.<\/span><\/li>\n<li class=\"a-spacing-mini\" style=\"margin: 0px\"><span class=\"a-list-item\" style=\"color: var(--__N4QdCheV6mGo,#0f1111)\">\u2705<\/span><span class=\"a-list-item\" style=\"color: var(--__N4QdCheV6mGo,#0f1111)\"> STRUCTURE EN PIERRE 3 COUCHES Cuisson tous feux dont induction &lt; 310\u00b0C &#8211; Compatible au four &lt; 210\u00b0C &#8211; Homog\u00e9n\u00e9it\u00e9 parfaite de cuisson pour une cuisson rapide et tr\u00e8s saine des aliments, m\u00eame les plus fragiles (poissons, \u0153ufs, petits l\u00e9gumes, etc.) Rien n\u2019attache, rien ne colle ! Ne contient pas de PFOA<\/span><\/li>\n<li class=\"a-spacing-mini\" style=\"margin: 0px\"><span class=\"a-list-item\" style=\"color: var(--__N4QdCheV6mGo,#0f1111)\">\u2705<\/span><span class=\"a-list-item\" style=\"color: var(--__N4QdCheV6mGo,#0f1111)\"> ULTRA RESISTANTE Ne craint ni les chocs ni les rayures des accessoires de touille.<\/span><\/li>\n<li class=\"a-spacing-mini\" style=\"margin: 0px\"><span class=\"a-list-item\" style=\"color: var(--__N4QdCheV6mGo,#0f1111)\">\u2705<\/span><span class=\"a-list-item\" style=\"color: var(--__N4QdCheV6mGo,#0f1111)\"> COMPLET Couvercle en verre avec orifice d\u2019\u00e9vacuation vapeur + 2 poign\u00e9es en silicone sont inclus &#8211; Vous l\u2019utilisez pour cuire, mijoter et \u2026 servir \u00e0 table !<\/span><\/li>\n<li class=\"a-spacing-mini\" style=\"margin: 0px\"><span class=\"a-list-item\" style=\"color: var(--__N4QdCheV6mGo,#0f1111)\">\u2705<\/span><span class=\"a-list-item\" style=\"color: var(--__N4QdCheV6mGo,#0f1111)\"> FACILE A NETTOYER Peut se rincer simplement sous un filet d&rsquo;eau pour un nettoyage rapide et efficace ou mise au lave-vaisselle <\/span><\/li>\n<\/ul>\n","protected":false},"excerpt":{"rendered":"<p>\u2705 REVETEMENT VRAIES PARTICULES DE PIERRE ANTIADHERENT &#8211; Vous cuisinez sainement, sans utiliser de mati\u00e8res grasses. Vous red\u00e9couvrez l\u2019authenticit\u00e9 des gouts. \u2705 STRUCTURE EN PIERRE 3 COUCHES Cuisson tous feux dont induction &lt; 310\u00b0C &#8211; Compatible au four &lt; 210\u00b0C &#8211; Homog\u00e9n\u00e9it\u00e9 parfaite de cuisson pour une cuisson rapide et tr\u00e8s saine des aliments, m\u00eame [&hellip;]<\/p>\n","protected":false},"featured_media":1471,"comment_status":"open","ping_status":"closed","template":"","meta":[],"product_brand":[],"product_cat":[23,58],"product_tag":[],"class_list":{"0":"post-1474","1":"product","2":"type-product","3":"status-publish","4":"has-post-thumbnail","6":"product_cat-ustensiles-cuisine","7":"product_cat-linges-de-lit","9":"first","10":"outofstock","11":"sale","12":"shipping-taxable","13":"purchasable","14":"product-type-simple"},"jetpack_sharing_enabled":true,"_links":{"self":[{"href":"https:\/\/www.bintoufaitout.com\/index.php\/wp-json\/wp\/v2\/product\/1474","targetHints":{"allow":["GET"]}}],"collection":[{"href":"https:\/\/www.bintoufaitout.com\/index.php\/wp-json\/wp\/v2\/product"}],"about":[{"href":"https:\/\/www.bintoufaitout.com\/index.php\/wp-json\/wp\/v2\/types\/product"}],"replies":[{"embeddable":true,"href":"https:\/\/www.bintoufaitout.com\/index.php\/wp-json\/wp\/v2\/comments?post=1474"}],"wp:featuredmedia":[{"embeddable":true,"href":"https:\/\/www.bintoufaitout.com\/index.php\/wp-json\/wp\/v2\/media\/1471"}],"wp:attachment":[{"href":"https:\/\/www.bintoufaitout.com\/index.php\/wp-json\/wp\/v2\/media?parent=1474"}],"wp:term":[{"taxonomy":"product_brand","embeddable":true,"href":"https:\/\/www.bintoufaitout.com\/index.php\/wp-json\/wp\/v2\/product_brand?post=1474"},{"taxonomy":"product_cat","embeddable":true,"href":"https:\/\/www.bintoufaitout.com\/index.php\/wp-json\/wp\/v2\/product_cat?post=1474"},{"taxonomy":"product_tag","embeddable":true,"href":"https:\/\/www.bintoufaitout.com\/index.php\/wp-json\/wp\/v2\/product_tag?post=1474"}],"curies":[{"name":"wp","href":"https:\/\/api.w.org\/{rel}","templated":true}]}}