{"id":1478,"date":"2024-12-22T14:13:25","date_gmt":"2024-12-22T13:13:25","guid":{"rendered":"https:\/\/www.bintoufaitout.com\/index.php\/produit\/lot-4-faitouts-xxl\/"},"modified":"2025-07-30T14:55:49","modified_gmt":"2025-07-30T12:55:49","slug":"lot-4-faitouts-xxl","status":"publish","type":"product","link":"https:\/\/www.bintoufaitout.com\/index.php\/produit\/lot-4-faitouts-xxl\/","title":{"rendered":"Lot 4 faitouts XXL"},"content":{"rendered":"<p>Gamme 4 faitouts XXL 32\/36\/40\/44 cm tous feux dont induction,vont \u00e9galement au four et lave vaisselle Anti adh\u00e9rent facile \u00e0 nettoyer<\/p>\n<p>Sans PFOA<\/p>\n<p>greblon C2<\/p>\n<p>10 litres<\/p>\n<p>14 litres<\/p>\n<p>18 litres<\/p>\n<p>24 litres<\/p>\n","protected":false},"excerpt":{"rendered":"<p>Gamme 4 faitouts XXL 32\/36\/40\/44 cm tous feux dont induction,vont \u00e9galement au four et lave vaisselle Anti adh\u00e9rent facile \u00e0 nettoyer Sans PFOA greblon C2 10 litres 14 litres 18 litres 24 litres<\/p>\n","protected":false},"featured_media":1477,"comment_status":"open","ping_status":"closed","template":"","meta":[],"product_brand":[],"product_cat":[23,58],"product_tag":[],"class_list":{"0":"post-1478","1":"product","2":"type-product","3":"status-publish","4":"has-post-thumbnail","6":"product_cat-ustensiles-cuisine","7":"product_cat-linges-de-lit","8":"product_shipping_class-lourd","10":"first","11":"instock","12":"sale","13":"shipping-taxable","14":"purchasable","15":"product-type-simple"},"jetpack_sharing_enabled":true,"_links":{"self":[{"href":"https:\/\/www.bintoufaitout.com\/index.php\/wp-json\/wp\/v2\/product\/1478","targetHints":{"allow":["GET"]}}],"collection":[{"href":"https:\/\/www.bintoufaitout.com\/index.php\/wp-json\/wp\/v2\/product"}],"about":[{"href":"https:\/\/www.bintoufaitout.com\/index.php\/wp-json\/wp\/v2\/types\/product"}],"replies":[{"embeddable":true,"href":"https:\/\/www.bintoufaitout.com\/index.php\/wp-json\/wp\/v2\/comments?post=1478"}],"wp:featuredmedia":[{"embeddable":true,"href":"https:\/\/www.bintoufaitout.com\/index.php\/wp-json\/wp\/v2\/media\/1477"}],"wp:attachment":[{"href":"https:\/\/www.bintoufaitout.com\/index.php\/wp-json\/wp\/v2\/media?parent=1478"}],"wp:term":[{"taxonomy":"product_brand","embeddable":true,"href":"https:\/\/www.bintoufaitout.com\/index.php\/wp-json\/wp\/v2\/product_brand?post=1478"},{"taxonomy":"product_cat","embeddable":true,"href":"https:\/\/www.bintoufaitout.com\/index.php\/wp-json\/wp\/v2\/product_cat?post=1478"},{"taxonomy":"product_tag","embeddable":true,"href":"https:\/\/www.bintoufaitout.com\/index.php\/wp-json\/wp\/v2\/product_tag?post=1478"}],"curies":[{"name":"wp","href":"https:\/\/api.w.org\/{rel}","templated":true}]}}