{"id":1513,"date":"2025-01-08T20:42:00","date_gmt":"2025-01-08T19:42:00","guid":{"rendered":"https:\/\/www.bintoufaitout.com\/index.php\/produit\/menagere-de-luxe-forme-oeufs-24-pieces\/"},"modified":"2025-01-11T22:41:25","modified_gmt":"2025-01-11T21:41:25","slug":"menagere-de-luxe-forme-oeufs-24-pieces","status":"publish","type":"product","link":"https:\/\/www.bintoufaitout.com\/index.php\/produit\/menagere-de-luxe-forme-oeufs-24-pieces\/","title":{"rendered":"M\u00e9nag\u00e8re de luxe forme \u0153ufs 24 pi\u00e8ces"},"content":{"rendered":"<p><span>1. Luxe dor\u00e9 : Cet ensemble de vaisselle est dot\u00e9 d&rsquo;un design dor\u00e9 magnifique et exquis, qui rehausse le d\u00e9cor de la table, que ce soit pour un repas en famille ou pour accueillir des invit\u00e9s, tout en affichant un go\u00fbt exceptionnel. 2. Mat\u00e9riaux s\u00e9lectionn\u00e9s : Ce produit est fabriqu\u00e9 en acier inoxydable 410, durable et r\u00e9sistant \u00e0 la rouille, avec une surface lisse et facile \u00e0 nettoyer, garantissant une hygi\u00e8ne durant les repas et prot\u00e9geant la sant\u00e9 de votre famille. 3. Tranchant et durable : L&rsquo;ensemble de couverts est con\u00e7u avec pr\u00e9cision, le couteau est tranchant pour la d\u00e9coupe, la fourchette a des bords \u00e9mouss\u00e9s pour une utilisation s\u00e9curis\u00e9e sans blesser les mains, et la cuill\u00e8re \u00e0 dessert est petite et d\u00e9licate, r\u00e9pondant \u00e0 tous les besoins lors des repas. 4. Compatible avec le lave-vaisselle : Cet ensemble de couverts peut \u00eatre lav\u00e9 au lave-vaisselle, ce qui vous fait gagner du temps et des efforts, tout en maintenant la vaisselle brillante comme neuve et en assurant une utilisation hygi\u00e9nique, rendant vos t\u00e2ches m\u00e9nag\u00e8res plus faciles et pratiques. Sp\u00e9cifications : Ensemble de 24 pi\u00e8ces en or Mati\u00e8re : Acier inoxydable Polissage : Polissage \u00e0 l&rsquo;eau Style : Moderne et minimaliste Occasions pour offrir : Mariages, anniversaires, f\u00eates, etc. Couleur : Or <\/span><\/p>\n","protected":false},"excerpt":{"rendered":"<p>1. Luxe dor\u00e9 : Cet ensemble de vaisselle est dot\u00e9 d&rsquo;un design dor\u00e9 magnifique et exquis, qui rehausse le d\u00e9cor de la table, que ce soit pour un repas en famille ou pour accueillir des invit\u00e9s, tout en affichant un go\u00fbt exceptionnel. 2. Mat\u00e9riaux s\u00e9lectionn\u00e9s : Ce produit est fabriqu\u00e9 en acier inoxydable 410, durable [&hellip;]<\/p>\n","protected":false},"featured_media":1509,"comment_status":"open","ping_status":"closed","template":"","meta":[],"product_brand":[],"product_cat":[58],"product_tag":[],"class_list":{"0":"post-1513","1":"product","2":"type-product","3":"status-publish","4":"has-post-thumbnail","6":"product_cat-linges-de-lit","8":"first","9":"instock","10":"sale","11":"shipping-taxable","12":"purchasable","13":"product-type-simple"},"jetpack_sharing_enabled":true,"_links":{"self":[{"href":"https:\/\/www.bintoufaitout.com\/index.php\/wp-json\/wp\/v2\/product\/1513","targetHints":{"allow":["GET"]}}],"collection":[{"href":"https:\/\/www.bintoufaitout.com\/index.php\/wp-json\/wp\/v2\/product"}],"about":[{"href":"https:\/\/www.bintoufaitout.com\/index.php\/wp-json\/wp\/v2\/types\/product"}],"replies":[{"embeddable":true,"href":"https:\/\/www.bintoufaitout.com\/index.php\/wp-json\/wp\/v2\/comments?post=1513"}],"wp:featuredmedia":[{"embeddable":true,"href":"https:\/\/www.bintoufaitout.com\/index.php\/wp-json\/wp\/v2\/media\/1509"}],"wp:attachment":[{"href":"https:\/\/www.bintoufaitout.com\/index.php\/wp-json\/wp\/v2\/media?parent=1513"}],"wp:term":[{"taxonomy":"product_brand","embeddable":true,"href":"https:\/\/www.bintoufaitout.com\/index.php\/wp-json\/wp\/v2\/product_brand?post=1513"},{"taxonomy":"product_cat","embeddable":true,"href":"https:\/\/www.bintoufaitout.com\/index.php\/wp-json\/wp\/v2\/product_cat?post=1513"},{"taxonomy":"product_tag","embeddable":true,"href":"https:\/\/www.bintoufaitout.com\/index.php\/wp-json\/wp\/v2\/product_tag?post=1513"}],"curies":[{"name":"wp","href":"https:\/\/api.w.org\/{rel}","templated":true}]}}