{"id":1515,"date":"2025-01-08T20:44:51","date_gmt":"2025-01-08T19:44:51","guid":{"rendered":"https:\/\/www.bintoufaitout.com\/index.php\/produit\/lot-2-thermos-blanc-doree\/"},"modified":"2025-03-06T23:56:32","modified_gmt":"2025-03-06T22:56:32","slug":"lot-2-thermos-blanc-doree","status":"publish","type":"product","link":"https:\/\/www.bintoufaitout.com\/index.php\/produit\/lot-2-thermos-blanc-doree\/","title":{"rendered":"Lot 2 Thermos blanc dor\u00e9e"},"content":{"rendered":"<p>2 thermos blanc dor\u00e9e isotherme 1+1 litre peut \u00eatre rempli d&rsquo;eau chaude, de th\u00e9, de caf\u00e9, de lait,de boissons, d&rsquo;eau glac\u00e9e, etc<\/p>\n","protected":false},"excerpt":{"rendered":"<p>2 thermos blanc dor\u00e9e isotherme 1+1 litre peut \u00eatre rempli d&rsquo;eau chaude, de th\u00e9, de caf\u00e9, de lait,de boissons, d&rsquo;eau glac\u00e9e, etc<\/p>\n","protected":false},"featured_media":1514,"comment_status":"open","ping_status":"closed","template":"","meta":[],"product_brand":[],"product_cat":[58],"product_tag":[],"class_list":{"0":"post-1515","1":"product","2":"type-product","3":"status-publish","4":"has-post-thumbnail","6":"product_cat-linges-de-lit","8":"first","9":"instock","10":"sale","11":"shipping-taxable","12":"purchasable","13":"product-type-simple"},"jetpack_sharing_enabled":true,"_links":{"self":[{"href":"https:\/\/www.bintoufaitout.com\/index.php\/wp-json\/wp\/v2\/product\/1515","targetHints":{"allow":["GET"]}}],"collection":[{"href":"https:\/\/www.bintoufaitout.com\/index.php\/wp-json\/wp\/v2\/product"}],"about":[{"href":"https:\/\/www.bintoufaitout.com\/index.php\/wp-json\/wp\/v2\/types\/product"}],"replies":[{"embeddable":true,"href":"https:\/\/www.bintoufaitout.com\/index.php\/wp-json\/wp\/v2\/comments?post=1515"}],"wp:featuredmedia":[{"embeddable":true,"href":"https:\/\/www.bintoufaitout.com\/index.php\/wp-json\/wp\/v2\/media\/1514"}],"wp:attachment":[{"href":"https:\/\/www.bintoufaitout.com\/index.php\/wp-json\/wp\/v2\/media?parent=1515"}],"wp:term":[{"taxonomy":"product_brand","embeddable":true,"href":"https:\/\/www.bintoufaitout.com\/index.php\/wp-json\/wp\/v2\/product_brand?post=1515"},{"taxonomy":"product_cat","embeddable":true,"href":"https:\/\/www.bintoufaitout.com\/index.php\/wp-json\/wp\/v2\/product_cat?post=1515"},{"taxonomy":"product_tag","embeddable":true,"href":"https:\/\/www.bintoufaitout.com\/index.php\/wp-json\/wp\/v2\/product_tag?post=1515"}],"curies":[{"name":"wp","href":"https:\/\/api.w.org\/{rel}","templated":true}]}}