{"id":1549,"date":"2025-01-19T00:40:26","date_gmt":"2025-01-18T23:40:26","guid":{"rendered":"https:\/\/www.bintoufaitout.com\/index.php\/produit\/4-faitouts-new\/"},"modified":"2025-10-10T16:37:38","modified_gmt":"2025-10-10T14:37:38","slug":"4-faitouts-new","status":"publish","type":"product","link":"https:\/\/www.bintoufaitout.com\/index.php\/produit\/4-faitouts-new\/","title":{"rendered":"4 faitouts New"},"content":{"rendered":"<p>Gamme 4 faitouts new 20\/24\/28\/32 cm tous feux dont induction,vont \u00e9galement au four et lave vaisselle<\/p>\n<p>Anti adh\u00e9rent facile \u00e0 nettoyer<\/p>\n<p>greblon C2<\/p>\n","protected":false},"excerpt":{"rendered":"<p>Gamme 4 faitouts new 20\/24\/28\/32 cm tous feux dont induction,vont \u00e9galement au four et lave vaisselle Anti adh\u00e9rent facile \u00e0 nettoyer greblon C2<\/p>\n","protected":false},"featured_media":1547,"comment_status":"open","ping_status":"closed","template":"","meta":[],"product_brand":[],"product_cat":[23],"product_tag":[],"class_list":{"0":"post-1549","1":"product","2":"type-product","3":"status-publish","4":"has-post-thumbnail","6":"product_cat-ustensiles-cuisine","7":"product_shipping_class-24","9":"first","10":"instock","11":"sale","12":"shipping-taxable","13":"purchasable","14":"product-type-simple"},"jetpack_sharing_enabled":true,"_links":{"self":[{"href":"https:\/\/www.bintoufaitout.com\/index.php\/wp-json\/wp\/v2\/product\/1549","targetHints":{"allow":["GET"]}}],"collection":[{"href":"https:\/\/www.bintoufaitout.com\/index.php\/wp-json\/wp\/v2\/product"}],"about":[{"href":"https:\/\/www.bintoufaitout.com\/index.php\/wp-json\/wp\/v2\/types\/product"}],"replies":[{"embeddable":true,"href":"https:\/\/www.bintoufaitout.com\/index.php\/wp-json\/wp\/v2\/comments?post=1549"}],"wp:featuredmedia":[{"embeddable":true,"href":"https:\/\/www.bintoufaitout.com\/index.php\/wp-json\/wp\/v2\/media\/1547"}],"wp:attachment":[{"href":"https:\/\/www.bintoufaitout.com\/index.php\/wp-json\/wp\/v2\/media?parent=1549"}],"wp:term":[{"taxonomy":"product_brand","embeddable":true,"href":"https:\/\/www.bintoufaitout.com\/index.php\/wp-json\/wp\/v2\/product_brand?post=1549"},{"taxonomy":"product_cat","embeddable":true,"href":"https:\/\/www.bintoufaitout.com\/index.php\/wp-json\/wp\/v2\/product_cat?post=1549"},{"taxonomy":"product_tag","embeddable":true,"href":"https:\/\/www.bintoufaitout.com\/index.php\/wp-json\/wp\/v2\/product_tag?post=1549"}],"curies":[{"name":"wp","href":"https:\/\/api.w.org\/{rel}","templated":true}]}}