{"id":156,"date":"2023-03-07T15:23:26","date_gmt":"2023-03-07T14:23:26","guid":{"rendered":"http:\/\/www.bintoufaitout.com\/?post_type=product&#038;p=156"},"modified":"2023-03-07T15:23:26","modified_gmt":"2023-03-07T14:23:26","slug":"pochette-de-couteaux-tranchants","status":"publish","type":"product","link":"https:\/\/www.bintoufaitout.com\/index.php\/produit\/pochette-de-couteaux-tranchants\/","title":{"rendered":"Pochette de couteaux tranchants"},"content":{"rendered":"<p>Impressionnez \u00e0 la fois les convives et la famille avec cet ensemble de couteaux compos\u00e9 de sept couteaux, un broyeur \u00e0 couteaux et une fourchette trancher. Vous obtenez, entre autres, un couteau du chef et un couteau \u00e0 pain. Les lames antibact\u00e9riennes sont en acier inoxydable et les poign\u00e9es ont un design \u00e9l\u00e9gant et inspir\u00e9 du bois. Un sac de rangement roll-up avec poign\u00e9es est inclus, de sorte que vous pouvez stocker les couteaux en toute s\u00e9curit\u00e9 et les transporter avec vous. Cet ensemble peut \u00eatre lav\u00e9 dans un lave-vaisselle.<\/p>\n","protected":false},"excerpt":{"rendered":"<p>Impressionnez \u00e0 la fois les convives et la famille avec cet ensemble de couteaux compos\u00e9 de sept couteaux, un broyeur \u00e0 couteaux et une fourchette trancher. Vous obtenez, entre autres, un couteau du chef et un couteau \u00e0 pain. Les lames antibact\u00e9riennes sont en acier inoxydable et les poign\u00e9es ont un design \u00e9l\u00e9gant et inspir\u00e9 [&hellip;]<\/p>\n","protected":false},"featured_media":157,"comment_status":"open","ping_status":"closed","template":"","meta":[],"product_brand":[],"product_cat":[23],"product_tag":[],"class_list":{"0":"post-156","1":"product","2":"type-product","3":"status-publish","4":"has-post-thumbnail","6":"product_cat-ustensiles-cuisine","8":"first","9":"instock","10":"shipping-taxable","11":"purchasable","12":"product-type-simple"},"jetpack_sharing_enabled":true,"_links":{"self":[{"href":"https:\/\/www.bintoufaitout.com\/index.php\/wp-json\/wp\/v2\/product\/156","targetHints":{"allow":["GET"]}}],"collection":[{"href":"https:\/\/www.bintoufaitout.com\/index.php\/wp-json\/wp\/v2\/product"}],"about":[{"href":"https:\/\/www.bintoufaitout.com\/index.php\/wp-json\/wp\/v2\/types\/product"}],"replies":[{"embeddable":true,"href":"https:\/\/www.bintoufaitout.com\/index.php\/wp-json\/wp\/v2\/comments?post=156"}],"wp:featuredmedia":[{"embeddable":true,"href":"https:\/\/www.bintoufaitout.com\/index.php\/wp-json\/wp\/v2\/media\/157"}],"wp:attachment":[{"href":"https:\/\/www.bintoufaitout.com\/index.php\/wp-json\/wp\/v2\/media?parent=156"}],"wp:term":[{"taxonomy":"product_brand","embeddable":true,"href":"https:\/\/www.bintoufaitout.com\/index.php\/wp-json\/wp\/v2\/product_brand?post=156"},{"taxonomy":"product_cat","embeddable":true,"href":"https:\/\/www.bintoufaitout.com\/index.php\/wp-json\/wp\/v2\/product_cat?post=156"},{"taxonomy":"product_tag","embeddable":true,"href":"https:\/\/www.bintoufaitout.com\/index.php\/wp-json\/wp\/v2\/product_tag?post=156"}],"curies":[{"name":"wp","href":"https:\/\/api.w.org\/{rel}","templated":true}]}}