{"id":1621,"date":"2025-01-30T08:59:56","date_gmt":"2025-01-30T07:59:56","guid":{"rendered":"https:\/\/www.bintoufaitout.com\/index.php\/produit\/lot-6-mugs-cafe-the\/"},"modified":"2025-01-30T09:00:02","modified_gmt":"2025-01-30T08:00:02","slug":"lot-6-mugs-cafe-the","status":"publish","type":"product","link":"https:\/\/www.bintoufaitout.com\/index.php\/produit\/lot-6-mugs-cafe-the\/","title":{"rendered":"Lot 6 mugs caf\u00e9 \/ th\u00e9"},"content":{"rendered":"<ul class=\"a-unordered-list a-vertical a-spacing-none\">\n<li class=\"a-spacing-mini\" style=\"margin: 0px\"><span class=\"a-list-item\" style=\"color: var(--__N4QdCheV6mGo,#0f1111)\">Cette s\u00e9rie Classique de qualit\u00e9 sup\u00e9rieure premium bonne est caract\u00e9ris\u00e9e par un design intemporel et par une qualit\u00e9 fabriqu\u00e9 en Germany<\/span><\/li>\n<li class=\"a-spacing-mini\" style=\"margin: 0px\"><span class=\"a-list-item\" style=\"color: var(--__N4QdCheV6mGo,#0f1111)\">Ce mug \u00e0 caf\u00e9 royal fait de votre boisson un v\u00e9ritable plaisir<\/span><\/li>\n<li class=\"a-spacing-mini\" style=\"margin: 0px\"><span class=\"a-list-item\" style=\"color: var(--__N4QdCheV6mGo,#0f1111)\">Elle se distingue une transparence maximale et par un \u00e9clat doux<\/span><\/li>\n<li class=\"a-spacing-mini\" style=\"margin: 0px\">Capacit\u00e9<span class=\"a-list-item\" style=\"color: var(--__N4QdCheV6mGo,#0f1111)\"> 360 ml<\/span><\/li>\n<\/ul>\n","protected":false},"excerpt":{"rendered":"<p>Cette s\u00e9rie Classique de qualit\u00e9 sup\u00e9rieure premium bonne est caract\u00e9ris\u00e9e par un design intemporel et par une qualit\u00e9 fabriqu\u00e9 en Germany Ce mug \u00e0 caf\u00e9 royal fait de votre boisson un v\u00e9ritable plaisir Elle se distingue une transparence maximale et par un \u00e9clat doux Capacit\u00e9 360 ml<\/p>\n","protected":false},"featured_media":1619,"comment_status":"open","ping_status":"closed","template":"","meta":[],"product_brand":[],"product_cat":[58],"product_tag":[],"class_list":{"0":"post-1621","1":"product","2":"type-product","3":"status-publish","4":"has-post-thumbnail","6":"product_cat-linges-de-lit","8":"first","9":"instock","10":"shipping-taxable","11":"purchasable","12":"product-type-simple"},"jetpack_sharing_enabled":true,"_links":{"self":[{"href":"https:\/\/www.bintoufaitout.com\/index.php\/wp-json\/wp\/v2\/product\/1621","targetHints":{"allow":["GET"]}}],"collection":[{"href":"https:\/\/www.bintoufaitout.com\/index.php\/wp-json\/wp\/v2\/product"}],"about":[{"href":"https:\/\/www.bintoufaitout.com\/index.php\/wp-json\/wp\/v2\/types\/product"}],"replies":[{"embeddable":true,"href":"https:\/\/www.bintoufaitout.com\/index.php\/wp-json\/wp\/v2\/comments?post=1621"}],"wp:featuredmedia":[{"embeddable":true,"href":"https:\/\/www.bintoufaitout.com\/index.php\/wp-json\/wp\/v2\/media\/1619"}],"wp:attachment":[{"href":"https:\/\/www.bintoufaitout.com\/index.php\/wp-json\/wp\/v2\/media?parent=1621"}],"wp:term":[{"taxonomy":"product_brand","embeddable":true,"href":"https:\/\/www.bintoufaitout.com\/index.php\/wp-json\/wp\/v2\/product_brand?post=1621"},{"taxonomy":"product_cat","embeddable":true,"href":"https:\/\/www.bintoufaitout.com\/index.php\/wp-json\/wp\/v2\/product_cat?post=1621"},{"taxonomy":"product_tag","embeddable":true,"href":"https:\/\/www.bintoufaitout.com\/index.php\/wp-json\/wp\/v2\/product_tag?post=1621"}],"curies":[{"name":"wp","href":"https:\/\/api.w.org\/{rel}","templated":true}]}}