{"id":1695,"date":"2025-02-18T16:35:05","date_gmt":"2025-02-18T15:35:05","guid":{"rendered":"https:\/\/www.bintoufaitout.com\/index.php\/produit\/four-turque-1-plateau\/"},"modified":"2025-05-20T22:25:14","modified_gmt":"2025-05-20T20:25:14","slug":"four-turque-1-plateau","status":"publish","type":"product","link":"https:\/\/www.bintoufaitout.com\/index.php\/produit\/four-turque-1-plateau\/","title":{"rendered":"Four turque 1 plateau"},"content":{"rendered":"<p style=\"margin: 0px 0px 15px;font-size: 15px;font-weight: 400;line-height: 1.74;font-family: CerebriSans\"><span>Le four rond\/turque est un incontournable de la cuisine traditionnelle. Fabriqu\u00e9 avec des mat\u00e9riaux de qualit\u00e9 sup\u00e9rieure, il est parfait pour pr\u00e9parer des plats savoureux. Avec sa forme unique et son design \u00e9l\u00e9gant, il ajoutera une touche d&rsquo;authenticit\u00e9 \u00e0 votre cuisine. Offrez-vous d\u00e8s maintenant ce four polyvalent et facile \u00e0 utiliser pour pr\u00e9parer des plats d\u00e9licieux \u00e0 tout moment de la journ\u00e9e<\/span><\/p>\n<div class=\"product-variant-option\" style=\"clear: both;padding-top: 24px\">\n<div class=\"swatch variant_div clearfix Four\" data-option-index=\"0\" style=\"font-family: CerebriSans;font-size: 14px;font-style: normal;font-weight: 400;letter-spacing: normal;text-align: left;text-indent: 0px;text-transform: none;text-decoration: none\"><\/div>\n<\/div>\n","protected":false},"excerpt":{"rendered":"<p>Le four rond\/turque est un incontournable de la cuisine traditionnelle. Fabriqu\u00e9 avec des mat\u00e9riaux de qualit\u00e9 sup\u00e9rieure, il est parfait pour pr\u00e9parer des plats savoureux. Avec sa forme unique et son design \u00e9l\u00e9gant, il ajoutera une touche d&rsquo;authenticit\u00e9 \u00e0 votre cuisine. Offrez-vous d\u00e8s maintenant ce four polyvalent et facile \u00e0 utiliser pour pr\u00e9parer des plats [&hellip;]<\/p>\n","protected":false},"featured_media":1693,"comment_status":"open","ping_status":"closed","template":"","meta":[],"product_brand":[],"product_cat":[58],"product_tag":[],"class_list":{"0":"post-1695","1":"product","2":"type-product","3":"status-publish","4":"has-post-thumbnail","6":"product_cat-linges-de-lit","8":"first","9":"outofstock","10":"shipping-taxable","11":"purchasable","12":"product-type-simple"},"jetpack_sharing_enabled":true,"_links":{"self":[{"href":"https:\/\/www.bintoufaitout.com\/index.php\/wp-json\/wp\/v2\/product\/1695","targetHints":{"allow":["GET"]}}],"collection":[{"href":"https:\/\/www.bintoufaitout.com\/index.php\/wp-json\/wp\/v2\/product"}],"about":[{"href":"https:\/\/www.bintoufaitout.com\/index.php\/wp-json\/wp\/v2\/types\/product"}],"replies":[{"embeddable":true,"href":"https:\/\/www.bintoufaitout.com\/index.php\/wp-json\/wp\/v2\/comments?post=1695"}],"wp:featuredmedia":[{"embeddable":true,"href":"https:\/\/www.bintoufaitout.com\/index.php\/wp-json\/wp\/v2\/media\/1693"}],"wp:attachment":[{"href":"https:\/\/www.bintoufaitout.com\/index.php\/wp-json\/wp\/v2\/media?parent=1695"}],"wp:term":[{"taxonomy":"product_brand","embeddable":true,"href":"https:\/\/www.bintoufaitout.com\/index.php\/wp-json\/wp\/v2\/product_brand?post=1695"},{"taxonomy":"product_cat","embeddable":true,"href":"https:\/\/www.bintoufaitout.com\/index.php\/wp-json\/wp\/v2\/product_cat?post=1695"},{"taxonomy":"product_tag","embeddable":true,"href":"https:\/\/www.bintoufaitout.com\/index.php\/wp-json\/wp\/v2\/product_tag?post=1695"}],"curies":[{"name":"wp","href":"https:\/\/api.w.org\/{rel}","templated":true}]}}