{"id":1715,"date":"2025-02-20T20:30:56","date_gmt":"2025-02-20T19:30:56","guid":{"rendered":"https:\/\/www.bintoufaitout.com\/index.php\/produit\/robot-patissier-5-litres\/"},"modified":"2025-02-20T20:31:04","modified_gmt":"2025-02-20T19:31:04","slug":"robot-patissier-5-litres","status":"publish","type":"product","link":"https:\/\/www.bintoufaitout.com\/index.php\/produit\/robot-patissier-5-litres\/","title":{"rendered":"Robot p\u00e2tissier 5 litres"},"content":{"rendered":"<p><span>P\u00e9trir, remuer, battre et m\u00e9langer en un instant avec 6 vitesses. Cuisine\/p\u00e9trin puissant : 1500 Watt maximum. Mouvement plan\u00e9taire pour une plage de m\u00e9lange optimale. M\u00e9canisme de levage pour une facilit\u00e9 d&rsquo;utilisation optimale. Pieds avec ventouses pour une utilisation stable.<\/span><\/p>\n<p>Capacit\u00e9<span> 5 litres <\/span><\/p>\n","protected":false},"excerpt":{"rendered":"<p>P\u00e9trir, remuer, battre et m\u00e9langer en un instant avec 6 vitesses. Cuisine\/p\u00e9trin puissant : 1500 Watt maximum. Mouvement plan\u00e9taire pour une plage de m\u00e9lange optimale. M\u00e9canisme de levage pour une facilit\u00e9 d&rsquo;utilisation optimale. Pieds avec ventouses pour une utilisation stable. Capacit\u00e9 5 litres<\/p>\n","protected":false},"featured_media":1713,"comment_status":"open","ping_status":"closed","template":"","meta":[],"product_brand":[],"product_cat":[58],"product_tag":[],"class_list":{"0":"post-1715","1":"product","2":"type-product","3":"status-publish","4":"has-post-thumbnail","6":"product_cat-linges-de-lit","8":"first","9":"instock","10":"sale","11":"shipping-taxable","12":"purchasable","13":"product-type-simple"},"jetpack_sharing_enabled":true,"_links":{"self":[{"href":"https:\/\/www.bintoufaitout.com\/index.php\/wp-json\/wp\/v2\/product\/1715","targetHints":{"allow":["GET"]}}],"collection":[{"href":"https:\/\/www.bintoufaitout.com\/index.php\/wp-json\/wp\/v2\/product"}],"about":[{"href":"https:\/\/www.bintoufaitout.com\/index.php\/wp-json\/wp\/v2\/types\/product"}],"replies":[{"embeddable":true,"href":"https:\/\/www.bintoufaitout.com\/index.php\/wp-json\/wp\/v2\/comments?post=1715"}],"wp:featuredmedia":[{"embeddable":true,"href":"https:\/\/www.bintoufaitout.com\/index.php\/wp-json\/wp\/v2\/media\/1713"}],"wp:attachment":[{"href":"https:\/\/www.bintoufaitout.com\/index.php\/wp-json\/wp\/v2\/media?parent=1715"}],"wp:term":[{"taxonomy":"product_brand","embeddable":true,"href":"https:\/\/www.bintoufaitout.com\/index.php\/wp-json\/wp\/v2\/product_brand?post=1715"},{"taxonomy":"product_cat","embeddable":true,"href":"https:\/\/www.bintoufaitout.com\/index.php\/wp-json\/wp\/v2\/product_cat?post=1715"},{"taxonomy":"product_tag","embeddable":true,"href":"https:\/\/www.bintoufaitout.com\/index.php\/wp-json\/wp\/v2\/product_tag?post=1715"}],"curies":[{"name":"wp","href":"https:\/\/api.w.org\/{rel}","templated":true}]}}