{"id":174,"date":"2023-03-10T22:06:30","date_gmt":"2023-03-10T21:06:30","guid":{"rendered":"http:\/\/www.bintoufaitout.com\/?post_type=product&#038;p=174"},"modified":"2023-03-10T22:06:30","modified_gmt":"2023-03-10T21:06:30","slug":"cuiseur-doeufs-automatique","status":"publish","type":"product","link":"https:\/\/www.bintoufaitout.com\/index.php\/produit\/cuiseur-doeufs-automatique\/","title":{"rendered":"Cuiseur d\u2019\u0153ufs automatique"},"content":{"rendered":"<ul>\n<li>Pouvant accueillir jusqu\u2019\u00e0 7 \u0153ufs<\/li>\n<li>Puissance\u00a0: 350W<\/li>\n<li>Interrupteur marche \/ arr\u00eat avec lumi\u00e8re LED<\/li>\n<li>Mat\u00e9riau du couvercle: acier inoxydable<\/li>\n<li>Couvercle avec ouverture vapeur<\/li>\n<li>Tasse de mesure int\u00e9gr\u00e9<\/li>\n<li>Plateau \u00e0 oeufs amovible<\/li>\n<li>Avec une fonction d\u2019arr\u00eat automatique<\/li>\n<li>Avec une sonnerie<\/li>\n<li>Tension\u00a0: 220-240V,50\/60Hz<\/li>\n<\/ul>\n","protected":false},"excerpt":{"rendered":"<p>Pouvant accueillir jusqu\u2019\u00e0 7 \u0153ufs Puissance\u00a0: 350W Interrupteur marche \/ arr\u00eat avec lumi\u00e8re LED Mat\u00e9riau du couvercle: acier inoxydable Couvercle avec ouverture vapeur Tasse de mesure int\u00e9gr\u00e9 Plateau \u00e0 oeufs amovible Avec une fonction d\u2019arr\u00eat automatique Avec une sonnerie Tension\u00a0: 220-240V,50\/60Hz<\/p>\n","protected":false},"featured_media":175,"comment_status":"open","ping_status":"closed","template":"","meta":[],"product_brand":[],"product_cat":[23],"product_tag":[],"class_list":{"0":"post-174","1":"product","2":"type-product","3":"status-publish","4":"has-post-thumbnail","6":"product_cat-ustensiles-cuisine","8":"first","9":"instock","10":"shipping-taxable","11":"purchasable","12":"product-type-simple"},"jetpack_sharing_enabled":true,"_links":{"self":[{"href":"https:\/\/www.bintoufaitout.com\/index.php\/wp-json\/wp\/v2\/product\/174","targetHints":{"allow":["GET"]}}],"collection":[{"href":"https:\/\/www.bintoufaitout.com\/index.php\/wp-json\/wp\/v2\/product"}],"about":[{"href":"https:\/\/www.bintoufaitout.com\/index.php\/wp-json\/wp\/v2\/types\/product"}],"replies":[{"embeddable":true,"href":"https:\/\/www.bintoufaitout.com\/index.php\/wp-json\/wp\/v2\/comments?post=174"}],"wp:featuredmedia":[{"embeddable":true,"href":"https:\/\/www.bintoufaitout.com\/index.php\/wp-json\/wp\/v2\/media\/175"}],"wp:attachment":[{"href":"https:\/\/www.bintoufaitout.com\/index.php\/wp-json\/wp\/v2\/media?parent=174"}],"wp:term":[{"taxonomy":"product_brand","embeddable":true,"href":"https:\/\/www.bintoufaitout.com\/index.php\/wp-json\/wp\/v2\/product_brand?post=174"},{"taxonomy":"product_cat","embeddable":true,"href":"https:\/\/www.bintoufaitout.com\/index.php\/wp-json\/wp\/v2\/product_cat?post=174"},{"taxonomy":"product_tag","embeddable":true,"href":"https:\/\/www.bintoufaitout.com\/index.php\/wp-json\/wp\/v2\/product_tag?post=174"}],"curies":[{"name":"wp","href":"https:\/\/api.w.org\/{rel}","templated":true}]}}