{"id":1740,"date":"2025-02-28T17:18:53","date_gmt":"2025-02-28T16:18:53","guid":{"rendered":"https:\/\/www.bintoufaitout.com\/index.php\/produit\/4-faitouts-diamant\/"},"modified":"2025-09-05T15:23:17","modified_gmt":"2025-09-05T13:23:17","slug":"4-faitouts-diamant","status":"publish","type":"product","link":"https:\/\/www.bintoufaitout.com\/index.php\/produit\/4-faitouts-diamant\/","title":{"rendered":"4 faitouts diamant"},"content":{"rendered":"<p>Gamme 4 faitouts design diamant20\/24\/28\/32 cm tous feux dont induction,vont \u00e9galement au four et lave vaisselle<\/p>\n<p>Anti adh\u00e9rent facile \u00e0 nettoyer<\/p>\n<p>greblon C2<\/p>\n<p>2,2 litres<\/p>\n<p>4,5 litres<\/p>\n<p>7 litres<\/p>\n<p>10 litres<\/p>\n","protected":false},"excerpt":{"rendered":"<p>Gamme 4 faitouts design diamant20\/24\/28\/32 cm tous feux dont induction,vont \u00e9galement au four et lave vaisselle Anti adh\u00e9rent facile \u00e0 nettoyer greblon C2 2,2 litres 4,5 litres 7 litres 10 litres<\/p>\n","protected":false},"featured_media":1739,"comment_status":"open","ping_status":"closed","template":"","meta":[],"product_brand":[],"product_cat":[58],"product_tag":[],"class_list":{"0":"post-1740","1":"product","2":"type-product","3":"status-publish","4":"has-post-thumbnail","6":"product_cat-linges-de-lit","7":"product_shipping_class-24","9":"first","10":"instock","11":"sale","12":"shipping-taxable","13":"purchasable","14":"product-type-simple"},"jetpack_sharing_enabled":true,"_links":{"self":[{"href":"https:\/\/www.bintoufaitout.com\/index.php\/wp-json\/wp\/v2\/product\/1740","targetHints":{"allow":["GET"]}}],"collection":[{"href":"https:\/\/www.bintoufaitout.com\/index.php\/wp-json\/wp\/v2\/product"}],"about":[{"href":"https:\/\/www.bintoufaitout.com\/index.php\/wp-json\/wp\/v2\/types\/product"}],"replies":[{"embeddable":true,"href":"https:\/\/www.bintoufaitout.com\/index.php\/wp-json\/wp\/v2\/comments?post=1740"}],"wp:featuredmedia":[{"embeddable":true,"href":"https:\/\/www.bintoufaitout.com\/index.php\/wp-json\/wp\/v2\/media\/1739"}],"wp:attachment":[{"href":"https:\/\/www.bintoufaitout.com\/index.php\/wp-json\/wp\/v2\/media?parent=1740"}],"wp:term":[{"taxonomy":"product_brand","embeddable":true,"href":"https:\/\/www.bintoufaitout.com\/index.php\/wp-json\/wp\/v2\/product_brand?post=1740"},{"taxonomy":"product_cat","embeddable":true,"href":"https:\/\/www.bintoufaitout.com\/index.php\/wp-json\/wp\/v2\/product_cat?post=1740"},{"taxonomy":"product_tag","embeddable":true,"href":"https:\/\/www.bintoufaitout.com\/index.php\/wp-json\/wp\/v2\/product_tag?post=1740"}],"curies":[{"name":"wp","href":"https:\/\/api.w.org\/{rel}","templated":true}]}}