{"id":1743,"date":"2025-02-28T17:25:42","date_gmt":"2025-02-28T16:25:42","guid":{"rendered":"https:\/\/www.bintoufaitout.com\/index.php\/produit\/thermos-isotherme-35-l\/"},"modified":"2025-03-02T09:51:32","modified_gmt":"2025-03-02T08:51:32","slug":"thermos-isotherme-35-l","status":"publish","type":"product","link":"https:\/\/www.bintoufaitout.com\/index.php\/produit\/thermos-isotherme-35-l\/","title":{"rendered":"Thermos isotherme 3 litres"},"content":{"rendered":"<ul>\n<li style=\"line-height: 14px;margin-bottom: 4px\">Pichet en inox.<\/li>\n<li style=\"line-height: 14px;margin-bottom: 4px\">T\u00eate amovible.<\/li>\n<li style=\"line-height: 14px;margin-bottom: 4px\">Int\u00e9rieur double paroi inox avec vide d&rsquo;air.<\/li>\n<li style=\"line-height: 14px;margin-bottom: 10px\">Couvercle et bas Pichet en polypropyl\u00e8ne.<\/li>\n<\/ul>\n<p>3 litres<\/p>\n<p>Maintient le chaud ou le froid<\/p>\n","protected":false},"excerpt":{"rendered":"<p>Pichet en inox. T\u00eate amovible. Int\u00e9rieur double paroi inox avec vide d&rsquo;air. Couvercle et bas Pichet en polypropyl\u00e8ne. 3 litres Maintient le chaud ou le froid<\/p>\n","protected":false},"featured_media":1742,"comment_status":"open","ping_status":"closed","template":"","meta":[],"product_brand":[],"product_cat":[58],"product_tag":[],"class_list":{"0":"post-1743","1":"product","2":"type-product","3":"status-publish","4":"has-post-thumbnail","6":"product_cat-linges-de-lit","8":"first","9":"instock","10":"shipping-taxable","11":"purchasable","12":"product-type-simple"},"jetpack_sharing_enabled":true,"_links":{"self":[{"href":"https:\/\/www.bintoufaitout.com\/index.php\/wp-json\/wp\/v2\/product\/1743","targetHints":{"allow":["GET"]}}],"collection":[{"href":"https:\/\/www.bintoufaitout.com\/index.php\/wp-json\/wp\/v2\/product"}],"about":[{"href":"https:\/\/www.bintoufaitout.com\/index.php\/wp-json\/wp\/v2\/types\/product"}],"replies":[{"embeddable":true,"href":"https:\/\/www.bintoufaitout.com\/index.php\/wp-json\/wp\/v2\/comments?post=1743"}],"wp:featuredmedia":[{"embeddable":true,"href":"https:\/\/www.bintoufaitout.com\/index.php\/wp-json\/wp\/v2\/media\/1742"}],"wp:attachment":[{"href":"https:\/\/www.bintoufaitout.com\/index.php\/wp-json\/wp\/v2\/media?parent=1743"}],"wp:term":[{"taxonomy":"product_brand","embeddable":true,"href":"https:\/\/www.bintoufaitout.com\/index.php\/wp-json\/wp\/v2\/product_brand?post=1743"},{"taxonomy":"product_cat","embeddable":true,"href":"https:\/\/www.bintoufaitout.com\/index.php\/wp-json\/wp\/v2\/product_cat?post=1743"},{"taxonomy":"product_tag","embeddable":true,"href":"https:\/\/www.bintoufaitout.com\/index.php\/wp-json\/wp\/v2\/product_tag?post=1743"}],"curies":[{"name":"wp","href":"https:\/\/api.w.org\/{rel}","templated":true}]}}