{"id":1749,"date":"2025-02-28T17:39:17","date_gmt":"2025-02-28T16:39:17","guid":{"rendered":"https:\/\/www.bintoufaitout.com\/index.php\/produit\/thermos-pichet-15-litres\/"},"modified":"2025-05-20T22:35:51","modified_gmt":"2025-05-20T20:35:51","slug":"thermos-pichet-15-litres","status":"publish","type":"product","link":"https:\/\/www.bintoufaitout.com\/index.php\/produit\/thermos-pichet-15-litres\/","title":{"rendered":"Thermos pichet 1,5 litres"},"content":{"rendered":"<ul class=\"a-unordered-list a-vertical a-spacing-none\">\n<li class=\"a-spacing-mini\" style=\"margin: 0px\"><span class=\"a-list-item\" style=\"color: var(--__N4QdCheV6mGo,#0f1111)\">ISOLATION PAR VIDE : Notre carafe \u00e0 caf\u00e9 dispose d&rsquo;une technologie d&rsquo;isolation sous vide \u00e0 double paroi avec un design de bouchon rotatif scell\u00e9, assurant une \u00e9tanch\u00e9it\u00e9 robuste et une excellente conservation de la chaleur. Cette caract\u00e9ristique permet \u00e0 vos boissons chaudes ou froides de maintenir leur temp\u00e9rature souhait\u00e9e pendant de longues p\u00e9riodes.<\/span><\/li>\n<li class=\"a-spacing-mini\" style=\"margin: 0px\"><span class=\"a-list-item\" style=\"color: var(--__N4QdCheV6mGo,#0f1111)\">CONSTRUCTION EN ACIER INOXYDABLE : Fabriqu\u00e9e avec un couvercle amovible et un int\u00e9rieur et un ext\u00e9rieur en acier inoxydable durable, notre carafe \u00e0 caf\u00e9 se transforme en un distributeur de thermos polyvalent. Que vous serviez du th\u00e9, du caf\u00e9 ou de l&rsquo;eau, cette carafe est votre compagnon fiable.<\/span><\/li>\n<li class=\"a-spacing-mini\" style=\"margin: 0px\"><span class=\"a-list-item\" style=\"color: var(--__N4QdCheV6mGo,#0f1111)\">CAPACIT\u00c9 ID\u00c9ALE : Avec une capacit\u00e9 de 1,5 litre, notre pot \u00e0 caf\u00e9 est parfaitement dimensionn\u00e9 pour une utilisation quotidienne : ni trop grand, ni trop petit, juste ce qu&rsquo;il faut pour fournir quelques tasses de caf\u00e9 ou de th\u00e9 tout au long de la journ\u00e9e. Il peut \u00e9galement \u00eatre un cadeau attentionn\u00e9 pour vos amis et votre famille.<\/span><\/li>\n<li class=\"a-spacing-mini\" style=\"margin: 0px\"><span class=\"a-list-item\" style=\"color: var(--__N4QdCheV6mGo,#0f1111)\">VERSEMENT SANS EFFORT : Le bec verseur \u00e0 bouton-poussoir permet un versement facile \u00e0 une main. Que ce soit pour une boisson chaude ou froide, l&rsquo;ext\u00e9rieur de la carafe reste s\u00fbr au toucher, gr\u00e2ce \u00e0 la temp\u00e9rature verrouill\u00e9e qui garde le corps de la carafe frais.<\/span><\/li>\n<li class=\"a-spacing-mini\" style=\"margin: 0px\"><span class=\"a-list-item\" style=\"color: var(--__N4QdCheV6mGo,#0f1111)\">LE PACKAGE CONTIENT : 1x Carafe Thermique (capacit\u00e9 : 1,5 litre ; couleur : argent).<\/span><\/li>\n<\/ul>\n","protected":false},"excerpt":{"rendered":"<p>ISOLATION PAR VIDE : Notre carafe \u00e0 caf\u00e9 dispose d&rsquo;une technologie d&rsquo;isolation sous vide \u00e0 double paroi avec un design de bouchon rotatif scell\u00e9, assurant une \u00e9tanch\u00e9it\u00e9 robuste et une excellente conservation de la chaleur. Cette caract\u00e9ristique permet \u00e0 vos boissons chaudes ou froides de maintenir leur temp\u00e9rature souhait\u00e9e pendant de longues p\u00e9riodes. CONSTRUCTION EN [&hellip;]<\/p>\n","protected":false},"featured_media":1747,"comment_status":"open","ping_status":"closed","template":"","meta":[],"product_brand":[],"product_cat":[58],"product_tag":[],"class_list":{"0":"post-1749","1":"product","2":"type-product","3":"status-publish","4":"has-post-thumbnail","6":"product_cat-linges-de-lit","8":"first","9":"outofstock","10":"shipping-taxable","11":"purchasable","12":"product-type-simple"},"jetpack_sharing_enabled":true,"_links":{"self":[{"href":"https:\/\/www.bintoufaitout.com\/index.php\/wp-json\/wp\/v2\/product\/1749","targetHints":{"allow":["GET"]}}],"collection":[{"href":"https:\/\/www.bintoufaitout.com\/index.php\/wp-json\/wp\/v2\/product"}],"about":[{"href":"https:\/\/www.bintoufaitout.com\/index.php\/wp-json\/wp\/v2\/types\/product"}],"replies":[{"embeddable":true,"href":"https:\/\/www.bintoufaitout.com\/index.php\/wp-json\/wp\/v2\/comments?post=1749"}],"wp:featuredmedia":[{"embeddable":true,"href":"https:\/\/www.bintoufaitout.com\/index.php\/wp-json\/wp\/v2\/media\/1747"}],"wp:attachment":[{"href":"https:\/\/www.bintoufaitout.com\/index.php\/wp-json\/wp\/v2\/media?parent=1749"}],"wp:term":[{"taxonomy":"product_brand","embeddable":true,"href":"https:\/\/www.bintoufaitout.com\/index.php\/wp-json\/wp\/v2\/product_brand?post=1749"},{"taxonomy":"product_cat","embeddable":true,"href":"https:\/\/www.bintoufaitout.com\/index.php\/wp-json\/wp\/v2\/product_cat?post=1749"},{"taxonomy":"product_tag","embeddable":true,"href":"https:\/\/www.bintoufaitout.com\/index.php\/wp-json\/wp\/v2\/product_tag?post=1749"}],"curies":[{"name":"wp","href":"https:\/\/api.w.org\/{rel}","templated":true}]}}