{"id":1762,"date":"2025-02-28T21:35:07","date_gmt":"2025-02-28T20:35:07","guid":{"rendered":"https:\/\/www.bintoufaitout.com\/index.php\/produit\/lot-6-bols-a-soupe-porcelaine\/"},"modified":"2025-02-28T21:35:16","modified_gmt":"2025-02-28T20:35:16","slug":"lot-6-bols-a-soupe-porcelaine","status":"publish","type":"product","link":"https:\/\/www.bintoufaitout.com\/index.php\/produit\/lot-6-bols-a-soupe-porcelaine\/","title":{"rendered":"Lot 6 Bols \u00e0 soupe porcelaine"},"content":{"rendered":"<p style=\"margin-top: 0px;margin-bottom: 5px;font-family: Jakarta;font-size: 14px;font-style: normal;font-weight: 400;letter-spacing: normal;text-align: justify;text-indent: 0px;text-transform: none;text-decoration: none\">Ce&nbsp;Lot de 6 Bols en Porcelaine 25cl Blanc vous accompagnera dans vos petits-d\u00e9jeuners mais aussi dans vos soupers. Ces bols sont des compagnons indispensables \u00e0 tout moment de la journ\u00e9e, alliant \u00e9l\u00e9gance et modernit\u00e9 \u00e0 chaque repas !<\/p>\n<p style=\"margin-top: 0px;margin-bottom: 5px;font-family: Jakarta;font-size: 14px;font-style: normal;font-weight: 400;letter-spacing: normal;text-align: justify;text-indent: 0px;text-transform: none;text-decoration: none\"><strong style=\"font-weight: 800\">Caract\u00e9ristiques :<\/strong><\/p>\n<ul style=\"margin-top: 0px;margin-bottom: 1rem;padding-left: 25px;font-family: Jakarta;font-size: 14px;font-style: normal;font-weight: 400;letter-spacing: normal;text-align: justify;text-indent: 0px;text-transform: none;text-decoration: none\">\n<li><strong style=\"font-weight: 800\">Dimensions :<span class=\"Apple-converted-space\">&nbsp;<\/span><\/strong>D. 12,5 x H. 6,5 cm<\/li>\n<li><strong style=\"font-weight: 800\">Mati\u00e8re<\/strong>&nbsp;<strong style=\"font-weight: 800\">:<\/strong><span class=\"Apple-converted-space\">&nbsp;<\/span>100% Porcelaine<\/li>\n<li><strong style=\"font-weight: 800\">Sp\u00e9cificit\u00e9s :<\/strong><\/li>\n<li>Utile &amp; Moderne<\/li>\n<li>Lot de 6 bols<\/li>\n<li>Motif relief<\/li>\n<li>Forme ronde<\/li>\n<li><strong style=\"font-weight: 800\">Compatible :<\/strong><span class=\"Apple-converted-space\">&nbsp;<\/span>Lave-vaisselle, Micro-ondes, Four &amp; Cong\u00e9lateur<\/li>\n<li><strong style=\"font-weight: 800\">Poids :<\/strong><span class=\"Apple-converted-space\">&nbsp;<\/span>0,22 kg (\u00e0 l&rsquo;unit\u00e9)<\/li>\n<li><strong style=\"font-weight: 800\">Coloris :<\/strong><span class=\"Apple-converted-space\">&nbsp;<\/span>Blanc<\/li>\n<\/ul>\n","protected":false},"excerpt":{"rendered":"<p>Ce&nbsp;Lot de 6 Bols en Porcelaine 25cl Blanc vous accompagnera dans vos petits-d\u00e9jeuners mais aussi dans vos soupers. Ces bols sont des compagnons indispensables \u00e0 tout moment de la journ\u00e9e, alliant \u00e9l\u00e9gance et modernit\u00e9 \u00e0 chaque repas ! Caract\u00e9ristiques : Dimensions :&nbsp;D. 12,5 x H. 6,5 cm Mati\u00e8re&nbsp;:&nbsp;100% Porcelaine Sp\u00e9cificit\u00e9s : Utile &amp; Moderne Lot [&hellip;]<\/p>\n","protected":false},"featured_media":1754,"comment_status":"open","ping_status":"closed","template":"","meta":[],"product_brand":[],"product_cat":[58],"product_tag":[],"class_list":{"0":"post-1762","1":"product","2":"type-product","3":"status-publish","4":"has-post-thumbnail","6":"product_cat-linges-de-lit","8":"first","9":"instock","10":"shipping-taxable","11":"purchasable","12":"product-type-simple"},"jetpack_sharing_enabled":true,"_links":{"self":[{"href":"https:\/\/www.bintoufaitout.com\/index.php\/wp-json\/wp\/v2\/product\/1762","targetHints":{"allow":["GET"]}}],"collection":[{"href":"https:\/\/www.bintoufaitout.com\/index.php\/wp-json\/wp\/v2\/product"}],"about":[{"href":"https:\/\/www.bintoufaitout.com\/index.php\/wp-json\/wp\/v2\/types\/product"}],"replies":[{"embeddable":true,"href":"https:\/\/www.bintoufaitout.com\/index.php\/wp-json\/wp\/v2\/comments?post=1762"}],"wp:featuredmedia":[{"embeddable":true,"href":"https:\/\/www.bintoufaitout.com\/index.php\/wp-json\/wp\/v2\/media\/1754"}],"wp:attachment":[{"href":"https:\/\/www.bintoufaitout.com\/index.php\/wp-json\/wp\/v2\/media?parent=1762"}],"wp:term":[{"taxonomy":"product_brand","embeddable":true,"href":"https:\/\/www.bintoufaitout.com\/index.php\/wp-json\/wp\/v2\/product_brand?post=1762"},{"taxonomy":"product_cat","embeddable":true,"href":"https:\/\/www.bintoufaitout.com\/index.php\/wp-json\/wp\/v2\/product_cat?post=1762"},{"taxonomy":"product_tag","embeddable":true,"href":"https:\/\/www.bintoufaitout.com\/index.php\/wp-json\/wp\/v2\/product_tag?post=1762"}],"curies":[{"name":"wp","href":"https:\/\/api.w.org\/{rel}","templated":true}]}}