{"id":1785,"date":"2025-03-08T14:26:44","date_gmt":"2025-03-08T13:26:44","guid":{"rendered":"https:\/\/www.bintoufaitout.com\/index.php\/produit\/grand-couscoussier-inox-12l\/"},"modified":"2025-05-21T14:45:29","modified_gmt":"2025-05-21T12:45:29","slug":"grand-couscoussier-inox-12l","status":"publish","type":"product","link":"https:\/\/www.bintoufaitout.com\/index.php\/produit\/grand-couscoussier-inox-12l\/","title":{"rendered":"Grand couscoussier inox 12L"},"content":{"rendered":"<p><span style=\"font-family: Montserrat, Roboto,\">Couscoussier 28 cm &#8211; Capacit\u00e9 : 12L + Panier 28x 12 cm, avec couvercle &#8211; Convient \u00e0 tous types de feux, y compris l&rsquo;induction. L&rsquo;inox 18\/8 est un mat\u00e9riau solide, sain et r\u00e9sistant exceptionnellement \u00e0 la chaleur. Il pr\u00e9sente une haute conductivit\u00e9 thermique, ce qui permet une cuisson rapide et uniforme, et une \u00e9conomie de temps et d&rsquo;\u00e9nergie. Les poign\u00e9es sp\u00e9ciales en silicone sont con\u00e7ues pour offrir une prise en main confortable et prot\u00e9ger contre les \u00e9ventuelles br\u00fblures. Le couvercle en inox assure une parfaite \u00e9tanch\u00e9it\u00e9 et permet \u00e9galement de surveiller la cuisson tout au long de la recette.<\/span><\/p>\n","protected":false},"excerpt":{"rendered":"<p>Couscoussier 28 cm &#8211; Capacit\u00e9 : 12L + Panier 28x 12 cm, avec couvercle &#8211; Convient \u00e0 tous types de feux, y compris l&rsquo;induction. L&rsquo;inox 18\/8 est un mat\u00e9riau solide, sain et r\u00e9sistant exceptionnellement \u00e0 la chaleur. Il pr\u00e9sente une haute conductivit\u00e9 thermique, ce qui permet une cuisson rapide et uniforme, et une \u00e9conomie de [&hellip;]<\/p>\n","protected":false},"featured_media":1782,"comment_status":"open","ping_status":"closed","template":"","meta":[],"product_brand":[],"product_cat":[58],"product_tag":[],"class_list":{"0":"post-1785","1":"product","2":"type-product","3":"status-publish","4":"has-post-thumbnail","6":"product_cat-linges-de-lit","8":"first","9":"instock","10":"shipping-taxable","11":"purchasable","12":"product-type-simple"},"jetpack_sharing_enabled":true,"_links":{"self":[{"href":"https:\/\/www.bintoufaitout.com\/index.php\/wp-json\/wp\/v2\/product\/1785","targetHints":{"allow":["GET"]}}],"collection":[{"href":"https:\/\/www.bintoufaitout.com\/index.php\/wp-json\/wp\/v2\/product"}],"about":[{"href":"https:\/\/www.bintoufaitout.com\/index.php\/wp-json\/wp\/v2\/types\/product"}],"replies":[{"embeddable":true,"href":"https:\/\/www.bintoufaitout.com\/index.php\/wp-json\/wp\/v2\/comments?post=1785"}],"wp:featuredmedia":[{"embeddable":true,"href":"https:\/\/www.bintoufaitout.com\/index.php\/wp-json\/wp\/v2\/media\/1782"}],"wp:attachment":[{"href":"https:\/\/www.bintoufaitout.com\/index.php\/wp-json\/wp\/v2\/media?parent=1785"}],"wp:term":[{"taxonomy":"product_brand","embeddable":true,"href":"https:\/\/www.bintoufaitout.com\/index.php\/wp-json\/wp\/v2\/product_brand?post=1785"},{"taxonomy":"product_cat","embeddable":true,"href":"https:\/\/www.bintoufaitout.com\/index.php\/wp-json\/wp\/v2\/product_cat?post=1785"},{"taxonomy":"product_tag","embeddable":true,"href":"https:\/\/www.bintoufaitout.com\/index.php\/wp-json\/wp\/v2\/product_tag?post=1785"}],"curies":[{"name":"wp","href":"https:\/\/api.w.org\/{rel}","templated":true}]}}