{"id":182,"date":"2023-03-10T22:24:51","date_gmt":"2023-03-10T21:24:51","guid":{"rendered":"http:\/\/www.bintoufaitout.com\/?post_type=product&#038;p=182"},"modified":"2023-03-10T22:24:51","modified_gmt":"2023-03-10T21:24:51","slug":"appareil-a-raclette","status":"publish","type":"product","link":"https:\/\/www.bintoufaitout.com\/index.php\/produit\/appareil-a-raclette\/","title":{"rendered":"Appareil \u00e0 raclette"},"content":{"rendered":"<p>Cette Appareil \u00e0 Raclette sera indispensable pour r\u00e9ussir toutes vos raclettes entre amis et en familles.<\/p>\n<p>Caract\u00e9ristiques:<\/p>\n<ul>\n<li>Pour les grillades et cuisson<\/li>\n<li>Plaque de grill amovible<\/li>\n<li>8 mini casseroles<\/li>\n<li>8 spatules en bois<\/li>\n<li>Thermostat r\u00e9glable en continu<\/li>\n<li>Lampe pilote<\/li>\n<li>Plaque de grill et petites casseroles avec rev\u00eatement anti-adh\u00e9sif (facile \u00e0 nettoyer)<\/li>\n<li>Logements froide au toucher<\/li>\n<li>Zone Grill: env. 40,5 x 30 cm<\/li>\n<li>Excellente stabilit\u00e9 gr\u00e2ce \u00e0 pieds caoutchout\u00e9s<\/li>\n<li>Alimentation: 220-240 V, 50\/60 Hz<\/li>\n<li>Puissance: 1200 W<\/li>\n<\/ul>\n<p>&nbsp;<\/p>\n","protected":false},"excerpt":{"rendered":"<p>Cette Appareil \u00e0 Raclette sera indispensable pour r\u00e9ussir toutes vos raclettes entre amis et en familles. Caract\u00e9ristiques: Pour les grillades et cuisson Plaque de grill amovible 8 mini casseroles 8 spatules en bois Thermostat r\u00e9glable en continu Lampe pilote Plaque de grill et petites casseroles avec rev\u00eatement anti-adh\u00e9sif (facile \u00e0 nettoyer) Logements froide au toucher [&hellip;]<\/p>\n","protected":false},"featured_media":183,"comment_status":"open","ping_status":"closed","template":"","meta":[],"product_brand":[],"product_cat":[23],"product_tag":[],"class_list":{"0":"post-182","1":"product","2":"type-product","3":"status-publish","4":"has-post-thumbnail","6":"product_cat-ustensiles-cuisine","8":"first","9":"instock","10":"shipping-taxable","11":"purchasable","12":"product-type-simple"},"jetpack_sharing_enabled":true,"_links":{"self":[{"href":"https:\/\/www.bintoufaitout.com\/index.php\/wp-json\/wp\/v2\/product\/182","targetHints":{"allow":["GET"]}}],"collection":[{"href":"https:\/\/www.bintoufaitout.com\/index.php\/wp-json\/wp\/v2\/product"}],"about":[{"href":"https:\/\/www.bintoufaitout.com\/index.php\/wp-json\/wp\/v2\/types\/product"}],"replies":[{"embeddable":true,"href":"https:\/\/www.bintoufaitout.com\/index.php\/wp-json\/wp\/v2\/comments?post=182"}],"wp:featuredmedia":[{"embeddable":true,"href":"https:\/\/www.bintoufaitout.com\/index.php\/wp-json\/wp\/v2\/media\/183"}],"wp:attachment":[{"href":"https:\/\/www.bintoufaitout.com\/index.php\/wp-json\/wp\/v2\/media?parent=182"}],"wp:term":[{"taxonomy":"product_brand","embeddable":true,"href":"https:\/\/www.bintoufaitout.com\/index.php\/wp-json\/wp\/v2\/product_brand?post=182"},{"taxonomy":"product_cat","embeddable":true,"href":"https:\/\/www.bintoufaitout.com\/index.php\/wp-json\/wp\/v2\/product_cat?post=182"},{"taxonomy":"product_tag","embeddable":true,"href":"https:\/\/www.bintoufaitout.com\/index.php\/wp-json\/wp\/v2\/product_tag?post=182"}],"curies":[{"name":"wp","href":"https:\/\/api.w.org\/{rel}","templated":true}]}}