{"id":1834,"date":"2025-04-03T18:34:21","date_gmt":"2025-04-03T16:34:21","guid":{"rendered":"https:\/\/www.bintoufaitout.com\/index.php\/produit\/lot-5-faitouts-pierre-2\/"},"modified":"2025-12-10T18:17:21","modified_gmt":"2025-12-10T17:17:21","slug":"lot-5-faitouts-pierre-2","status":"publish","type":"product","link":"https:\/\/www.bintoufaitout.com\/index.php\/produit\/lot-5-faitouts-pierre-2\/","title":{"rendered":"Lot 5 faitouts pierre"},"content":{"rendered":"<p>Lot 5 faitouts 20\/24\/28\/30\/32cm tous feux dont induction<\/p>\n<p>Vont \u00e9galement dans le four<\/p>\n<p>Anti-adh\u00e9rent facile \u00e0 nettoyer<\/p>\n<p>Compatible lave vaisselle<\/p>\n","protected":false},"excerpt":{"rendered":"<p>Lot 5 faitouts 20\/24\/28\/30\/32cm tous feux dont induction Vont \u00e9galement dans le four Anti-adh\u00e9rent facile \u00e0 nettoyer Compatible lave vaisselle<\/p>\n","protected":false},"featured_media":2095,"comment_status":"open","ping_status":"closed","template":"","meta":[],"product_brand":[],"product_cat":[23],"product_tag":[],"class_list":{"0":"post-1834","1":"product","2":"type-product","3":"status-publish","4":"has-post-thumbnail","6":"product_cat-ustensiles-cuisine","7":"product_shipping_class-24","9":"first","10":"instock","11":"sale","12":"shipping-taxable","13":"purchasable","14":"product-type-simple"},"jetpack_sharing_enabled":true,"_links":{"self":[{"href":"https:\/\/www.bintoufaitout.com\/index.php\/wp-json\/wp\/v2\/product\/1834","targetHints":{"allow":["GET"]}}],"collection":[{"href":"https:\/\/www.bintoufaitout.com\/index.php\/wp-json\/wp\/v2\/product"}],"about":[{"href":"https:\/\/www.bintoufaitout.com\/index.php\/wp-json\/wp\/v2\/types\/product"}],"replies":[{"embeddable":true,"href":"https:\/\/www.bintoufaitout.com\/index.php\/wp-json\/wp\/v2\/comments?post=1834"}],"wp:featuredmedia":[{"embeddable":true,"href":"https:\/\/www.bintoufaitout.com\/index.php\/wp-json\/wp\/v2\/media\/2095"}],"wp:attachment":[{"href":"https:\/\/www.bintoufaitout.com\/index.php\/wp-json\/wp\/v2\/media?parent=1834"}],"wp:term":[{"taxonomy":"product_brand","embeddable":true,"href":"https:\/\/www.bintoufaitout.com\/index.php\/wp-json\/wp\/v2\/product_brand?post=1834"},{"taxonomy":"product_cat","embeddable":true,"href":"https:\/\/www.bintoufaitout.com\/index.php\/wp-json\/wp\/v2\/product_cat?post=1834"},{"taxonomy":"product_tag","embeddable":true,"href":"https:\/\/www.bintoufaitout.com\/index.php\/wp-json\/wp\/v2\/product_tag?post=1834"}],"curies":[{"name":"wp","href":"https:\/\/api.w.org\/{rel}","templated":true}]}}