{"id":185,"date":"2023-03-10T22:35:32","date_gmt":"2023-03-10T21:35:32","guid":{"rendered":"http:\/\/www.bintoufaitout.com\/?post_type=product&#038;p=185"},"modified":"2024-04-30T22:10:02","modified_gmt":"2024-04-30T20:10:02","slug":"robot-culinaire-10-en-1","status":"publish","type":"product","link":"https:\/\/www.bintoufaitout.com\/index.php\/produit\/robot-culinaire-10-en-1\/","title":{"rendered":"Robot culinaire 10 en 1"},"content":{"rendered":"<p>&nbsp;<\/p>\n<p>Robot multifonctions 10 en 1 Royal Swiss<\/p>\n<ul>\n<li>Fonction 10 en 1 : hacher, d\u00e9chiqueter, trancher , granuler , p\u00e9trir , \u00e9mulsifier , presser les agrumes , m\u00e9langer ( 1500 ml ) , broyer et filtrer .<\/li>\n<li>Bol d\u2019une capacit\u00e9 de 1000 ml avec une poign\u00e9e pratique et une goulotte d\u2019alimentation<\/li>\n<li>Avec lames en acier inoxydable (inox) qui vous permettent de pr\u00e9parer vos aliments en quelques secondes<\/li>\n<li>commutateur rotatif \u00e0 2 vitesses et impulsion<\/li>\n<li>bo\u00eetier en acier inoxydable<\/li>\n<li>base et pot facile \u00e0 nettoyer<\/li>\n<li>Pieds en caoutchouc antid\u00e9rapant<\/li>\n<li>-220-240 V 50 Hz 550Watts<\/li>\n<\/ul>\n","protected":false},"excerpt":{"rendered":"<p>&nbsp; Robot multifonctions 10 en 1 Royal Swiss Fonction 10 en 1 : hacher, d\u00e9chiqueter, trancher , granuler , p\u00e9trir , \u00e9mulsifier , presser les agrumes , m\u00e9langer ( 1500 ml ) , broyer et filtrer . Bol d\u2019une capacit\u00e9 de 1000 ml avec une poign\u00e9e pratique et une goulotte d\u2019alimentation Avec lames en acier [&hellip;]<\/p>\n","protected":false},"featured_media":186,"comment_status":"open","ping_status":"closed","template":"","meta":[],"product_brand":[],"product_cat":[23],"product_tag":[],"class_list":{"0":"post-185","1":"product","2":"type-product","3":"status-publish","4":"has-post-thumbnail","6":"product_cat-ustensiles-cuisine","8":"first","9":"instock","10":"sale","11":"shipping-taxable","12":"purchasable","13":"product-type-simple"},"jetpack_sharing_enabled":true,"_links":{"self":[{"href":"https:\/\/www.bintoufaitout.com\/index.php\/wp-json\/wp\/v2\/product\/185","targetHints":{"allow":["GET"]}}],"collection":[{"href":"https:\/\/www.bintoufaitout.com\/index.php\/wp-json\/wp\/v2\/product"}],"about":[{"href":"https:\/\/www.bintoufaitout.com\/index.php\/wp-json\/wp\/v2\/types\/product"}],"replies":[{"embeddable":true,"href":"https:\/\/www.bintoufaitout.com\/index.php\/wp-json\/wp\/v2\/comments?post=185"}],"wp:featuredmedia":[{"embeddable":true,"href":"https:\/\/www.bintoufaitout.com\/index.php\/wp-json\/wp\/v2\/media\/186"}],"wp:attachment":[{"href":"https:\/\/www.bintoufaitout.com\/index.php\/wp-json\/wp\/v2\/media?parent=185"}],"wp:term":[{"taxonomy":"product_brand","embeddable":true,"href":"https:\/\/www.bintoufaitout.com\/index.php\/wp-json\/wp\/v2\/product_brand?post=185"},{"taxonomy":"product_cat","embeddable":true,"href":"https:\/\/www.bintoufaitout.com\/index.php\/wp-json\/wp\/v2\/product_cat?post=185"},{"taxonomy":"product_tag","embeddable":true,"href":"https:\/\/www.bintoufaitout.com\/index.php\/wp-json\/wp\/v2\/product_tag?post=185"}],"curies":[{"name":"wp","href":"https:\/\/api.w.org\/{rel}","templated":true}]}}