{"id":1863,"date":"2025-04-30T22:40:22","date_gmt":"2025-04-30T20:40:22","guid":{"rendered":"https:\/\/www.bintoufaitout.com\/index.php\/produit\/lot-3-casseroles\/"},"modified":"2025-08-01T00:46:34","modified_gmt":"2025-07-31T22:46:34","slug":"lot-3-casseroles","status":"publish","type":"product","link":"https:\/\/www.bintoufaitout.com\/index.php\/produit\/lot-3-casseroles\/","title":{"rendered":"Lot 3 casseroles pierre manche d\u00e9tachable"},"content":{"rendered":"<p style=\"margin-top: 0px;margin-bottom: 5px;font-family: Jakarta;font-size: 14px;font-style: normal;font-weight: 400;letter-spacing: normal;text-align: justify;text-indent: 0px;text-transform: none;text-decoration: none\">Optez pour ce&nbsp;Lot de 3 Casseroles \u00ab\u00a0Poign\u00e9e Amovible\u00a0\u00bb Noir ! Ces 3 casseroles sont fournies avec une poign\u00e9e clipsable amovible pour une utilisation simplifi\u00e9e. Le rev\u00eatement antiadh\u00e9sif \u00e0 l&rsquo;effet pierre vous permet de cuisiner sans ajout de mati\u00e8res grasses tout en assurant une r\u00e9partition homog\u00e8ne de la chaleur pour des plats savoureux. Ces casseroles polyvalentes sont adapt\u00e9es \u00e0 une cuisson au four et compatibles avec tous types de feux, y compris l&rsquo;induction. Faciles \u00e0 nettoyer, elles offrent \u00e9galement un gain de place appr\u00e9ciable dans votre cuisine.<\/p>\n<p style=\"margin-top: 0px;margin-bottom: 5px;font-family: Jakarta;font-size: 14px;font-style: normal;font-weight: 400;letter-spacing: normal;text-align: justify;text-indent: 0px;text-transform: none;text-decoration: none\"><strong style=\"font-weight: 800\">Caract\u00e9ristiques :<\/strong><\/p>\n<ul style=\"margin-top: 0px;margin-bottom: 1rem;padding-left: 25px;font-family: Jakarta;font-size: 14px;font-style: normal;font-weight: 400;letter-spacing: normal;text-align: justify;text-indent: 0px;text-transform: none;text-decoration: none\">\n<li><strong style=\"font-weight: 800\">Dimensions :<\/strong><\/li>\n<li>Taille 1 : D. 16 cm<\/li>\n<li>Taille 2 : D. 18 cm<\/li>\n<li>Taille 3 : D. 20 cm<\/li>\n<li><strong style=\"font-weight: 800\">Sp\u00e9cificit\u00e9s :<\/strong><\/li>\n<li>Pratique &amp; Utile<\/li>\n<li>Lot de 3 casseroles<\/li>\n<li>Avec poign\u00e9e clipsable<\/li>\n<li>Rev\u00eatement anti-adh\u00e9sif<\/li>\n<li>Effet pierre<\/li>\n<li>Cuissons sans mati\u00e8re grasse<\/li>\n<li>Diffusion homog\u00e8ne de la chaleur<\/li>\n<li>Cuisson au four<\/li>\n<li>Compatibilit\u00e9 tous feux dont induction<\/li>\n<li>Facile \u00e0 nettoyer et gain de place<\/li>\n<li><strong style=\"font-weight: 800\">Contient :<\/strong><\/li>\n<li>1 casserole (D. 16 cm)<\/li>\n<li>1 casserole (D. 18 cm)<\/li>\n<li>1 casserole (D. 20 cm)<\/li>\n<li>1 poign\u00e9e amovible<\/li>\n<li><strong style=\"font-weight: 800\">Coloris :<\/strong><span class=\"Apple-converted-space\">&nbsp;<\/span>Noir<\/li>\n<\/ul>\n","protected":false},"excerpt":{"rendered":"<p>Optez pour ce&nbsp;Lot de 3 Casseroles \u00ab\u00a0Poign\u00e9e Amovible\u00a0\u00bb Noir ! Ces 3 casseroles sont fournies avec une poign\u00e9e clipsable amovible pour une utilisation simplifi\u00e9e. Le rev\u00eatement antiadh\u00e9sif \u00e0 l&rsquo;effet pierre vous permet de cuisiner sans ajout de mati\u00e8res grasses tout en assurant une r\u00e9partition homog\u00e8ne de la chaleur pour des plats savoureux. Ces casseroles polyvalentes [&hellip;]<\/p>\n","protected":false},"featured_media":1861,"comment_status":"open","ping_status":"closed","template":"","meta":[],"product_brand":[],"product_cat":[58],"product_tag":[],"class_list":{"0":"post-1863","1":"product","2":"type-product","3":"status-publish","4":"has-post-thumbnail","6":"product_cat-linges-de-lit","8":"first","9":"instock","10":"sale","11":"shipping-taxable","12":"purchasable","13":"product-type-simple"},"jetpack_sharing_enabled":true,"_links":{"self":[{"href":"https:\/\/www.bintoufaitout.com\/index.php\/wp-json\/wp\/v2\/product\/1863","targetHints":{"allow":["GET"]}}],"collection":[{"href":"https:\/\/www.bintoufaitout.com\/index.php\/wp-json\/wp\/v2\/product"}],"about":[{"href":"https:\/\/www.bintoufaitout.com\/index.php\/wp-json\/wp\/v2\/types\/product"}],"replies":[{"embeddable":true,"href":"https:\/\/www.bintoufaitout.com\/index.php\/wp-json\/wp\/v2\/comments?post=1863"}],"wp:featuredmedia":[{"embeddable":true,"href":"https:\/\/www.bintoufaitout.com\/index.php\/wp-json\/wp\/v2\/media\/1861"}],"wp:attachment":[{"href":"https:\/\/www.bintoufaitout.com\/index.php\/wp-json\/wp\/v2\/media?parent=1863"}],"wp:term":[{"taxonomy":"product_brand","embeddable":true,"href":"https:\/\/www.bintoufaitout.com\/index.php\/wp-json\/wp\/v2\/product_brand?post=1863"},{"taxonomy":"product_cat","embeddable":true,"href":"https:\/\/www.bintoufaitout.com\/index.php\/wp-json\/wp\/v2\/product_cat?post=1863"},{"taxonomy":"product_tag","embeddable":true,"href":"https:\/\/www.bintoufaitout.com\/index.php\/wp-json\/wp\/v2\/product_tag?post=1863"}],"curies":[{"name":"wp","href":"https:\/\/api.w.org\/{rel}","templated":true}]}}