{"id":187,"date":"2023-03-10T22:38:37","date_gmt":"2023-03-10T21:38:37","guid":{"rendered":"http:\/\/www.bintoufaitout.com\/?post_type=product&#038;p=187"},"modified":"2023-03-10T22:38:37","modified_gmt":"2023-03-10T21:38:37","slug":"fontaine-a-chocolat","status":"publish","type":"product","link":"https:\/\/www.bintoufaitout.com\/index.php\/produit\/fontaine-a-chocolat\/","title":{"rendered":"Fontaine \u00e0 chocolat"},"content":{"rendered":"<p>Offrez \u00e0 vos amis ou votre famille des fruits frais, des biscuits ou des guimauves dans une d\u00e9licieuse couche de chocolat pr\u00e9par\u00e9 avec la fontaine au chocolat XL de la marque Royal Swiss.<br \/>\nCet appareil de cuisine a 3 niveaux et une hauteur de 32,5 cm.<br \/>\nCela vous permet de profiter d\u2019une g\u00e2terie festive avec un grand groupe.<br \/>\nGr\u00e2ce \u00e0 la fonction pratique de maintien au chaud, le chocolat ne se durcira pas mais restera liquide.<br \/>\nLa pompe et la temp\u00e9rature peuvent \u00eatre r\u00e9gl\u00e9es s\u00e9par\u00e9ment.<br \/>\nAinsi, vous pouvez d\u00e9terminer vous-m\u00eame \u00e0 quelle vitesse le chocolat est pomp\u00e9 et \u00e0 quel point le chocolat doit \u00eatre chaud.<br \/>\nL\u2019appareil est \u00e9galement id\u00e9al pour une utilisation avec vos enfants.<br \/>\nLe bo\u00eetier en acier inoxydable et les pieds antid\u00e9rapants offrent une stabilit\u00e9 suppl\u00e9mentaire.<br \/>\nDe cette fa\u00e7on, les enfants peuvent aider \u00e0 organiser une f\u00eate au chocolat.<br \/>\nDe plus, les 3 couches d\u2019acier inoxydable peuvent \u00eatre d\u00e9connect\u00e9es et peuvent donc \u00eatre nettoy\u00e9es au lave-vaisselle.<\/p>\n<p>Sp\u00e9cificit\u00e9 :<\/p>\n<ul>\n<li>Couleur : argent\u00e9<\/li>\n<li>Mat\u00e9riau : Acier inoxydable<\/li>\n<li>Dimensions : \u00d8 19 x 32,5 cm<\/li>\n<li>Puissance : 90 W<\/li>\n<li>Alimentation : 230 V ~, 50 \/ 60 Hz<\/li>\n<li>Fontaine au chocolat en acier inoxydable sur 3 niveaux<\/li>\n<li>Interrupteur marche \/ arr\u00eat avec t\u00e9moin lumineux<\/li>\n<li>Capacit\u00e9 de chocolat : 600 g<\/li>\n<li>Capacit\u00e9 totale : 700 ml<\/li>\n<li>3 r\u00e9glages r\u00e9glables<\/li>\n<li>Commande par bouton<\/li>\n<li>Sans acide PFOA et sans BPA<\/li>\n<li>Pi\u00e8ces lavables au lave-vaisselle<\/li>\n<li>Fonction de maintien au chaud<\/li>\n<li>Facile \u00e0 nettoyer<\/li>\n<li>Pieds antid\u00e9rapants<\/li>\n<li>Longueur du cordon d\u2019alimentation : 1 m<\/li>\n<\/ul>\n","protected":false},"excerpt":{"rendered":"<p>Offrez \u00e0 vos amis ou votre famille des fruits frais, des biscuits ou des guimauves dans une d\u00e9licieuse couche de chocolat pr\u00e9par\u00e9 avec la fontaine au chocolat XL de la marque Royal Swiss. Cet appareil de cuisine a 3 niveaux et une hauteur de 32,5 cm. Cela vous permet de profiter d\u2019une g\u00e2terie festive avec [&hellip;]<\/p>\n","protected":false},"featured_media":188,"comment_status":"open","ping_status":"closed","template":"","meta":[],"product_brand":[],"product_cat":[23],"product_tag":[],"class_list":{"0":"post-187","1":"product","2":"type-product","3":"status-publish","4":"has-post-thumbnail","6":"product_cat-ustensiles-cuisine","8":"first","9":"instock","10":"shipping-taxable","11":"purchasable","12":"product-type-simple"},"jetpack_sharing_enabled":true,"_links":{"self":[{"href":"https:\/\/www.bintoufaitout.com\/index.php\/wp-json\/wp\/v2\/product\/187","targetHints":{"allow":["GET"]}}],"collection":[{"href":"https:\/\/www.bintoufaitout.com\/index.php\/wp-json\/wp\/v2\/product"}],"about":[{"href":"https:\/\/www.bintoufaitout.com\/index.php\/wp-json\/wp\/v2\/types\/product"}],"replies":[{"embeddable":true,"href":"https:\/\/www.bintoufaitout.com\/index.php\/wp-json\/wp\/v2\/comments?post=187"}],"wp:featuredmedia":[{"embeddable":true,"href":"https:\/\/www.bintoufaitout.com\/index.php\/wp-json\/wp\/v2\/media\/188"}],"wp:attachment":[{"href":"https:\/\/www.bintoufaitout.com\/index.php\/wp-json\/wp\/v2\/media?parent=187"}],"wp:term":[{"taxonomy":"product_brand","embeddable":true,"href":"https:\/\/www.bintoufaitout.com\/index.php\/wp-json\/wp\/v2\/product_brand?post=187"},{"taxonomy":"product_cat","embeddable":true,"href":"https:\/\/www.bintoufaitout.com\/index.php\/wp-json\/wp\/v2\/product_cat?post=187"},{"taxonomy":"product_tag","embeddable":true,"href":"https:\/\/www.bintoufaitout.com\/index.php\/wp-json\/wp\/v2\/product_tag?post=187"}],"curies":[{"name":"wp","href":"https:\/\/api.w.org\/{rel}","templated":true}]}}