{"id":1870,"date":"2025-04-30T22:44:36","date_gmt":"2025-04-30T20:44:36","guid":{"rendered":"https:\/\/www.bintoufaitout.com\/index.php\/produit\/lot-3-poeles-manche-detachable\/"},"modified":"2025-09-27T12:01:24","modified_gmt":"2025-09-27T10:01:24","slug":"lot-3-poeles-manche-detachable","status":"publish","type":"product","link":"https:\/\/www.bintoufaitout.com\/index.php\/produit\/lot-3-poeles-manche-detachable\/","title":{"rendered":"Lot 3 po\u00eales manche d\u00e9tachable"},"content":{"rendered":"<p style=\"margin-top: 0px;margin-bottom: 5px;font-family: Jakarta;font-size: 14px;font-style: normal;font-weight: 400;letter-spacing: normal;text-align: justify;text-indent: 0px;text-transform: none;text-decoration: none\"><strong style=\"font-weight: 800\">Lot de 3 Po\u00eales Avec Poign\u00e9e \u00ab\u00a0Pierre\u00a0\u00bb  Noir<\/strong><\/p>\n<p style=\"margin-top: 0px;margin-bottom: 5px;font-family: Jakarta;font-size: 14px;font-style: normal;font-weight: 400;letter-spacing: normal;text-align: justify;text-indent: 0px;text-transform: none;text-decoration: none\">Ce Lot de 3 Po\u00eales Avec Poign\u00e9e \u00ab\u00a0Pierre\u00a0\u00bb Noir, offrant 3 tailles diff\u00e9rentes, est \u00e0 la fois pratique et utile dans votre cuisine. Fournie avec une poign\u00e9e amovible clipsable, ces po\u00eales facilitent le rangement et offrent une polyvalence maximale.<\/p>\n<p style=\"margin-top: 0px;margin-bottom: 5px;font-family: Jakarta;font-size: 14px;font-style: normal;font-weight: 400;letter-spacing: normal;text-align: justify;text-indent: 0px;text-transform: none;text-decoration: none\">Le rev\u00eatement antiadh\u00e9sif permet une cuisson sans mati\u00e8re grasse, assurant des r\u00e9sultats d\u00e9licieux. La diffusion homog\u00e8ne de la chaleur garantit une cuisson pr\u00e9cise, m\u00eame au four. De plus, leur conception compacte offre un gain de place, les rendant id\u00e9ales pour les cuisines de toutes tailles. Faciles \u00e0 nettoyer et compatibles avec le lave-vaisselle, ces po\u00eales simplifient votre exp\u00e9rience culinaire !<\/p>\n<p style=\"margin-top: 0px;margin-bottom: 5px;font-family: Jakarta;font-size: 14px;font-style: normal;font-weight: 400;letter-spacing: normal;text-align: justify;text-indent: 0px;text-transform: none;text-decoration: none\"><strong style=\"font-weight: 800\">Caract\u00e9ristiques <\/strong><\/p>\n<ul style=\"margin-top: 0px;margin-bottom: 1rem;padding-left: 25px;font-family: Jakarta;font-size: 14px;font-style: normal;font-weight: 400;letter-spacing: normal;text-align: justify;text-indent: 0px;text-transform: none;text-decoration: none\">\n<li>Taille 1 : D. 20 cm<\/li>\n<li>Taille 2 : D. 24 cm<\/li>\n<li>Taille 3 : D. 28 cm<\/li>\n<li><strong style=\"font-weight: 800\">Sp\u00e9cificit\u00e9s :<\/strong><\/li>\n<li>Pratique &amp; Utile<\/li>\n<li>Lot de 3 po\u00eales<\/li>\n<li>Avec 1 poign\u00e9e amovible<\/li>\n<li>Rev\u00eatement antiadh\u00e9sif<\/li>\n<li>Cuisson sans mati\u00e8re grasse<\/li>\n<li>Diffusion homog\u00e8ne de la chaleur<\/li>\n<li>Cuissons au four<\/li>\n<li>Gain de place<\/li>\n<li>Facile \u00e0 nettoyer<\/li>\n<li><strong style=\"font-weight: 800\">Compatible :<\/strong><span class=\"Apple-converted-space\">&nbsp;<\/span>Lave-vaisselle<\/li>\n<li><strong style=\"font-weight: 800\">Coloris :<\/strong><span class=\"Apple-converted-space\">&nbsp;<\/span>Noir<\/li>\n<\/ul>\n","protected":false},"excerpt":{"rendered":"<p>Lot de 3 Po\u00eales Avec Poign\u00e9e \u00ab\u00a0Pierre\u00a0\u00bb Noir Ce Lot de 3 Po\u00eales Avec Poign\u00e9e \u00ab\u00a0Pierre\u00a0\u00bb Noir, offrant 3 tailles diff\u00e9rentes, est \u00e0 la fois pratique et utile dans votre cuisine. Fournie avec une poign\u00e9e amovible clipsable, ces po\u00eales facilitent le rangement et offrent une polyvalence maximale. Le rev\u00eatement antiadh\u00e9sif permet une cuisson sans mati\u00e8re [&hellip;]<\/p>\n","protected":false},"featured_media":1868,"comment_status":"open","ping_status":"closed","template":"","meta":[],"product_brand":[],"product_cat":[58],"product_tag":[],"class_list":{"0":"post-1870","1":"product","2":"type-product","3":"status-publish","4":"has-post-thumbnail","6":"product_cat-linges-de-lit","8":"first","9":"outofstock","10":"sale","11":"shipping-taxable","12":"purchasable","13":"product-type-simple"},"jetpack_sharing_enabled":true,"_links":{"self":[{"href":"https:\/\/www.bintoufaitout.com\/index.php\/wp-json\/wp\/v2\/product\/1870","targetHints":{"allow":["GET"]}}],"collection":[{"href":"https:\/\/www.bintoufaitout.com\/index.php\/wp-json\/wp\/v2\/product"}],"about":[{"href":"https:\/\/www.bintoufaitout.com\/index.php\/wp-json\/wp\/v2\/types\/product"}],"replies":[{"embeddable":true,"href":"https:\/\/www.bintoufaitout.com\/index.php\/wp-json\/wp\/v2\/comments?post=1870"}],"wp:featuredmedia":[{"embeddable":true,"href":"https:\/\/www.bintoufaitout.com\/index.php\/wp-json\/wp\/v2\/media\/1868"}],"wp:attachment":[{"href":"https:\/\/www.bintoufaitout.com\/index.php\/wp-json\/wp\/v2\/media?parent=1870"}],"wp:term":[{"taxonomy":"product_brand","embeddable":true,"href":"https:\/\/www.bintoufaitout.com\/index.php\/wp-json\/wp\/v2\/product_brand?post=1870"},{"taxonomy":"product_cat","embeddable":true,"href":"https:\/\/www.bintoufaitout.com\/index.php\/wp-json\/wp\/v2\/product_cat?post=1870"},{"taxonomy":"product_tag","embeddable":true,"href":"https:\/\/www.bintoufaitout.com\/index.php\/wp-json\/wp\/v2\/product_tag?post=1870"}],"curies":[{"name":"wp","href":"https:\/\/api.w.org\/{rel}","templated":true}]}}