{"id":189,"date":"2023-03-10T22:41:50","date_gmt":"2023-03-10T21:41:50","guid":{"rendered":"http:\/\/www.bintoufaitout.com\/?post_type=product&#038;p=189"},"modified":"2024-07-06T19:28:44","modified_gmt":"2024-07-06T17:28:44","slug":"centrifugeuse-4-en-1","status":"publish","type":"product","link":"https:\/\/www.bintoufaitout.com\/index.php\/produit\/centrifugeuse-4-en-1\/","title":{"rendered":"Centrifugeuse 4 en 1"},"content":{"rendered":"<p>Extracteur (centrifugeuse) de jus de fruits et l\u00e9gumes + Blender + hachoir + moulin \u00e0 caf\u00e9.<br \/>\nqualit\u00e9 nutritive !<br \/>\nMettre le fruit entier, il n\u2019est pas n\u00e9cessaire de le couper<br \/>\nSimple et \u00e9l\u00e9gante<br \/>\nprotection anti surchauffe<\/p>\n<p>Marque ROYAL SWISS<\/p>\n<p>Presse-agrumes automatique professionnel dans un bo\u00eetier en inox de haute qualit\u00e9<br \/>\nJus de fruits et de l\u00e9gumes pr\u00e9par\u00e9s rapidement et fra\u00eechement<br \/>\nRiche en min\u00e9raux essentiels pour le bien-\u00eatre, la forme physique et la sant\u00e9<br \/>\n30% plus de jus et de vitamines<br \/>\nBec de remplissage extra large (75 mm \u00d8)<br \/>\nExtrait le jus de pommes, carottes et autres fruits en quelques secondes sans avoir \u00e0 les hacher<br \/>\nMoteur puissant de 900 watts max.<br \/>\nR\u00e9cipient \u00e0 p\u00e2te \u00e0 grand volume (capacit\u00e9 d\u2019environ 2,0 litres)<br \/>\nBec verseur en acier inoxydable ouvert<br \/>\nBec verseur anti-gouttes flexible \u2013 sans \u00e9claboussures ni essuyage<br \/>\n2 r\u00e9glages de vitesse (0-1-2)<br \/>\nSerrure avec interrupteur de s\u00e9curit\u00e9<br \/>\nTamis en acier inoxydable pour les meilleurs jus<br \/>\nPeut \u00eatre compl\u00e8tement d\u00e9mont\u00e9 \u2013 nettoyage rapide et facile<br \/>\nHaute stabilit\u00e9<br \/>\nPuissance absorb\u00e9e: 900 W max.<\/p>\n","protected":false},"excerpt":{"rendered":"<p>Extracteur (centrifugeuse) de jus de fruits et l\u00e9gumes + Blender + hachoir + moulin \u00e0 caf\u00e9. qualit\u00e9 nutritive ! Mettre le fruit entier, il n\u2019est pas n\u00e9cessaire de le couper Simple et \u00e9l\u00e9gante protection anti surchauffe Marque ROYAL SWISS Presse-agrumes automatique professionnel dans un bo\u00eetier en inox de haute qualit\u00e9 Jus de fruits et de [&hellip;]<\/p>\n","protected":false},"featured_media":190,"comment_status":"open","ping_status":"closed","template":"","meta":[],"product_brand":[],"product_cat":[23],"product_tag":[],"class_list":{"0":"post-189","1":"product","2":"type-product","3":"status-publish","4":"has-post-thumbnail","6":"product_cat-ustensiles-cuisine","8":"first","9":"instock","10":"shipping-taxable","11":"purchasable","12":"product-type-simple"},"jetpack_sharing_enabled":true,"_links":{"self":[{"href":"https:\/\/www.bintoufaitout.com\/index.php\/wp-json\/wp\/v2\/product\/189","targetHints":{"allow":["GET"]}}],"collection":[{"href":"https:\/\/www.bintoufaitout.com\/index.php\/wp-json\/wp\/v2\/product"}],"about":[{"href":"https:\/\/www.bintoufaitout.com\/index.php\/wp-json\/wp\/v2\/types\/product"}],"replies":[{"embeddable":true,"href":"https:\/\/www.bintoufaitout.com\/index.php\/wp-json\/wp\/v2\/comments?post=189"}],"wp:featuredmedia":[{"embeddable":true,"href":"https:\/\/www.bintoufaitout.com\/index.php\/wp-json\/wp\/v2\/media\/190"}],"wp:attachment":[{"href":"https:\/\/www.bintoufaitout.com\/index.php\/wp-json\/wp\/v2\/media?parent=189"}],"wp:term":[{"taxonomy":"product_brand","embeddable":true,"href":"https:\/\/www.bintoufaitout.com\/index.php\/wp-json\/wp\/v2\/product_brand?post=189"},{"taxonomy":"product_cat","embeddable":true,"href":"https:\/\/www.bintoufaitout.com\/index.php\/wp-json\/wp\/v2\/product_cat?post=189"},{"taxonomy":"product_tag","embeddable":true,"href":"https:\/\/www.bintoufaitout.com\/index.php\/wp-json\/wp\/v2\/product_tag?post=189"}],"curies":[{"name":"wp","href":"https:\/\/api.w.org\/{rel}","templated":true}]}}